{"id":9417,"date":"2021-03-06T14:27:33","date_gmt":"2021-03-06T14:27:33","guid":{"rendered":"http:\/\/new.tab.si\/?page_id=9417"},"modified":"2021-03-06T14:30:40","modified_gmt":"2021-03-06T14:30:40","slug":"servisi","status":"publish","type":"page","link":"https:\/\/www.tab.si\/sl\/servisi\/","title":{"rendered":"SERVISI"},"content":{"rendered":"\n<p>AJDOV\u0160\u010cINA<br>Avtoelektrika Bo\u017ei\u010d d.o.o., Lokav\u0161ka cesta 11, 5270 Ajdov\u0161\u010dina, Tel.: 040 437 903<\/p>\n\n\n\n<p><br>BOVEC<br>Avtoservis \u017dgajnar, \u017dgajnar Aleksander s.p., Mala vas 96, 5230 Bovec, Tel.: 05 38 86 595, 041 781 269<\/p>\n\n\n\n<p><br>CANKOVA<br>Avtoservis Ficko, Ficko Simon s.p., Cankova 53\/d, 9261 Cankova, Tel.: 02 54 09 078, 031 479 554<\/p>\n\n\n\n<p><br>CELJE<br>AMZS d.d., PE Celje, Ljubljanska cesta 35, 3000 Celje, Tel.: 03 42 56 568<\/p>\n\n\n\n<p><br>CERKNICA<br>Avtoservis Vidrih d.o.o., Cesta 4. maja 10,1380 Cerknica, Tel.: 01 70 93 553, 031 730 630<\/p>\n\n\n\n<p><br>\u010cRNOMELJ<br>Avto Igla d.o.o., Andrej \u0160pehar, Belokranjska cesta 20a, 8340 \u010crnomelj, Tel.: 07 62 01 500, 070 556 755<br><\/p>\n\n\n\n<p>DOBROVO<br>Patriks d.o.o., Zadru\u017ena cesta 15, 5212 Dobrovo v Brdih, Tel.: 05 33 08 740, 041 645 288<\/p>\n\n\n\n<p><br>DRAVOGRAD<br>AMZS d.d., PE Dravograd, Mariborska cesta 60, 2370 Dravograd, Tel.: 02 87 20 433<\/p>\n\n\n\n<p><br>GLOBOKO<br>AES, Avto in elektro storitve, David \u017divi\u010d s.p., Mali vrh 16a, 8254 Globoko, Tel.: 07 49 56 244, 031 426 362<\/p>\n\n\n\n<p><br>GRADAC<br>Avtoelektrika Koplan, Koplan Slavko s.p., Klo\u0161ter 1, 8332 Gradac, Tel.: 07 30 69 408, 040 621 780<\/p>\n\n\n\n<p><br>GROBELNO<br>Servis Hrovat d.o.o., Bodri\u0161na vas 13, 3231 Grobelno, Tel.: 03 74 84 050, 041 763 548<br><\/p>\n\n\n\n<p>GROSUPLJE<br>Avtoelektrika Andol\u0161ek, Andol\u0161ek Viljem s.p., Cesta Toneta Kralja 8, 1290 Grosuplje, Tel.: 041 750 855<\/p>\n\n\n\n<p><br>IDRIJA<br>PaBu, Avtovleka in popravila na terenu, Polanc Bojan s.p., Arkova ulica 12, 5280 Idrija Tel.: 041 631 867<\/p>\n\n\n\n<p><br>ILIRSKA BISTRICA<br>Trgovina Demetra, Primc Aleksander s.p., Gregor\u010di\u010deva cesta 21\/a, 6250 Ilirska Bistrica,<br>Tel.: 05 71 44 333, 041 523 889<\/p>\n\n\n\n<p><br>IZOLA<br>Elia, Kosti\u010d Borislav s.p., Polje 9\/e, 6310 Izola, Tel.: 05 64 17 152, 041 873 818<\/p>\n\n\n\n<p><br>JESENICE<br>Turbo Hit, Petra Ber\u010di\u010d s.p., Cesta \u017eelezarjev 8, 4270 Jesenice, Tel.: 04 58 41 868<\/p>\n\n\n\n<p><br>KISOVEC<br>ASR d.o.o., Jev\u0161nikova ulica 25\/a, 1412 Kisovec, Tel.: 03 56 72 100, 041 328 278<\/p>\n\n\n\n<p><br>KRI\u017dEVCI PRI LJUTUMERU<br>Kovoprom d.o.o., Ilija\u0161evci 6\/a, 9242 Kri\u017eevci pri Ljutumeru, Tel.: 02 58 88 194, 041 744 810<\/p>\n\n\n\n<p><br>LES<br>Avto Mony d.o.o., Alpska cesta 43, 4248 Lesce, Tel.: 04 53 53 800, 041 633 480<br><\/p>\n\n\n\n<p>LITIJA<br>Avtoservis Kastelic, Kastelic Dejan s.p., Brodarska ulica 15, 1270 Litija, Tel.: 01 899 50 70, 041 521 764<\/p>\n\n\n\n<p><br>LJUBLJANA<br>Top Start d.o.o., PE \u0160i\u0161ka, Celov\u0161ka 134\/a, 1000 Ljubljana, Tel.: 01 51 41 156, 051 855 111<br>Top Start d.o.o., PE Rudnik, Cvetkova ulica 1, 1000 Ljubljana, Tel.: 01 514 11 58, 051 855 111<br>Grajzar akumulatorstvo d.o.o., Lesko\u0161kova 12, 1000 Ljubljana, Tel.: 01 52 40 366, 041 853 849<\/p>\n\n\n\n<p>Predstavni\u0161tvo TAB d.d., Ulica Jo\u017eeta Jame 14, 1000 Ljubljana, Tel.: 01 51 87 242, 051 335 206<br>Avtoelektrika Kogov\u0161ek, Kogov\u0161ek Damjan s.p., Vodnikova 276, 1000 Ljubljana, Tel.: 01 51 08 550, 031 666 900<\/p>\n\n\n\n<p><br>LJUTOMER<br>Avtomaterial d.o.o., Pre\u0161ernova ulica 25, 9240 Ljutomer, Tel.: 02 58 31 210, 041 649 403<\/p>\n\n\n\n<p><br>MARIBOR<br>Predstavni\u0161tvo TAB d.d., Koro\u0161ka cesta 49, 2000 Maribor, Tel.: 02 25 01 160, 051 362 276<\/p>\n\n\n\n<p><br>ME\u017dICA<br>Avtocenter Mlinar, Mlinar Andrej s.p., Mariborska cesta 9, 2392 Me\u017eica, Tel.: 02 82 15 705, 041 976 135<br><\/p>\n\n\n\n<p>MURSKA SOBOTA<br>Avtobusni promet Murska Sobota d.d., Bakovska 29\/a, 9000 Murska Sobota, Tel.: 051 364 155<br>Avtohi\u0161a Me\u0161ko d.o.o., Ti\u0161inska cesta 29\/f, 9000 Murska Sobota, Tel.: 02 53 00 352, 051 602 442<\/p>\n\n\n\n<p><br>NAKLO<br>Avtoelektrika Colnari\u010d, Colnari\u010d Drago s.p., Podbrezje 41, 4202 Naklo, Tel.: 04 53 06 750, 041 350 567<\/p>\n\n\n\n<p><br>NOVA CERKEV<br>Vzdr\u017eevanje in popravila motornih vozil Drev, Drev Silvester s.p., Nova Cerkev 59, 3203 Nova Cerkev, Tel.: 051<br>322 325<\/p>\n\n\n\n<p><br>NOVA GORICA<br>Avto elektro-mehanika Toma\u017ei\u010d, Toma\u017ei\u010d Matja\u017e s.p., Industrijska cesta 5, 5000 Nova Gorica, Tel.: 05 33 30 066<\/p>\n\n\n\n<p><br>NOVO MESTO<br>Tabakum Export-Import d.o.o., Podbev\u0161kova ulica 5, 8000 Novo mesto, Tel.: 07 39 30 660, 041 787 476<\/p>\n\n\n\n<p><br>POD\u010cETRTEK<br>Avtoelektrika Ul\u010dnik, Ul\u010dnik Marjan s.p., Imeno 41, 3254 Pod\u010detrtek, Tel.: 03 81 09 213, 041 731 829<br><\/p>\n\n\n\n<p>POSTOJNA<br>Avtoelektrika Bajc, Bajc Grega s.p., Tr\u017ea\u0161ka cesta 64, 6230 Postojna, Tel.: 05 72 64 668, 041 654 192<br><\/p>\n\n\n\n<p>RE\u010cICA OB SAVINJI<br>Cestni tovorni promet Lo\u010dan, Lo\u010dan Ivan s.p. (zunanji serviser), Spodnja Re\u010dica 13, 3332 Re\u010dica ob Savinji,<br>Tel.: 070 890 866<\/p>\n\n\n\n<p><br>RIBNICA<br>Avtoelektrika \u010ce\u0161arek, \u010ce\u0161arek Franc s.p., Nem\u0161ka vas 41\/a, 1310 Ribnica, Tel.: 01 83 69 797, 041 387 977<\/p>\n\n\n\n<p><br>SE\u017dANA<br>Agropreskrba d.o.o., Partizanska cesta 70, 6210 Se\u017eana, Tel.: 05 73 12 000, 041 707 054<\/p>\n\n\n\n<p><br>SLOVENJ GRADEC<br>Port, \u0160tumpfl Zdravko s.p., Troblje 1\/a, 2380 Slovenj Gradec, Tel.: 02 88 42 942, 031 602 336<\/p>\n\n\n\n<p><br>SLOVENSKE KONJICE<br>Avtovleka Kuk d.o.o., Oplotni\u0161ka cesta 2, 3210 Slovenske Konjice, Tel.: 041 755 500<br><\/p>\n\n\n\n<p>SPODNJI VELOVLEK<br>Avtomehanika Zagor\u0161ek, Zagor\u0161ek Janez s.p., Spodnji Velovlek 30\/b, 2250 Ptuj, Tel.: 02 75 58 821, 041 599 008<\/p>\n\n\n\n<p><br>\u0160EMPETER PRI GORICI<br>Avtovleka in popravila Koren, Koren Jan s.p., \u017dnidar\u010di\u010deva ulica 23a, 5290 \u0160empeter pri Gorici, Tel.: 040 382 775<\/p>\n\n\n\n<p><br>\u0160ENTJUR<br>Avtoelektrika Tojnko, Tonjko Ivan s.p., Ljubljanska cesta 33, 3230 \u0160entjur, Tel.: 03 74 92 920, 041 771 157<\/p>\n\n\n\n<p><br>\u0160KOFJA LOKA<br>Avtoelektrika AFG d.o.o., Fu\u017einska ulica 8, 4220 \u0160kofja Loka, Tel.: 04 51 55 870, 040 202 797<\/p>\n\n\n\n<p><br>\u0160MARJE PRI JEL\u0160AH<br>Fenik d.o.o., Rimska cesta 11, 3240 \u0160marje pri Jel\u0161ah, Tel.: 03 81 71 800, 031 360 500<\/p>\n\n\n\n<p><br>TOLMIN<br>Avtoelektrika Pagon, Pagon Vinko s.p., Na hribih 12, 5220 Tolmin, Tel.: 3882447, 041 261 075<\/p>\n\n\n\n<p><br>TREBNJE<br>KZ Trebnje d.o.o., Stari trg 2, 8210 Trebnje, Tel.: 07 34 81 503<\/p>\n\n\n\n<p><br>VELENJE<br>Avto dom IN d.o.o., Kru\u0161nik Slavko s.p., Cesta talcev 28, 3320 Velenje, Tel.: 03 89 82 612, 051 646 447<\/p>\n\n\n\n<p><br>VIPAVA<br>Avtoelektrika Ukmar, Ukmar Igor s.p., Gradi\u0161ka cesta 3, 5271 Vipava, Tel.: 05 36 87 010, 041 619 759<\/p>\n\n\n\n<p><br>VODICE<br>PVT d.o.o., Kamni\u0161ka cesta 65, 1217 Vodice, Tel.: 01 83 32 146, 040 306 652<\/p>\n\n\n\n<p><br>VRHNIKA<br>Avtoelektrika Tr\u010dek, Tr\u010dek Robert s.p., Ob Izviru 9, 1360 Vrhnika, Tel.: 01 75 52 234, 041 576 880<\/p>\n\n\n\n<p><br>\u017dERJAV<br>Peca Commerce d.o.o., \u017derjav 3, 2393 \u010crna na Koro\u0161kem, Tel.: 02 87 02 440, 041 906 690<\/p>\n","protected":false},"excerpt":{"rendered":"<p>AJDOV\u0160\u010cINAAvtoelektrika Bo\u017ei\u010d d.o.o., Lokav\u0161ka cesta 11, 5270 Ajdov\u0161\u010dina, Tel.: 040 437 903 BOVECAvtoservis \u017dgajnar, \u017dgajnar Aleksander s.p., Mala vas 96, 5230 Bovec, Tel.: 05 38 86 595, 041 781 269 CANKOVAAvtoservis Ficko, Ficko Simon s.p., Cankova 53\/d, 9261 Cankova, Tel.: 02 54 09 078, 031 479 554 CELJEAMZS d.d., PE Celje, Ljubljanska cesta 35, 3000 [&hellip;]<\/p>\n","protected":false},"author":1,"featured_media":0,"parent":0,"menu_order":0,"comment_status":"closed","ping_status":"closed","template":"","meta":{"footnotes":""},"_links":{"self":[{"href":"https:\/\/www.tab.si\/sl\/wp-json\/wp\/v2\/pages\/9417"}],"collection":[{"href":"https:\/\/www.tab.si\/sl\/wp-json\/wp\/v2\/pages"}],"about":[{"href":"https:\/\/www.tab.si\/sl\/wp-json\/wp\/v2\/types\/page"}],"author":[{"embeddable":true,"href":"https:\/\/www.tab.si\/sl\/wp-json\/wp\/v2\/users\/1"}],"replies":[{"embeddable":true,"href":"https:\/\/www.tab.si\/sl\/wp-json\/wp\/v2\/comments?post=9417"}],"version-history":[{"count":2,"href":"https:\/\/www.tab.si\/sl\/wp-json\/wp\/v2\/pages\/9417\/revisions"}],"predecessor-version":[{"id":9420,"href":"https:\/\/www.tab.si\/sl\/wp-json\/wp\/v2\/pages\/9417\/revisions\/9420"}],"wp:attachment":[{"href":"https:\/\/www.tab.si\/sl\/wp-json\/wp\/v2\/media?parent=9417"}],"curies":[{"name":"wp","href":"https:\/\/api.w.org\/{rel}","templated":true}]}}