{"id":9375,"date":"2021-03-05T15:16:19","date_gmt":"2021-03-05T15:16:19","guid":{"rendered":"http:\/\/new.tab.si\/tab-group-code-of-conduct\/"},"modified":"2021-03-24T12:40:35","modified_gmt":"2021-03-24T12:40:35","slug":"tab-group-code-of-conduct","status":"publish","type":"page","link":"https:\/\/www.tab.si\/sl\/tab-group-code-of-conduct\/","title":{"rendered":"KODEKS RAVNANJA V SKUPINI TAB"},"content":{"rendered":"<p>[vc_row][vc_column][block_title style=&#8221;column_title&#8221; inner_style=&#8221;inline_border&#8221; title=&#8221;NAGOVOR VODSTVA&#8221;][\/block_title][vc_column_text]<\/p>\n<div style=\"text-align: justify;\">\n<p>Kodeks ravnanja slu\u017ei kot podlaga za odgovorno in eti\u010dno ravnanje, ki se pri\u010dakuje od zaposlenih pri opravljanju dela. S tem se spodbuja po\u0161tenost, dru\u017ebena odgovornost, trajnostni razvoj ter nenehno izbolj\u0161evanje uspe\u0161nosti svoje proizvodne in dobavne zmogljivosti po vsem svetu.<\/p>\n<p>Na\u010dela iz tega kodeksa veljajo neposredno za celotno dru\u017ebo TAB, njena h\u010derinska podjetja in s tem za se zaposlene. Poleg tega se od vodstev podjetij pri\u010dakuje, da bodo aktivno spodbujala uporabo na\u010del Kodeksa v celotni dobavni verigi.<\/p>\n<p>Upo\u0161tevanje na\u010del na\u0161ega skupnega Kodeksa ravnanja prispeva k oblikovanju dobrega vzdu\u0161ja med zaposlenimi ter poslovnimi in drugimi partnerji. Tako tradicijo nadaljujemo s svojo vizijo, trajno rastjo, dru\u017ebeno odgovornostjo in ravnanjem po skupnih eti\u010dnih na\u010delih. S tem uresni\u010dujemo svoje poslanstvo trajnostnega razvoja skupine TAB.<\/p>\n<\/div>\n<p>[\/vc_column_text][block_title style=&#8221;column_title&#8221; inner_style=&#8221;inline_border&#8221; title=&#8221;KODEKS RAVNANJA VELJA ZA VSE ZAPOSLENE&#8221;][\/block_title][vc_column_text]<\/p>\n<div style=\"text-align: justify;\">\n<p>Upo\u0161tevanje na\u010del in smernic Kodeksa ravnanja je moralna obveznost in poklicna dol\u017enost vseh zaposlenih v skupini TAB. Kodeks velja za vse lokacije in enote v skupini TAB.<\/p>\n<p>Vsi vodje in direktorji so odgovorni za posredovanje vsebine ter uveljavljanje kodeksa v svojih organizacijah. Skupina TAB od dobaviteljev, kupcev, podizvajalcev in drugih poslovnih partnerjev zahteva, da ta na\u010dela sprejmejo in jih upo\u0161tevajo, vodstva podjetij pa v roku enega leta od podpisa kodeksa poskrbijo za sistem pridobivanja dokazil o navedenem.<\/p>\n<\/div>\n<p>[\/vc_column_text][block_title style=&#8221;column_title&#8221; inner_style=&#8221;inline_border&#8221; title=&#8221;NA\u0160A POSLOVNA NA\u010cELA&#8221;][\/block_title][vc_column_text]<\/p>\n<div style=\"text-align: justify;\">\n<p>Vsi \u010dlani skupine TAB morajo slediti in upo\u0161tevati veljavno zakonodajo ter predpise dr\u017eave, v kateri delujejo in poslujejo. Kodeks ravnanja postavlja najni\u017ejo raven odobrenega ravnanja. V primeru stro\u017ejih krajevnih zakonov ti prevladajo nad kodeksom. Upo\u0161tevanje zakonov in predpisov se pri\u010dakuje tudi od dobaviteljev podjetij v skupini TAB.<\/p>\n<h3><strong>Korupcija in podkupovanje:<\/strong><\/h3>\n<p>Vsaka oblika korupcije ali podkupovanja je prepovedana, kar velja tako za aktivno kot tudi za\u00a0 pasivno podkupovanje.<\/p>\n<h3><strong>Prisilno delo:<\/strong><\/h3>\n<p>Prisilnega dela, ki od posameznika zahteva opravljanje dela, za katerega se ta ni prostovoljno odlo\u010dil, pod gro\u017enjo kakr\u0161nekoli kazni ali sankcije, se ne sme podpirati v kakr\u0161ni koli obliki. To vklju\u010duje prisilno delo v zaporih, obvezno delo ali kakr\u0161no koli drugo obliko prisilnega dela..<\/p>\n<h3><strong>Otro\u0161ko delo:<\/strong><\/h3>\n<p>Podjetje ne sme zaposlovati ali izrabljati otrok. Tudi \u010de lokalna zakonodaja dolo\u010di vi\u0161je starostne meje, zaposlena oseba ne sme biti mlaj\u0161a od starosti, dolo\u010dene za dokon\u010danje obveznega izobra\u017eevanja. Delavci, mlaj\u0161i od 18 let, ne smejo opravljati nevarnih del in so lahko omejeni na no\u010dno delo, upo\u0161tevajo se tudi izobra\u017eevalne potrebe.<\/p>\n<h3><strong>Od\u0161kodnina:<\/strong><\/h3>\n<p>Pla\u010de, vklju\u010dno z nadurami in dajatvami, bodo enake ali vi\u0161je ravni, kot jo zahteva veljavna zakonodaja in predpisi.<\/p>\n<h3><strong>Nadlegovanje:<\/strong><\/h3>\n<p>Zaposleni ne smejo biti fizi\u010dno, spolno, psiholo\u0161ko ali verbalno nadlegovani in\/ali zlorabljeni. Med drugim med nadlegovanje sodi tudi:<\/p>\n<ul>\n<li>pretirana delovna obremenitev<\/li>\n<li>\u0161irjenje govoric<\/li>\n<li>zadr\u017eevanje informacij, povezanih z delom<\/li>\n<li>odvzem odgovornosti na klju\u010dnih podro\u010djih<\/li>\n<li>\u017ealjenje in neprijetno komentiranje osebnosti<\/li>\n<li>poni\u017eevanje oz. posmehovanje, povezano z delom<\/li>\n<li>neupo\u0161tevanje mnenj oziroma pogledov posameznika<\/li>\n<\/ul>\n<h3><strong>Delovni \u010das:<\/strong><\/h3>\n<p>Podjetje mora spo\u0161tovati nacionalne predpise glede delovnega \u010dasa, od zaposlenih se ne sme zahtevati rednega dela ve\u010d kot 48 ur na teden ali skupnega delovnega tedna ve\u010d kot 56 ur (vklju\u010dno z nadurami), razen v izrednih poslovnih okoli\u0161\u010dinah. Zaposlenim se zagotovi najmanj dva prosta dneva v tednu, razen v izrednih poslovnih okoli\u0161\u010dinah.<\/p>\n<h3><strong>Diskriminacija:<\/strong><\/h3>\n<p>Vse zaposlene je treba v vseh odlo\u010ditvah o zaposlitvi obravnavati strogo v skladu z njegovimi sposobnostmi in kvalifikacijami, vklju\u010dno z najemom, napredovanjem, nadomestilom, ugodnostmi, usposabljanjem, odpu\u0161\u010danjem in odpovedmi.<\/p>\n<h3><strong>Varnost in zdravje:<\/strong><\/h3>\n<p>Vsa podjetja v okviru poslovanja skupine morajo zagotoviti varno in zdravo delovno okolje za prepre\u010devanje nesre\u010d in po\u0161kodb ter, kadar je to primerno, tudi varne in zdrave stanovanjske objekte, najmanj z veljavno lokalno zakonodajo.<\/p>\n<h3><strong>Pravica do zdru\u017eevanja in kolektivnega pogajanja:<\/strong><\/h3>\n<p>Delodajalci morajo spo\u0161tovati zakonsko pravico zaposlenih do svobode zdru\u017eevanja in kolektivnega pogajanja.<\/p>\n<h3><strong>Okolje:<\/strong><\/h3>\n<p>Podjetja bodo upo\u0161tevala okoljske predpise in standarde, ki veljajo za njihovo poslovanje, in spo\u0161tovala okoljske prakse na vseh lokacijah, kjer delujejo. Skrb za naravno okolje je priznana tudi s certifikatom ISO 14001.<\/p>\n<\/div>\n<p>[\/vc_column_text][block_title style=&#8221;column_title&#8221; inner_style=&#8221;inline_border&#8221; title=&#8221;OBVE\u0160\u010cANJE O KR\u0160ITVAH&#8221;][\/block_title][vc_column_text]<\/p>\n<div style=\"text-align:justify\">\n<p>Vsak zaposleni se je dol\u017ean vzdr\u017eati ravnanja, ki ni zakonito oziroma je v nasprotju z dolo\u010dili tega kodeksa. Prav tako mora zaposleni, ki opazi tak\u0161no ravnanje, to takoj prijaviti svojemu nadrejenemu ali pravni slu\u017ebi na e-naslov:: <a href=\"mailto:ales.horvatic@tab.si\">ales.horvatic@tab.si<\/a>, ali po navadni po\u0161ti na naslov : TAB d.d., Pravna slu\u017eba, Polena 6, 2392 Me\u017eica. Ko sporo\u010date domnevne kr\u0161itve, lahko svojo identiteto razkrijete ali ostanete anonimni. Sporo\u010danje v dobri veri nikakor ne bo vplivalo na va\u0161o zaposlitev.<\/p>\n<p>\u010ce potrebujete dodatna navodila ali razlago, se obrnite na svojega vodjo, predstavnika sveta delavcev ali pravno slu\u017ebo.<\/p><\/div>\n<p>[\/vc_column_text][\/vc_column][\/vc_row][vc_row][vc_column width=&#8221;2\/3&#8243;][vc_column_text]<\/p>\n<p style=\"text-align: left;\">TAB direktor:<br \/>\nmag.\u00a0<strong>Bogomir Auprih<\/strong><\/p>\n<p><img decoding=\"async\" src=\"http:\/\/new.tab.si\/wp-content\/uploads\/2021\/03\/podpis_Auprih.jpg\" width=\"100px\" \/><\/p>\n<p style=\"text-align: left;\">MPI-Recikla\u017ea direktor:<br \/>\n<strong>Viktor Fortin<\/strong><\/p>\n<p><img decoding=\"async\" src=\"http:\/\/new.tab.si\/wp-content\/uploads\/2021\/03\/podpis_Fortin.jpg\" width=\"100px\" \/><\/p>\n<p style=\"text-align: left;\">TAB-IPM direktor:<br \/>\n<strong>Igor Lipovnik<\/strong><\/p>\n<p><img decoding=\"async\" src=\"http:\/\/new.tab.si\/wp-content\/uploads\/2021\/03\/podpis_Lipovnik.jpg\" width=\"100px\" \/><\/p>\n<p>Me\u017eica, Januar 2021[\/vc_column_text][\/vc_column][vc_column width=&#8221;1\/3&#8243;][media animation=&#8221;none&#8221; image=&#8221;9698&#8243;][\/vc_column][\/vc_row][vc_row][vc_column][button title=&#8221;POGLEJ&#8221; link=&#8221;http:\/\/www.tab.si\/pdf\/razno\/Kodeks_ravnanja_v_Skupini_TAB.pdf&#8221; new_tab=&#8221;yes&#8221; icon=&#8221;moon-file-5&#8243;][\/vc_column][\/vc_row]<\/p>\n","protected":false},"excerpt":{"rendered":"<p>[vc_row][vc_column][block_title style=&#8221;column_title&#8221; inner_style=&#8221;inline_border&#8221; title=&#8221;NAGOVOR VODSTVA&#8221;][\/block_title][vc_column_text] Kodeks ravnanja slu\u017ei kot podlaga za odgovorno in eti\u010dno ravnanje, ki se pri\u010dakuje od zaposlenih pri opravljanju dela. S tem se spodbuja po\u0161tenost, dru\u017ebena odgovornost, trajnostni razvoj ter nenehno izbolj\u0161evanje uspe\u0161nosti svoje proizvodne in dobavne zmogljivosti po vsem svetu. Na\u010dela iz tega kodeksa veljajo neposredno za celotno dru\u017ebo TAB, njena [&hellip;]<\/p>\n","protected":false},"author":1,"featured_media":0,"parent":0,"menu_order":0,"comment_status":"closed","ping_status":"closed","template":"","meta":{"footnotes":""},"_links":{"self":[{"href":"https:\/\/www.tab.si\/sl\/wp-json\/wp\/v2\/pages\/9375"}],"collection":[{"href":"https:\/\/www.tab.si\/sl\/wp-json\/wp\/v2\/pages"}],"about":[{"href":"https:\/\/www.tab.si\/sl\/wp-json\/wp\/v2\/types\/page"}],"author":[{"embeddable":true,"href":"https:\/\/www.tab.si\/sl\/wp-json\/wp\/v2\/users\/1"}],"replies":[{"embeddable":true,"href":"https:\/\/www.tab.si\/sl\/wp-json\/wp\/v2\/comments?post=9375"}],"version-history":[{"count":3,"href":"https:\/\/www.tab.si\/sl\/wp-json\/wp\/v2\/pages\/9375\/revisions"}],"predecessor-version":[{"id":10474,"href":"https:\/\/www.tab.si\/sl\/wp-json\/wp\/v2\/pages\/9375\/revisions\/10474"}],"wp:attachment":[{"href":"https:\/\/www.tab.si\/sl\/wp-json\/wp\/v2\/media?parent=9375"}],"curies":[{"name":"wp","href":"https:\/\/api.w.org\/{rel}","templated":true}]}}