{"id":9364,"date":"2021-03-05T14:44:13","date_gmt":"2021-03-05T14:44:13","guid":{"rendered":"http:\/\/new.tab.si\/anti-bribery-and-corruption-policy\/"},"modified":"2021-03-24T12:36:13","modified_gmt":"2021-03-24T12:36:13","slug":"anti-bribery-and-corruption-policy","status":"publish","type":"page","link":"https:\/\/www.tab.si\/sl\/anti-bribery-and-corruption-policy\/","title":{"rendered":"POLITIKA PROTI PODKUPOVANJU SKUPINE TAB"},"content":{"rendered":"<p>[vc_row][vc_column][vc_column_text]<\/p>\n<div style=\"text-align: justify;\">\n<p>Podjetje se zavezuje, da bo izvajalo politiko proti podkupovanju, ki vklju\u010duje postopke, administrativne procese, usposabljanje, usmerjanje in nadzor. Bistvo te zaveze je, da podjetje zagotavlja zakonitost poslovanja, ki omogo\u010da, da je protikorupcijska politika podjetja dejansko sestavni del vsakodnevne prakse.<\/p>\n<p>Prepovedana je vsakr\u0161na oblika podkupovanja. Podkupovanje je neposredno ali posredno ponujanje, obljubljanje ali dajanje kakr\u0161nih koli neupravi\u010denih koristi<\/p>\n<ul>\n<li>javnemu uslu\u017ebencu,<\/li>\n<li>politi\u010dnemu kandidatu, politi\u010dni stranki ali strankarskemu funkcionarju ali<\/li>\n<li>kateremu koli zaposlenemu (vklju\u010dno z osebo, ki vodi ali dela za zasebno podjetje, ne glede na njeno funkcijo v podjetju) ter zahtevanje ali sprejemanje takih neupravi\u010denih koristi od navedenih oseb z namenom pridobitve, ohranitve ali vodenja posla ali zagotovitve katere koli druge nedopustne poslovne koristi. .<\/li>\n<\/ul>\n<p>Podjetje prepoveduje podkupovanje v vseh poslih, ki se izvajajo neposredno ali prek tretjih oseb, kar posebej vklju\u010duje odvisna podjetja, skupna podjetja, zastopnike, predstavnike, svetovalce, borzne posrednike, izvajalce, dobavitelje ali katere koli druge posrednike, ki so pod dejanskim nadzorom podjetja.<\/p>\n<p>Podjetje prepove podkupovanje v kakr\u0161ni koli obliki, med drugim v zvezi s katerim koli pogodbenim pla\u010dilom ali delom pogodbenega pla\u010dila, ali na kakr\u0161en koli na\u010din ali po katerih koli poteh, ki se uporabljajo za zagotavljanje nedopustnih koristi njegovim strankam, zastopnikom, izvajalcem, dobaviteljem ali zaposlenim.<\/p>\n<p>Sistem je vzpostavljen po mednarodnem standardu ISO 37001 o sistemih za prepre\u010devanja podkupovanja, ki podaja smernice za vzpostavljanje, uvajanje, vzdr\u017eevanje, pregledovanje in izbolj\u0161evanje sistema vodenja za prepre\u010devanje korupcije.<\/p>\n<\/div>\n<p>[\/vc_column_text][block_title style=&#8221;column_title&#8221; inner_style=&#8221;inline_border&#8221; title=&#8221;DOBRODELNI PRISPEVKI IN SPONZORSTVA&#8221;][\/block_title][vc_column_text]<\/p>\n<div style=\"text-align: justify;\">\n<p>Podjetje, njegovi zaposleni ali posredniki ne smejo kot pretvezo za podkupovanje dajati neposrednih ali posrednih prispevkov politi\u010dnim strankam, funkcionarjem politi\u010dnih strank, kandidatom za politi\u010dne funkcije, politi\u010dnim organizacijam ali posameznikom, ki se ukvarjajo s politiko.<\/p>\n<p>Vsi politi\u010dni prispevki morajo biti pregledni in dani samo v skladu z veljavno zakonodajo.<\/p>\n<p>Podjetje mora zagotoviti, da se dobrodelni prispevki in sponzorska sredstva ne uporabljajo kot pretveza za podkupovanje. Vsi dobrodelni prispevki in sponzorska sredstva morajo biti pregledna in dana v skladu z veljavno zakonodajo.<\/p>\n<\/div>\n<p>[\/vc_column_text][block_title style=&#8221;column_title&#8221; inner_style=&#8221;inline_border&#8221; title=&#8221;DARILA, GOSTOLJUBJE IN PLA\u010cILO STRO\u0160KOV&#8221;][\/block_title][vc_column_text]<\/p>\n<div style=\"text-align: justify;\">Podjetje prepoveduje ponujanje ali sprejemanje daril, gostoljubja ali pla\u010dila stro\u0161kov, kadar bi lahko to neprimerno vplivalo ali bi se lahko razumelo, da neprimerno vpliva, na rezultat nabavnega ali drugega posla ter kadar taki izdatki niso razumni in niso nastali v dobri veri.<\/div>\n<p>[\/vc_column_text][block_title style=&#8221;column_title&#8221; inner_style=&#8221;inline_border&#8221; title=&#8221;ORGANIZACIJA IN ODGOVORNOSTI&#8221;][\/block_title][vc_column_text]Uprava je odgovorna za nadziranje razvoja in izvajanja u\u010dinkovite politike proti podkupovanju. Uprava zagotavlja preverjanje u\u010dinkovitosti politike proti podkupovanju, ob odkritju pomanjkljivosti pa poskrbeti za sprejetje ustreznih popravljalnih ukrepov.[\/vc_column_text][block_title style=&#8221;column_title&#8221; inner_style=&#8221;inline_border&#8221; title=&#8221;POSLOVNI ODNOSI&#8221;][\/block_title][vc_column_text]<\/p>\n<div style=\"text-alig: justify;\">Podjetje mora politiko proti podkupovanju uporabljati pri poslovanju z odvisnimi podjetji, partnerji v skupnem podjetju, zastopniki, izvajalci in drugimi tretjimi osebami, s katerimi je v poslovnem razmerju.<\/div>\n<p>[\/vc_column_text][block_title style=&#8221;column_title&#8221; inner_style=&#8221;inline_border&#8221; title=&#8221;ODVISNA PODJETJA&#8221;][\/block_title][vc_column_text]<\/p>\n<div style=\"text-align: justify:;\">Politika proti podkupovanju je zasnovana tako, da se upo\u0161teva celotno podjetje, in se mora izvajati na ravni celotnega podjetja ter se v vseh bistvenih vidikih uporabljati tudi za odvisne subjekte, ki jih obvladuje podjetje.<\/div>\n<p>[\/vc_column_text][block_title style=&#8221;column_title&#8221; inner_style=&#8221;inline_border&#8221; title=&#8221;ZASTOPNIKI, SVETOVALCI IN DRUGI POSREDNIKI&#8221;][\/block_title][vc_column_text]<\/p>\n<div style=\"text-align: justify;\">\n<p>Podjetje mora pred imenovanjem zastopnika, svetovalca ali drugega posrednika opraviti skrbni pregled, \u010de to opravi\u010dujejo okoli\u0161\u010dine.<\/p>\n<p>Za vse sporazume z zastopniki, svetovalci in drugimi posredniki je treba pridobiti predhodno soglasje vi\u0161jega vodstva.<\/p>\n<p>Nadomestilo, ki se pla\u010da zastopnikom, svetovalcem in drugim posrednikom, mora biti primerno in upravi\u010deno pla\u010dilo za opravljene zakonite storitve ter se mora izpla\u010dati v dobri veri.<\/p>\n<p>Podjetje mora spremljati ravnanje svojih zastopnikov, svetovalcev in drugih posrednikov ter imeti pogodbeno pravico, da odpove pogodbo, kadar njihovo ravnanje ni v skladu s politiko proti podkupovanju.<\/p>\n<p>Podjetje mora svoje postopke nabave izvajati po\u0161teno in pregledno. Podjetje mora pri ocenjevanju izvajalcev, podizvajalcev in dobaviteljev po potrebi opraviti skrbni pregled, s katerim zagotovi, da imajo vzpostavljene u\u010dinkovite politike prepre\u010devanja podkupovanja.<\/p>\n<\/div>\n<p>[\/vc_column_text][block_title style=&#8221;column_title&#8221; inner_style=&#8221;inline_border&#8221; title=&#8221;NOTRANJE KONTROLE IN REVIZIJA&#8221;][\/block_title][vc_column_text]<\/p>\n<div style=\"text-align: justify;\">\n<p>Podjetje mora voditi natan\u010dne poslovne knjige in evidence, v katerih so ustrezno in po\u0161teno dokumentirane vse finan\u010dne transakcije. Podjetje ne sme voditi posebnih kontov neknji\u017eenih poslov.<\/p>\n<p>Podjetje mora poskrbeti, da so sistemi notranjih kontrol, zlasti ra\u010dunovodske in knjigovodske prakse, podvr\u017eeni rednim revizijam.<\/p>\n<\/div>\n<p>[\/vc_column_text][block_title style=&#8221;column_title&#8221; inner_style=&#8221;inline_border&#8221; title=&#8221;POSLEDICE&#8221;][\/block_title][vc_column_text]<\/p>\n<div style=\"text-align: justify;\">Zavezanost podjetja programu se mora odra\u017eati v njegovih praksah na podro\u010dju kadrovskih zadev. Podjetje lahko v primeru kr\u0161itev politike proti podkupovanju uvede ustrezne sankcije za kr\u0161itev v disciplinskem postopku vklju\u010dno z mo\u017enostjo odpovedi delovnega razmerja.<\/div>\n<p>[\/vc_column_text][block_title style=&#8221;column_title&#8221; inner_style=&#8221;inline_border&#8221; title=&#8221;OPOZARJANJE NA SPORNE ZADEVE IN PRIDOBIVANJE NAPOTKOV&#8221;][\/block_title][vc_column_text]<\/p>\n<div style=\"text-align: justify;\">\n<p>Od zaposlenih v podjetju se pri\u010dakuje, da \u010dim prej opozorijo na sporne zadeve ter sumljive okoli\u0161\u010dine prijavijo pristojnim uslu\u017ebencem podjetja.<\/p>\n<p>Podjetje mora zagotoviti varne in dostopne poti, prek katerih lahko zaposleni in drugi zaupno in brez tveganja povra\u010dilnih ukrepov opozorijo na sporne zadeve in prijavijo sumljive okoli\u0161\u010dine (\u00bb\u017evi\u017ega\u0161tvo\u00ab). Navedene poti morajo biti zaposlenim in drugim na voljo tudi za pridobivanje nasvetov ali izra\u017eanje predlogov za politike prepre\u010devanja podkupovanja.<\/p>\n<\/div>\n<p>[\/vc_column_text][block_title style=&#8221;column_title&#8221; inner_style=&#8221;inline_border&#8221; title=&#8221;PORO\u010cANJE&#8221;][\/block_title][vc_column_text]<\/p>\n<div style=\"text-align: justify;\">\n<p>Morebitne nepravilnosti oz. neskladnosti se lahko oddajo anonimno v predal\u010dke \u00bbSVET DELAVCEV\u00ab, po\u0161ljejo preko e-po\u0161te predsedniku sveta delavcev na naslov: <a href=\"mailto:matjaz.obretan@tab.si\">matjaz.obretan@tab.si<\/a>, ali direktno na pravno slu\u017ebo: <a href=\"mailto:ales.horvatic@tab.si\">ales.horvatic@tab.si<\/a> (tel.: <a href=\"+38628702464\">02 87 02 464<\/a>).\u00a0 Za dodatna pojasnila ali za izra\u017eanje predlogov v zvezi s to Politiko ali ustreznimi zakoni in predpisi, se obrnite na pravno slu\u017ebo.<\/p>\n<\/div>\n<p>[\/vc_column_text][block_title style=&#8221;column_title&#8221; inner_style=&#8221;inline_border&#8221; title=&#8221;KOMUNICIRANJE&#8221;][\/block_title][vc_column_text]Podjetje mora svojo politiko prepre\u010devanja podkupovanja javno razkriti. Vi\u0161je vodstvo podjetja mora spremljati politiko prepre\u010devanja podkupovanja ter redno pregledovati ustreznost in u\u010dinkovitost ter jo po potrebi izbolj\u0161ati. Podjetje mora biti odprto za komuniciranje z zadevnimi zainteresiranimi stranmi v zvezi s svojo Politiko proti podkupovanju.[\/vc_column_text][vc_empty_space][\/vc_column][\/vc_row][vc_row][vc_column width=&#8221;2\/3&#8243;][vc_column_text]<\/p>\n<p style=\"text-align: left;\">TAB direktor:<br \/>\nmag.\u00a0<strong>Bogomir Auprih<\/strong><\/p>\n<p><img decoding=\"async\" src=\"http:\/\/new.tab.si\/wp-content\/uploads\/2021\/03\/podpis_Auprih.jpg\" width=\"100px\" \/><\/p>\n<p style=\"text-align: left;\">MPI-Recikla\u017ea direktor:<br \/>\n<strong>Viktor Fortin<\/strong><\/p>\n<p><img decoding=\"async\" src=\"http:\/\/new.tab.si\/wp-content\/uploads\/2021\/03\/podpis_Fortin.jpg\" width=\"100px\" \/><\/p>\n<p style=\"text-align: left;\">TAB-IPM direktor:<br \/>\n<strong>Igor Lipovnik<\/strong><\/p>\n<p><img decoding=\"async\" src=\"http:\/\/new.tab.si\/wp-content\/uploads\/2021\/03\/podpis_Lipovnik.jpg\" width=\"100px\" \/><\/p>\n<p>Me\u017eica, January 2021[\/vc_column_text][\/vc_column][vc_column width=&#8221;1\/3&#8243;][media image=&#8221;9698&#8243;][\/vc_column][\/vc_row][vc_row][vc_column][button title=&#8221;poglej&#8221; link=&#8221;http:\/\/www.tab.si\/pdf\/razno\/Politika_proti_podkupovanju_v_Skupini_TAB.pdf&#8221; new_tab=&#8221;yes&#8221; icon=&#8221;moon-file-5&#8243;][\/vc_column][\/vc_row]<\/p>\n","protected":false},"excerpt":{"rendered":"<p>[vc_row][vc_column][vc_column_text] Podjetje se zavezuje, da bo izvajalo politiko proti podkupovanju, ki vklju\u010duje postopke, administrativne procese, usposabljanje, usmerjanje in nadzor. Bistvo te zaveze je, da podjetje zagotavlja zakonitost poslovanja, ki omogo\u010da, da je protikorupcijska politika podjetja dejansko sestavni del vsakodnevne prakse. Prepovedana je vsakr\u0161na oblika podkupovanja. Podkupovanje je neposredno ali posredno ponujanje, obljubljanje ali dajanje kakr\u0161nih [&hellip;]<\/p>\n","protected":false},"author":1,"featured_media":0,"parent":0,"menu_order":0,"comment_status":"closed","ping_status":"closed","template":"","meta":{"footnotes":""},"_links":{"self":[{"href":"https:\/\/www.tab.si\/sl\/wp-json\/wp\/v2\/pages\/9364"}],"collection":[{"href":"https:\/\/www.tab.si\/sl\/wp-json\/wp\/v2\/pages"}],"about":[{"href":"https:\/\/www.tab.si\/sl\/wp-json\/wp\/v2\/types\/page"}],"author":[{"embeddable":true,"href":"https:\/\/www.tab.si\/sl\/wp-json\/wp\/v2\/users\/1"}],"replies":[{"embeddable":true,"href":"https:\/\/www.tab.si\/sl\/wp-json\/wp\/v2\/comments?post=9364"}],"version-history":[{"count":3,"href":"https:\/\/www.tab.si\/sl\/wp-json\/wp\/v2\/pages\/9364\/revisions"}],"predecessor-version":[{"id":10469,"href":"https:\/\/www.tab.si\/sl\/wp-json\/wp\/v2\/pages\/9364\/revisions\/10469"}],"wp:attachment":[{"href":"https:\/\/www.tab.si\/sl\/wp-json\/wp\/v2\/media?parent=9364"}],"curies":[{"name":"wp","href":"https:\/\/api.w.org\/{rel}","templated":true}]}}