{"id":9342,"date":"2021-03-06T12:54:39","date_gmt":"2021-03-06T12:54:39","guid":{"rendered":"http:\/\/new.tab.si\/?page_id=9342"},"modified":"2023-02-03T10:20:15","modified_gmt":"2023-02-03T10:20:15","slug":"zasnova-preprecevanja-vecjih-nesrec","status":"publish","type":"page","link":"https:\/\/www.tab.si\/sl\/zasnova-preprecevanja-vecjih-nesrec\/","title":{"rendered":"ZASNOVA PREPRE\u010cEVANJA VE\u010cJIH NESRE\u010c"},"content":{"rendered":"<p>[vc_row][vc_column][vc_column_text]V podjetju TAB d.d. se zavedamo, da s svojo dejavnostjo taljenja svinca ter izdelave baterij v obratih SPE Topla in SPE IB v ekstremnih primerih predstavljamo potencialno nevarnost za zaposlene, okolje in prebivalce, ki se nahajajo v okolici na\u0161ih obratov zaradi mo\u017enih ve\u010djih nesre\u010d z nevarnimi kemikalijami, ki se lahko zgodijo ob ekstremnih razmerah v na\u0161ih obratih. Zaradi navedenega javnost informiramo o mo\u017enih nesre\u010dah ter sodelujemo z lokalno skupnostjo.<\/p>\n<p>Zaradi varstva zaposlenih, okoli\u0161kih prebivalcev in okolja pred tveganji zaradi ve\u010djih nesre\u010d z nevarnimi snovmi v obratih delujemo s ciljem, da zagotavljamo visoko stopnjo varstva pred ve\u010djimi nesre\u010dami ter s to zasnovo prepre\u010devanja ve\u010djih nesre\u010d opredeljujemo politiko varstva pred ve\u010djimi nesre\u010dami na\u0161ega obrata. Obratujemo skladno s pridobljenimi certifikati in okoljevarstvenim dovoljenjem.<\/p>\n<p>Na\u0161 cilj je obratovanje brez ve\u010djih nesre\u010d z nevarnimi snovmi. Za uresni\u010devanje tega cilja pri obratovanju izvajamo naslednja na\u010dela in usmeritve:<\/p>\n<ol>\n<li>Tveganja za nesre\u010de z nevarnimi snovmi prepoznavamo in ocenjujemo pri vseh aktivnostih, ki potekajo v na\u0161em obratu in stalno skrbimo za izvajanje vseh ukrepov, ki so potrebni za zmanj\u0161evanje tveganja za nesre\u010de pri obi\u010dajnem obratovanju in obi\u010dajnih postopkih povezanih s proizvodnjo in skladi\u0161\u010denjem tehni\u010dnih in medicinskih plinov, pri opravljanju vzdr\u017eevalnih in izrednih del ter pri eventualnem izvajanju gradbenih del.<\/li>\n<li>Pristojnosti, odgovornosti in potrebna usposobljenost za zaposlene v obratu in tiste, ki v obratu ob\u010dasno izvajajo delo, so opredeljene in zapisane ter se redno preverjajo z namenom prepre\u010devanja izrednih dogodkov. Vzdr\u017eujemo usposobljenost zaposlenih in postopkov za ravnanje v primeru nesre\u010d<\/li>\n<li>Prepoznavamo predvidljive izredne dogodke in nesre\u010de ter na\u010drtujemo ukrepe za njihovo prepre\u010devanje ter ravnanje v primeru izrednih situacij zaradi zmanj\u0161anja njihovih posledic za zaposlene, okolje in prebivalce, ki se nahajajo v okolici obratov.<\/li>\n<li>Redno spremljamo upo\u0161tevanje sprejetih varnostnih ukrepov in izvajamo njihovo preverjanje v praksi ter uvajamo korektivne ukrepe v primeru odstopanja od dogovorjenih aktivnosti.<\/li>\n<li>Obratovanje in vzdr\u017eevanje naprav, procesov in opreme zagotavljamo z upo\u0161tevanjem najbolj\u0161ih razpolo\u017eljivih tehnik, ustreznih predpisov in standardov. Izvajamo stalni nadzor nad varnostno pomembnimi napravami obrata, tudi s pomo\u010djo zunanjih poobla\u0161\u010denih institucij.<\/li>\n<li>Analiziramo stanja in aktivnosti, ki bi lahko privedli do ve\u010dje nesre\u010de in izvajamo ustrezne preventivne ukrepe.<\/li>\n<li>Redno informiramo zaposlene, pogodbene in zunanje sodelavce z aktivnostmi za zmanj\u0161evanje tveganja za nesre\u010de na obmo\u010dju obratov.<\/li>\n<li>V obratu redno preverjamo izvajanje dogovorjenega obvladovanja varnosti, preverjamo njegovo upo\u0161tevanje in izvajanje v praksi ter ga nenehno izbolj\u0161ujemo. Z rezultati preverjanja obvladovanja varnosti redno seznanjamo vodstvo na\u0161ega podjetja.<\/li>\n<li>Sistem obvladovanja varnosti je dokumentiran, ga poznajo vsi zaposleni in je na voljo javnosti.<\/li>\n<li>Za izvajanje zgoraj navedenih na\u010del in usmeritev direktor podjetja zagotavlja vire za zagotavljanje izpolnjevanja te politike varnosti, periodi\u010dno pregleduje uspe\u0161nost in napredovanje varnosti na vodstvenem pregledu ter se zavezuje, da bo aktivnosti v podjetju izvajal tako, da se bo obvladovanje nevarnosti ve\u010djih nesre\u010d z nevarnimi snovmi nenehno izbolj\u0161evalo in zagotavljalo visoko raven varstva pred nesre\u010dami z nevarnimi snovmi.<\/li>\n<\/ol>\n<p>Za spremljanje uspe\u0161nosti izvajanja zasnove prepre\u010devanja ve\u010djih nesre\u010d z nevarnimi snovmi spremljamo naslednje kazalnike:<\/p>\n<ul>\n<li>\u0161tevilo izvedenih usposabljanj in \u0161tevilo oseb, ki so se izobra\u017eevale za prepre\u010devanje ve\u010djih nesre\u010d in zmanj\u0161evanje njihovih posledic (zaposleni, pogodbeni sodelavci),<\/li>\n<li>\u0161tevilo pravilno izvedenih aktivnosti preventivnega vzdr\u017eevanja glede na letni plan preventivnega vzdr\u017eevanja,<\/li>\n<li>\u0161tevilo vseh izrednih dogodkov,<\/li>\n<li>\u0161tevilo in vrsta korektivnih in preventivnih ukrepov.<\/li>\n<\/ul>\n<p>Z zasnovo prepre\u010devanja ve\u010djih nesre\u010d so seznanjeni vsi zaposleni in pogodbeni sodelavci. Javnosti je zasnova na razpolago na spletni strani podjetja in pri vodji ekologije.[\/vc_column_text][\/vc_column][\/vc_row][vc_row][vc_column width=&#8221;1\/4&#8243;][media animation=&#8221;none&#8221; image=&#8221;3061&#8243;][vc_column_text]Me\u017eica, december 2022[\/vc_column_text][\/vc_column][vc_column width=&#8221;3\/4&#8243;][\/vc_column][\/vc_row][vc_row][vc_column width=&#8221;1\/2&#8243;][vc_column_text]<\/p>\n<p align=\"justify\"><strong>Roman Burja<\/strong><br \/>\n<strong>glavni izvr\u0161ni direktor odgovoren za gospodarjenje<\/strong>[\/vc_column_text][\/vc_column][vc_column width=&#8221;1\/2&#8243;][vc_column_text]<\/p>\n<p style=\"text-align: right;\"><strong>Martin Rebula<\/strong><br \/>\n<strong>izvr\u0161ni direktor za tehni\u010dno podro\u010dje<\/strong>[\/vc_column_text][\/vc_column][\/vc_row][vc_row][vc_column][button title=&#8221;Prenesi dokument&#8221; link=&#8221;https:\/\/tab.si\/pdf\/zasnova_preprecevanja.pdf&#8221; new_tab=&#8221;yes&#8221; icon=&#8221;moon-file-pdf&#8221;][\/vc_column][\/vc_row]<\/p>\n","protected":false},"excerpt":{"rendered":"<p>[vc_row][vc_column][vc_column_text]V podjetju TAB d.d. se zavedamo, da s svojo dejavnostjo taljenja svinca ter izdelave baterij v obratih SPE Topla in SPE IB v ekstremnih primerih predstavljamo potencialno nevarnost za zaposlene, okolje in prebivalce, ki se nahajajo v okolici na\u0161ih obratov zaradi mo\u017enih ve\u010djih nesre\u010d z nevarnimi kemikalijami, ki se lahko zgodijo ob ekstremnih razmerah v [&hellip;]<\/p>\n","protected":false},"author":1,"featured_media":0,"parent":0,"menu_order":0,"comment_status":"closed","ping_status":"closed","template":"","meta":{"footnotes":""},"_links":{"self":[{"href":"https:\/\/www.tab.si\/sl\/wp-json\/wp\/v2\/pages\/9342"}],"collection":[{"href":"https:\/\/www.tab.si\/sl\/wp-json\/wp\/v2\/pages"}],"about":[{"href":"https:\/\/www.tab.si\/sl\/wp-json\/wp\/v2\/types\/page"}],"author":[{"embeddable":true,"href":"https:\/\/www.tab.si\/sl\/wp-json\/wp\/v2\/users\/1"}],"replies":[{"embeddable":true,"href":"https:\/\/www.tab.si\/sl\/wp-json\/wp\/v2\/comments?post=9342"}],"version-history":[{"count":7,"href":"https:\/\/www.tab.si\/sl\/wp-json\/wp\/v2\/pages\/9342\/revisions"}],"predecessor-version":[{"id":13148,"href":"https:\/\/www.tab.si\/sl\/wp-json\/wp\/v2\/pages\/9342\/revisions\/13148"}],"wp:attachment":[{"href":"https:\/\/www.tab.si\/sl\/wp-json\/wp\/v2\/media?parent=9342"}],"curies":[{"name":"wp","href":"https:\/\/api.w.org\/{rel}","templated":true}]}}