{"id":9340,"date":"2021-03-06T12:53:22","date_gmt":"2021-03-06T12:53:22","guid":{"rendered":"http:\/\/new.tab.si\/?page_id=9340"},"modified":"2021-03-06T12:55:07","modified_gmt":"2021-03-06T12:55:07","slug":"ravnanje-z-okoljem","status":"publish","type":"page","link":"https:\/\/www.tab.si\/sl\/ravnanje-z-okoljem\/","title":{"rendered":"RAVNANJE Z OKOLJEM"},"content":{"rendered":"\n<p>Skrb za okolje je vedno bolj prisotna v zavesti ljudi, tako posameznikih, kot tudi v podjetjih. Izjema ni niti na\u0161e podjetje. Zavzemamo se, da s svojim delovanjem \u010dim manj vplivamo na okolje in ljudi, ki \u017eivimo v njem. Leta 1998 smo pridobili certifikat za sistem ravnanja z okoljem ISO 14001. Skladno z zahtevami standarda ISO 14001 smo v podjetju prepoznali okoljske vidike, s katerimi vplivamo na okolje. <\/p>\n\n\n\n<p><strong>Najpomembnej\u0161i med njimi so:<\/strong><\/p>\n\n\n\n<ul><li>emisije snovi v zrak,<\/li><li>odpadne vode,<\/li><li>hrup,<\/li><li>nastajanje odpadkov.<\/li><\/ul>\n\n\n\n<p>Za \u010di\u0161\u010denje odpadnih plinov imamo postavljene filtre za \u010di\u0161\u010denje odpadnih plinov, odpadne tehnolo\u0161ke vode \u010distimo na \u010distilni napravi za \u010di\u0161\u010denje tehnolo\u0161kih odpadnih vod, odpadne komunalne vode pa na malih komunalnih \u010distilnih napravah. V podjetju se uspe\u0161no zavzemamo, da se zmanj\u0161uje poraba energentov ter odpadkov.<\/p>\n\n\n\n<p><br>Za odpadne emisije snovi v zrak, odpadno vodo in hrup se skladno z zakonodajo redno opravljajo meritve s strani zunanjih strokovno usposobljenih izvajalcev.<\/p>\n\n\n\n<p><br>V podjetju redno spremljamo zakonodajo in izpolnjujemo njene zahteve na podro\u010dju ravnanja z okoljem na ravni EU, dr\u017eave ter lokalni ravni.<\/p>\n\n\n\n<p><\/p>\n","protected":false},"excerpt":{"rendered":"<p>Skrb za okolje je vedno bolj prisotna v zavesti ljudi, tako posameznikih, kot tudi v podjetjih. Izjema ni niti na\u0161e podjetje. Zavzemamo se, da s svojim delovanjem \u010dim manj vplivamo na okolje in ljudi, ki \u017eivimo v njem. Leta 1998 smo pridobili certifikat za sistem ravnanja z okoljem ISO 14001. Skladno z zahtevami standarda ISO [&hellip;]<\/p>\n","protected":false},"author":1,"featured_media":0,"parent":0,"menu_order":0,"comment_status":"closed","ping_status":"closed","template":"","meta":{"footnotes":""},"_links":{"self":[{"href":"https:\/\/www.tab.si\/sl\/wp-json\/wp\/v2\/pages\/9340"}],"collection":[{"href":"https:\/\/www.tab.si\/sl\/wp-json\/wp\/v2\/pages"}],"about":[{"href":"https:\/\/www.tab.si\/sl\/wp-json\/wp\/v2\/types\/page"}],"author":[{"embeddable":true,"href":"https:\/\/www.tab.si\/sl\/wp-json\/wp\/v2\/users\/1"}],"replies":[{"embeddable":true,"href":"https:\/\/www.tab.si\/sl\/wp-json\/wp\/v2\/comments?post=9340"}],"version-history":[{"count":1,"href":"https:\/\/www.tab.si\/sl\/wp-json\/wp\/v2\/pages\/9340\/revisions"}],"predecessor-version":[{"id":9341,"href":"https:\/\/www.tab.si\/sl\/wp-json\/wp\/v2\/pages\/9340\/revisions\/9341"}],"wp:attachment":[{"href":"https:\/\/www.tab.si\/sl\/wp-json\/wp\/v2\/media?parent=9340"}],"curies":[{"name":"wp","href":"https:\/\/api.w.org\/{rel}","templated":true}]}}