{"id":8305,"date":"2021-02-25T13:30:04","date_gmt":"2021-02-25T13:30:04","guid":{"rendered":"http:\/\/new.tab.si\/li-on-batteries\/"},"modified":"2022-05-13T09:35:33","modified_gmt":"2022-05-13T09:35:33","slug":"li-on-batteries","status":"publish","type":"page","link":"https:\/\/www.tab.si\/sl\/li-on-batteries\/","title":{"rendered":"LI-ION BATERIJE"},"content":{"rendered":"\n<div class=\"wp-block-media-text is-stacked-on-mobile is-vertically-aligned-center\" style=\"grid-template-columns:38% auto\"><figure class=\"wp-block-media-text__media\"><img decoding=\"async\" loading=\"lazy\" width=\"983\" height=\"1024\" src=\"https:\/\/www.tab.si\/wp-content\/uploads\/2022\/01\/TAB-e.motive-copy-983x1024.png\" alt=\"\" class=\"wp-image-12481 size-full\" srcset=\"https:\/\/www.tab.si\/wp-content\/uploads\/2022\/01\/TAB-e.motive-copy-983x1024.png 983w, https:\/\/www.tab.si\/wp-content\/uploads\/2022\/01\/TAB-e.motive-copy-288x300.png 288w, https:\/\/www.tab.si\/wp-content\/uploads\/2022\/01\/TAB-e.motive-copy-768x800.png 768w, https:\/\/www.tab.si\/wp-content\/uploads\/2022\/01\/TAB-e.motive-copy-1474x1536.png 1474w, https:\/\/www.tab.si\/wp-content\/uploads\/2022\/01\/TAB-e.motive-copy-1965x2048.png 1965w\" sizes=\"(max-width: 983px) 100vw, 983px\" \/><\/figure><div class=\"wp-block-media-text__content\">\n<p class=\"has-text-align-left has-normal-font-size\"><p class=\"has-text-align-left has-normal-font-size\" style=\"text-align:justify;\"><strong>TAB <span style=\"color:#008d3f\">e.<\/span>motive baterije<\/strong>&nbsp;so zasnovane tako, da zagotavljajo zeleno prihodnost na\u0161ega planeta. Zagotavljajo dalj\u0161o \u017eivljenjsko dobo, hitrej\u0161e polnjenje, zmanj\u0161ujejo skupne stro\u0161ke lastni\u0161tva in omogo\u010dajo ve\u010djo produktivnost. TAB BMS (Battery Management System) vam omogo\u010da spremljanje statusa baterije v vsakem trenutku.<\/p><\/p>\n\n\n\n<div class=\"wp-block-buttons is-layout-flex wp-block-buttons-is-layout-flex\">\n<div class=\"wp-block-button\"><a class=\"wp-block-button__link\" href=\"https:\/\/online.fliphtml5.com\/vvbpc\/otjf\/\" style=\"border-radius:5px\" target=\"_blank\" rel=\"noreferrer noopener\">KATALOG<\/a><\/div>\n<\/div>\n<\/div><\/div>\n\n\n\n<div class=\"wp-block-media-text is-stacked-on-mobile\" style=\"grid-template-columns:38% auto\"><figure class=\"wp-block-media-text__media\"><img decoding=\"async\" loading=\"lazy\" width=\"1024\" height=\"645\" src=\"https:\/\/www.tab.si\/wp-content\/uploads\/2022\/01\/e.leisure_Premium_HD12_100_n1-1024x645.png\" alt=\"\" class=\"wp-image-12505 size-full\" srcset=\"https:\/\/www.tab.si\/wp-content\/uploads\/2022\/01\/e.leisure_Premium_HD12_100_n1-1024x645.png 1024w, https:\/\/www.tab.si\/wp-content\/uploads\/2022\/01\/e.leisure_Premium_HD12_100_n1-300x189.png 300w, https:\/\/www.tab.si\/wp-content\/uploads\/2022\/01\/e.leisure_Premium_HD12_100_n1-768x484.png 768w, https:\/\/www.tab.si\/wp-content\/uploads\/2022\/01\/e.leisure_Premium_HD12_100_n1-1536x968.png 1536w, https:\/\/www.tab.si\/wp-content\/uploads\/2022\/01\/e.leisure_Premium_HD12_100_n1-2048x1290.png 2048w\" sizes=\"(max-width: 1024px) 100vw, 1024px\" \/><\/figure><div class=\"wp-block-media-text__content\">\n<p class=\"has-normal-font-size\"><p class=\"has-normal-font-size\" style=\"text-align:justify;\"><strong>TAB <span style=\"color:#008d3f\">e.<\/span>leisure baterije<\/strong> so&nbsp;idealne za uporabo, kjer so klju\u010dnega pomena dolga \u017eivljenjska doba, nizka te\u017ea, ve\u010dja mo\u010d, hitro polnjenje in varnost. Baterije so za\u0161\u010ditene pred prekomernim polnjenjem, globokim praznjenjem in pregrevanjem in so lahko neposredna zamenjava za ve\u010dino svin\u010deno-kislinskih baterij.<\/p><\/p>\n\n\n\n<div class=\"wp-block-buttons is-layout-flex wp-block-buttons-is-layout-flex\">\n<div class=\"wp-block-button\"><a class=\"wp-block-button__link\" href=\"https:\/\/online.fliphtml5.com\/vvbpc\/tgne\/\" style=\"border-radius:5px\" target=\"_blank\" rel=\"noreferrer noopener\">KATALOG<\/a><\/div>\n<\/div>\n<\/div><\/div>\n\n\n\n<div class=\"wp-block-media-text is-stacked-on-mobile is-vertically-aligned-center\" style=\"grid-template-columns:38% auto\"><figure class=\"wp-block-media-text__media\"><img decoding=\"async\" loading=\"lazy\" width=\"683\" height=\"1024\" src=\"https:\/\/www.tab.si\/wp-content\/uploads\/2022\/01\/estorage_copy21-683x1024.png\" alt=\"\" class=\"wp-image-12486 size-full\" srcset=\"https:\/\/www.tab.si\/wp-content\/uploads\/2022\/01\/estorage_copy21-683x1024.png 683w, https:\/\/www.tab.si\/wp-content\/uploads\/2022\/01\/estorage_copy21-200x300.png 200w, https:\/\/www.tab.si\/wp-content\/uploads\/2022\/01\/estorage_copy21-768x1152.png 768w, https:\/\/www.tab.si\/wp-content\/uploads\/2022\/01\/estorage_copy21.png 1000w\" sizes=\"(max-width: 683px) 100vw, 683px\" \/><\/figure><div class=\"wp-block-media-text__content\">\n<p class=\"has-normal-font-size\"><p class=\"has-normal-font-size\" style=\"text-align:justify;\"><strong>Baterije TAB <span style=\"color:#008d3f\">e.<\/span>storage<\/strong>&nbsp;&nbsp;zagotavljajo re\u0161itve za aplikacije v vseh sistemih oskrbe z elektri\u010dno energijo, vklju\u010dno z omre\u017eno, stanovanjsko, komercialno in UPS (brezprekinitvenim napajanjem).<\/p><\/p>\n\n\n\n<div class=\"wp-block-buttons is-layout-flex wp-block-buttons-is-layout-flex\">\n<div class=\"wp-block-button\"><a class=\"wp-block-button__link\" href=\"https:\/\/online.fliphtml5.com\/vvbpc\/vwfz\/\" style=\"border-radius:5px\" target=\"_blank\" rel=\"noreferrer noopener\">KATALOG<\/a><\/div>\n<\/div>\n<\/div><\/div>\n","protected":false},"excerpt":{"rendered":"TAB e.motive baterije&nbsp;so zasnovane tako, da zagotavljajo zeleno prihodnost na\u0161ega planeta. Zagotavljajo dalj\u0161o \u017eivljenjsko dobo, hitrej\u0161e polnjenje, zmanj\u0161ujejo skupne stro\u0161ke lastni\u0161tva in omogo\u010dajo ve\u010djo produktivnost. TAB BMS (Battery Management System) vam omogo\u010da spremljanje statusa baterije v vsakem trenutku. KATALOG TAB e.leisure baterije so&nbsp;idealne za uporabo, kjer so klju\u010dnega pomena dolga \u017eivljenjska doba, nizka te\u017ea, ve\u010dja [...]","protected":false},"author":1,"featured_media":11108,"parent":0,"menu_order":0,"comment_status":"closed","ping_status":"closed","template":"","meta":{"footnotes":""},"_links":{"self":[{"href":"https:\/\/www.tab.si\/sl\/wp-json\/wp\/v2\/pages\/8305"}],"collection":[{"href":"https:\/\/www.tab.si\/sl\/wp-json\/wp\/v2\/pages"}],"about":[{"href":"https:\/\/www.tab.si\/sl\/wp-json\/wp\/v2\/types\/page"}],"author":[{"embeddable":true,"href":"https:\/\/www.tab.si\/sl\/wp-json\/wp\/v2\/users\/1"}],"replies":[{"embeddable":true,"href":"https:\/\/www.tab.si\/sl\/wp-json\/wp\/v2\/comments?post=8305"}],"version-history":[{"count":31,"href":"https:\/\/www.tab.si\/sl\/wp-json\/wp\/v2\/pages\/8305\/revisions"}],"predecessor-version":[{"id":12753,"href":"https:\/\/www.tab.si\/sl\/wp-json\/wp\/v2\/pages\/8305\/revisions\/12753"}],"wp:featuredmedia":[{"embeddable":true,"href":"https:\/\/www.tab.si\/sl\/wp-json\/wp\/v2\/media\/11108"}],"wp:attachment":[{"href":"https:\/\/www.tab.si\/sl\/wp-json\/wp\/v2\/media?parent=8305"}],"curies":[{"name":"wp","href":"https:\/\/api.w.org\/{rel}","templated":true}]}}