{"id":8264,"date":"2021-02-25T13:01:14","date_gmt":"2021-02-25T13:01:14","guid":{"rendered":"http:\/\/new.tab.si\/recycling\/"},"modified":"2021-04-14T12:09:09","modified_gmt":"2021-04-14T12:09:09","slug":"recycling","status":"publish","type":"page","link":"https:\/\/www.tab.si\/sl\/recycling\/","title":{"rendered":"RECIKLA\u017dA"},"content":{"rendered":"\n<h1 class=\"wp-block-heading\"><strong>MPI RECIKLA\u017dA d.o.o.<\/strong><\/h1>\n\n\n\n<div class=\"wp-block-group\"><div class=\"wp-block-group__inner-container is-layout-flow wp-block-group-is-layout-flow\">\n<p>TAB d.d. ni samo proizvajalec visoko kvalitetnih svin\u010denih bateriji, ampak v svojem h\u010derinskem podjetju <strong><a rel=\"noreferrer noopener\" href=\"http:\/\/www.rm-mpi.si\/\" target=\"_blank\">MPI Recikla\u017ea d.o.o.<\/a><\/strong> skrbi tudi za ekolo\u0161ko odstranjevanje in razgradnjo (recikla\u017eo) rabljenih oziroma odpadnih baterij.<\/p>\n\n\n\n<div class=\"wp-block-image\"><figure class=\"aligncenter size-large is-resized\"><img decoding=\"async\" loading=\"lazy\" src=\"http:\/\/new.tab.si\/wp-content\/uploads\/2021\/02\/ecomoticon.jpg\" alt=\"\" class=\"wp-image-8605\" width=\"669\" height=\"373\"\/><\/figure><\/div>\n\n\n\n<p>S sodelovanjem v EcoMotion procesu je lahko uporabnik baterij prepri\u010dan, da bodo vse vrnjene baterije in njihova vsebina ponovno uporabljene kot tudi v skladu z zakonodajo.<\/p>\n\n\n\n<br <br=\"\"><br>\n\n\n\n<div class=\"wp-block-group\"><div class=\"wp-block-group__inner-container is-layout-flow wp-block-group-is-layout-flow\">\n<div class=\"wp-block-media-text\" style=\"grid-template-columns:15% auto\"><figure class=\"wp-block-media-text__media\"><img decoding=\"async\" loading=\"lazy\" width=\"128\" height=\"55\" src=\"http:\/\/new.tab.si\/wp-content\/uploads\/2021\/02\/mpi_logo.png\" alt=\"\" class=\"wp-image-8407 size-full\"\/><\/figure><div class=\"wp-block-media-text__content\">\n<h1 class=\"wp-block-heading\"><strong>MPI RECIKLA\u017dA  D.O.O.<\/strong><\/h1>\n\n\n\n<p><strong>Viktor Fortin<\/strong>:&nbsp;+386 2 870 0266<\/p>\n\n\n\n<p><\/p>\n<\/div><\/div>\n<\/div><\/div>\n\n\n\n<div class=\"wp-block-buttons alignleft is-layout-flex wp-block-buttons-is-layout-flex\">\n<div class=\"wp-block-button\"><a class=\"wp-block-button__link has-text-color has-background\" href=\"http:\/\/www.rm-mpi.si\/\" style=\"border-radius:2px;background-color:#505050;color:#fffffa\" target=\"_blank\" rel=\"noreferrer noopener\">SPLETNA STRAN<\/a><\/div>\n\n\n\n<div class=\"wp-block-button is-style-outline\"><a class=\"wp-block-button__link has-text-color\" href=\"https:\/\/online.fliphtml5.com\/vvbpc\/zbou\/#p=1\" style=\"border-radius:2px;color:#505050\" target=\"_blank\" rel=\"noreferrer noopener\">VE\u010c INFORMACIJ<\/a><\/div>\n<\/div>\n\n\n\n<div class=\"wp-block-group\"><div class=\"wp-block-group__inner-container is-layout-flow wp-block-group-is-layout-flow\">\n<br <br=\"\"><br><br <br=\"\"><br><br <br=\"\"><br>\n<\/div><\/div>\n\n\n\n<p><\/p>\n\n\n\n<p><\/p>\n\n\n\n<p><\/p>\n\n\n\n<p><\/p>\n<\/div><\/div>\n\n\n\n<h1 class=\"wp-block-heading\"><strong>TAB-IPM Logistika, Plastika In Storitve D.O.O.<\/strong><\/h1>\n\n\n\n<p>H\u010derinsko podjetje <a href=\"http:\/\/tab-ipm.si\/\" data-type=\"URL\" data-id=\"http:\/\/tab-ipm.si\/\"><strong>TAB-IPM<\/strong><\/a>  bistveno prispeva k varovanju okolja in virov z uporabo visoko u\u010dinkovitih tehnologij, posledi\u010dno optimiziranih procesov in inovativnih izdelkov. Njihov koncept obsega ekolo\u0161ko in odjemalcem prilagojeno proizvodnjo PP granulata, ki je sestavljen iz recikliranih materialov in nadgrajen v visokokakovostne PP kompozite. Z recikliranjem in ponovno uporabo tako zagotovijo kro\u017eenje surovin in materialov v zaprtem krogu ter zmanj\u0161ajo obremenitve okolja.<\/p>\n\n\n\n<div class=\"wp-block-image\"><figure class=\"aligncenter size-large\"><img decoding=\"async\" loading=\"lazy\" width=\"1024\" height=\"566\" src=\"https:\/\/new.tab.si\/wp-content\/uploads\/2021\/04\/lypolene_shema1-1024x566.jpg\" alt=\"\" class=\"wp-image-11467\" srcset=\"https:\/\/www.tab.si\/wp-content\/uploads\/2021\/04\/lypolene_shema1-1024x566.jpg 1024w, https:\/\/www.tab.si\/wp-content\/uploads\/2021\/04\/lypolene_shema1-300x166.jpg 300w, https:\/\/www.tab.si\/wp-content\/uploads\/2021\/04\/lypolene_shema1-768x424.jpg 768w, https:\/\/www.tab.si\/wp-content\/uploads\/2021\/04\/lypolene_shema1-1536x849.jpg 1536w, https:\/\/www.tab.si\/wp-content\/uploads\/2021\/04\/lypolene_shema1.jpg 1920w\" sizes=\"(max-width: 1024px) 100vw, 1024px\" \/><\/figure><\/div>\n\n\n\n<div class=\"wp-block-group\"><div class=\"wp-block-group__inner-container is-layout-flow wp-block-group-is-layout-flow\">\n<div class=\"wp-block-media-text\" style=\"grid-template-columns:16% auto\"><figure class=\"wp-block-media-text__media\"><img decoding=\"async\" loading=\"lazy\" width=\"160\" height=\"37\" src=\"http:\/\/new.tab.si\/wp-content\/uploads\/2021\/02\/logo-tab-ipm.png\" alt=\"\" class=\"wp-image-8412 size-full\"\/><\/figure><div class=\"wp-block-media-text__content\">\n<h1 class=\"wp-block-heading\"><strong>TAB-IPM LOGISTIKA, PLASTIKA IN STORITVE D.O.O.<\/strong><\/h1>\n\n\n\n<p><strong>Igor Lipovnik<\/strong>:&nbsp;+386 31 335 008<\/p>\n\n\n\n<p><\/p>\n<\/div><\/div>\n<\/div><\/div>\n\n\n\n<div class=\"wp-block-buttons alignleft is-layout-flex wp-block-buttons-is-layout-flex\">\n<div class=\"wp-block-button\"><a class=\"wp-block-button__link has-text-color has-background\" href=\"http:\/\/tab-ipm.si\/\" style=\"border-radius:2px;background-color:#505050;color:#fffffa\" target=\"_blank\" rel=\"noreferrer noopener\">SPLETNA STRAN<\/a><\/div>\n\n\n\n<div class=\"wp-block-button is-style-outline\"><a class=\"wp-block-button__link has-text-color\" href=\"https:\/\/online.fliphtml5.com\/vvbpc\/ffhw\/\" style=\"border-radius:2px;color:#505050\" target=\"_blank\" rel=\"noreferrer noopener\">VE\u010c INFORMACIJ<\/a><\/div>\n<\/div>\n\n\n\n<p><\/p>\n\n\n\n<p><\/p>\n\n\n\n<div class=\"wp-block-columns is-layout-flex wp-container-7 wp-block-columns-is-layout-flex\"><\/div>\n","protected":false},"excerpt":{"rendered":"<p>MPI RECIKLA\u017dA d.o.o. TAB d.d. ni samo proizvajalec visoko kvalitetnih svin\u010denih bateriji, ampak v svojem h\u010derinskem podjetju MPI Recikla\u017ea d.o.o. skrbi tudi za ekolo\u0161ko odstranjevanje in razgradnjo (recikla\u017eo) rabljenih oziroma odpadnih baterij. S sodelovanjem v EcoMotion procesu je lahko uporabnik baterij prepri\u010dan, da bodo vse vrnjene baterije in njihova vsebina ponovno uporabljene kot tudi v [&hellip;]<\/p>\n","protected":false},"author":1,"featured_media":8600,"parent":0,"menu_order":0,"comment_status":"closed","ping_status":"closed","template":"","meta":{"footnotes":""},"_links":{"self":[{"href":"https:\/\/www.tab.si\/sl\/wp-json\/wp\/v2\/pages\/8264"}],"collection":[{"href":"https:\/\/www.tab.si\/sl\/wp-json\/wp\/v2\/pages"}],"about":[{"href":"https:\/\/www.tab.si\/sl\/wp-json\/wp\/v2\/types\/page"}],"author":[{"embeddable":true,"href":"https:\/\/www.tab.si\/sl\/wp-json\/wp\/v2\/users\/1"}],"replies":[{"embeddable":true,"href":"https:\/\/www.tab.si\/sl\/wp-json\/wp\/v2\/comments?post=8264"}],"version-history":[{"count":10,"href":"https:\/\/www.tab.si\/sl\/wp-json\/wp\/v2\/pages\/8264\/revisions"}],"predecessor-version":[{"id":11640,"href":"https:\/\/www.tab.si\/sl\/wp-json\/wp\/v2\/pages\/8264\/revisions\/11640"}],"wp:featuredmedia":[{"embeddable":true,"href":"https:\/\/www.tab.si\/sl\/wp-json\/wp\/v2\/media\/8600"}],"wp:attachment":[{"href":"https:\/\/www.tab.si\/sl\/wp-json\/wp\/v2\/media?parent=8264"}],"curies":[{"name":"wp","href":"https:\/\/api.w.org\/{rel}","templated":true}]}}