{"id":7605,"date":"2020-12-14T09:03:45","date_gmt":"2020-12-14T09:03:45","guid":{"rendered":"http:\/\/new.tab.si\/hotels-near-tab\/"},"modified":"2021-03-23T13:28:09","modified_gmt":"2021-03-23T13:28:09","slug":"hotels-near-tab","status":"publish","type":"page","link":"https:\/\/www.tab.si\/sl\/hotels-near-tab\/","title":{"rendered":"HOTELI V BLI\u017dINI"},"content":{"rendered":"\n<div class=\"wp-block-group\"><div class=\"wp-block-group__inner-container is-layout-flow wp-block-group-is-layout-flow\">\n<div class=\"wp-block-columns is-layout-flex wp-container-3 wp-block-columns-is-layout-flex\">\n<div class=\"wp-block-column is-layout-flow wp-block-column-is-layout-flow\"><\/div>\n\n\n\n<div class=\"wp-block-column is-layout-flow wp-block-column-is-layout-flow\"><\/div>\n<\/div>\n<\/div><\/div>\n\n\n\n<div class=\"wp-block-media-text is-stacked-on-mobile is-vertically-aligned-center\"><figure class=\"wp-block-media-text__media\"><img decoding=\"async\" loading=\"lazy\" width=\"1094\" height=\"677\" src=\"http:\/\/new.tab.si\/wp-content\/uploads\/2021\/02\/korosica.jpg\" alt=\"\" class=\"wp-image-7595 size-full\"\/><\/figure><div class=\"wp-block-media-text__content\">\n<h2 class=\"has-normal-font-size wp-block-heading\">HOTEL KORO\u0160ICA<\/h2>\n\n\n\n<p>Hotel Koro\u0161ica se nahaja na mirni lokaciji v Dravogradu, sti\u010di\u0161\u010du 3 dolin. V celoti klimatiziran hotel nudi brezpla\u010den brez\u017ei\u010dni internet in varovano parkiri\u0161\u010de.<\/p>\n\n\n\n<p>Na voljo je vrhunski center za wellness s savno, z masa\u017eno kadjo in masa\u017eami.<\/p>\n\n\n\n<p>Restavracija hotela Koro\u0161ica pripravlja lokalne in mednarodne specialitete ter ponuja razgled na pode\u017eelsko pokrajino.<\/p>\n\n\n\n<p>Koro\u0161ica se pona\u0161a z igri\u0161\u010dem za golf. Lahko se preizkusite v alpinizmu, pohodni\u0161tvu, smu\u010danju ali kolesarjenju. V bli\u017enjem letali\u0161\u010du Libeli\u010de je na voljo tudi letenje in jadranje z letalom.<\/p>\n\n\n\n<div class=\"wp-block-buttons is-layout-flex wp-block-buttons-is-layout-flex\">\n<div class=\"wp-block-button is-style-fill\"><a class=\"wp-block-button__link has-background\" href=\"https:\/\/korosica.si\/en\/\" style=\"background-color:#505050\" target=\"_blank\" rel=\"noreferrer noopener\">SPLETNA STRAN<\/a><\/div>\n<\/div>\n<\/div><\/div>\n\n\n\n<div class=\"wp-block-media-text has-media-on-the-right is-stacked-on-mobile\"><figure class=\"wp-block-media-text__media\"><img decoding=\"async\" loading=\"lazy\" width=\"1106\" height=\"682\" src=\"http:\/\/new.tab.si\/wp-content\/uploads\/2021\/02\/delalut.jpg\" alt=\"\" class=\"wp-image-7590 size-full\"\/><\/figure><div class=\"wp-block-media-text__content\">\n<h2 class=\"has-normal-font-size wp-block-heading\">HOTEL DELALUT<\/h2>\n\n\n\n<p>Nastanitev Hotel Delalut se nahaja v Ravnah na Koro\u0161kem in ponuja bar ter teraso. Ponudba vklju\u010duje restavracijo, sobno postre\u017ebo in skupni salon, na voljo pa je tudi brezpla\u010den WiFi v celotni nastanitvi. Na voljo je brezpla\u010dno zasebno parkiri\u0161\u010de, nastanitev pa ponuja tudi letali\u0161ki prevoz za dopla\u010dilo.<\/p>\n\n\n\n<p>V nastanitvi je vsak dan na voljo samopostre\u017eni zajtrk.<\/p>\n\n\n\n<p>Nastanitev s 3 zvezdicami ponuja savno in otro\u0161ko igri\u0161\u010de. Obmo\u010dje je priljubljeno za pohodni\u0161tvo in smu\u010danje, v nastanitvi pa je na voljo brezpla\u010dna uporaba koles.<\/p>\n\n\n\n<p>Mesto Topol\u0161ica je 45 km od nastanitve Hotel Delalut. Najbli\u017eje letali\u0161\u010de (Letali\u0161\u010de Jo\u017eeta Pu\u010dnika &#8211; Ljubljana) je 51 km od nastanitve Hotel Delalut.<\/p>\n\n\n\n<div class=\"wp-block-buttons is-layout-flex wp-block-buttons-is-layout-flex\">\n<div class=\"wp-block-button\"><a class=\"wp-block-button__link\" href=\"http:\/\/www.delalut.si\/hotel-delalut.aspx?v=1\" target=\"_blank\" rel=\"noreferrer noopener\">SPLETNA STRAN<\/a><\/div>\n<\/div>\n<\/div><\/div>\n\n\n\n<p><\/p>\n","protected":false},"excerpt":{"rendered":"HOTEL KORO\u0160ICA Hotel Koro\u0161ica se nahaja na mirni lokaciji v Dravogradu, sti\u010di\u0161\u010du 3 dolin. V celoti klimatiziran hotel nudi brezpla\u010den brez\u017ei\u010dni internet in varovano parkiri\u0161\u010de. Na voljo je vrhunski center za wellness s savno, z masa\u017eno kadjo in masa\u017eami. Restavracija hotela Koro\u0161ica pripravlja lokalne in mednarodne specialitete ter ponuja razgled na pode\u017eelsko pokrajino. Koro\u0161ica se [...]","protected":false},"author":1,"featured_media":2738,"parent":0,"menu_order":0,"comment_status":"closed","ping_status":"closed","template":"","meta":{"footnotes":""},"_links":{"self":[{"href":"https:\/\/www.tab.si\/sl\/wp-json\/wp\/v2\/pages\/7605"}],"collection":[{"href":"https:\/\/www.tab.si\/sl\/wp-json\/wp\/v2\/pages"}],"about":[{"href":"https:\/\/www.tab.si\/sl\/wp-json\/wp\/v2\/types\/page"}],"author":[{"embeddable":true,"href":"https:\/\/www.tab.si\/sl\/wp-json\/wp\/v2\/users\/1"}],"replies":[{"embeddable":true,"href":"https:\/\/www.tab.si\/sl\/wp-json\/wp\/v2\/comments?post=7605"}],"version-history":[{"count":6,"href":"https:\/\/www.tab.si\/sl\/wp-json\/wp\/v2\/pages\/7605\/revisions"}],"predecessor-version":[{"id":10382,"href":"https:\/\/www.tab.si\/sl\/wp-json\/wp\/v2\/pages\/7605\/revisions\/10382"}],"wp:featuredmedia":[{"embeddable":true,"href":"https:\/\/www.tab.si\/sl\/wp-json\/wp\/v2\/media\/2738"}],"wp:attachment":[{"href":"https:\/\/www.tab.si\/sl\/wp-json\/wp\/v2\/media?parent=7605"}],"curies":[{"name":"wp","href":"https:\/\/api.w.org\/{rel}","templated":true}]}}