{"id":4503,"date":"2020-12-03T18:23:59","date_gmt":"2020-12-03T18:23:59","guid":{"rendered":"http:\/\/new.tab.si\/basic-info\/"},"modified":"2023-11-24T10:23:48","modified_gmt":"2023-11-24T10:23:48","slug":"basic-info","status":"publish","type":"page","link":"https:\/\/www.tab.si\/sl\/basic-info\/","title":{"rendered":"OSNOVNE INFORMACIJE"},"content":{"rendered":"<p>[vc_row][vc_column][block_title style=&#8221;column_title&#8221; inner_style=&#8221;inline_border&#8221; title=&#8221;O NAS&#8221;][\/block_title][vc_column_text]<\/p>\n<div style=\"text-align: justify;\">\n<table>\n<tbody>\n<tr>\n<td>Dru\u017eba TAB proizvaja vse vrste svin\u010devih baterij in tudi Li-ion baterije v \u0161tirih moderno opremljenih tovarnah, na \u0161tirih razli\u010dnih lokacijah, s pribli\u017eno 1.600 zaposlenimi:<\/p>\n<ul class=\"ordinary\">\n<li>na prvi lokaciji v \u017derjavu, Slovenija, se nahaja tovarna za recikla\u017eo, kjer letno proizvedemo pribli\u017eno 30.000 t svinca in zlitin\u00a0 iz 55.000 t odpada ter tovarna za industrijske baterije z letno kapaciteto 1.800.000 kosov trakcijskih in stacionarnih celic znamke TAB,<\/li>\n<li>na drugi lokaciji, v \u010crni na Koro\u0161kem, Slovenija, se nahaja tovarna za \u0161tartne baterije znamk TAB, Topla, Vesna in VolThor z letno kapaciteto 3.000.000 kosov;<\/li>\n<li>na tretji lokaciji, na Prevaljah, Slovenija, se proizvajajo Li-ion baterije;<\/li>\n<li>na \u010detrti lokaciji, v Probi\u0161tipu, Republika Severna Makedonija, se proizvajajo \u0161tartne baterije blagovne znamke Vesna z letno kapaciteto 3.000.000 kosov, trakcijske baterije z letno kapaciteto 600.000 kosov trakcijskih velic, v tovarni za recikla\u017eo pa iz 18.000 t odpada proizvedemo 10.000 t svinca.<\/li>\n<\/ul>\n<p>Visokokakovostne baterije, ki jih proizvaja TAB, so znane po celem svetu, \u0161e posebej v Evropi, Aziji in Ameriki.<\/td>\n<\/tr>\n<\/tbody>\n<\/table>\n<\/div>\n<p>[\/vc_column_text][\/vc_column][\/vc_row][vc_row disable_element=&#8221;yes&#8221;][vc_column][vc_raw_html]JTNDc3R5bGUlM0UlMEElMEFoNSU3QiUwQSUyMCUyMGZvbnQtc2l6ZSUzQTIwcHglM0IlMEElMjAlMjB0ZXh0LWFsaWduJTNBY2VudGVyJTNCJTBBJTdEJTBBaDQlN0IlMEFjb2xvciUzQXdoaXRlJTNCJTBBJTdEJTBBLnRpbWVsaW5lJTdCJTBBJTIwJTIwcG9zaXRpb24lM0FyZWxhdGl2ZSUzQiUwQSUyMCUyMG1hcmdpbiUzQTUwcHglMjBhdXRvJTNCJTBBJTIwJTIwcGFkZGluZyUzQTQwcHglMjAwJTNCJTBBJTIwJTIwd2lkdGglM0ExMDAwcHglM0IlMEElMjAlMjBib3gtc2l6aW5nJTNBYm9yZGVyLWJveCUzQiUwQSU3RCUwQS50aW1lbGluZSUzQWJlZm9yZSU3QiUwQSUyMCUyMGNvbnRlbnQlM0ElMjclMjclM0IlMEElMjAlMjBwb3NpdGlvbiUzQWFic29sdXRlJTNCJTBBJTIwJTIwbGVmdCUzQTUwJTI1JTNCJTBBJTIwJTIwd2lkdGglM0EycHglM0IlMEElMjAlMjBoZWlnaHQlM0ExMDAlMjUlM0IlMEElMjAlMjBiYWNrZ3JvdW5kJTNBJTIzNTA1MDUwJTNCJTBBJTdEJTBBLnRpbWVsaW5lJTIwdWwlN0IlMEElMjAlMjBwYWRkaW5nJTNBMCUzQiUwQSUyMCUyMG1hcmdpbiUzQTAlM0IlMEElN0QlMEEudGltZWxpbmUlMjB1bCUyMGxpJTdCJTBBJTIwJTIwbGlzdC1zdHlsZSUzQW5vbmUlM0IlMEElMjAlMjBwb3NpdGlvbiUzQXJlbGF0aXZlJTNCJTBBJTIwJTIwd2lkdGglM0E1MCUyNSUzQiUwQSUyMCUyMHBhZGRpbmclM0EyMHB4JTIwNDBweCUzQiUwQSUyMCUyMGJveC1zaXppbmclM0Fib3JkZXItYm94JTNCJTBBJTdEJTBBLnRpbWVsaW5lJTIwdWwlMjBsaSUzQW50aC1jaGlsZCUyOG9kZCUyOSU3QiUwQSUyMCUyMGZsb2F0JTNBbGVmdCUzQiUwQSUyMCUyMHRleHQtYWxpZ24lM0FyaWdodCUzQiUwQSUyMCUyMGNsZWFyJTNBYm90aCUzQiUwQSU3RCUwQS50aW1lbGluZSUyMHVsJTIwbGklM0FudGgtY2hpbGQlMjhldmVuJTI5JTdCJTBBJTIwJTIwZmxvYXQlM0FyaWdodCUzQiUwQSUyMCUyMHRleHQtYWxpZ24lM0FsZWZ0JTNCJTBBJTIwJTIwY2xlYXIlM0Fib3RoJTNCJTBBJTdEJTBBLmNvbnRlbnQlN0IlMEElMjAlMjBwYWRkaW5nLWJvdHRvbSUzQTIwcHglM0IlMEElN0QlMEEudGltZWxpbmUlMjB1bCUyMGxpJTNBbnRoLWNoaWxkJTI4b2RkJTI5JTNBYmVmb3JlJTBBJTdCJTBBJTIwJTIwY29udGVudCUzQSUyNyUyNyUzQiUwQSUyMCUyMHBvc2l0aW9uJTNBYWJzb2x1dGUlM0IlMEElMjAlMjB3aWR0aCUzQTEwcHglM0IlMEElMjAlMjBoZWlnaHQlM0ExMHB4JTNCJTBBJTIwJTIwdG9wJTNBMjRweCUzQiUwQSUyMCUyMHJpZ2h0JTNBLTZweCUzQiUwQSUyMCUyMGJhY2tncm91bmQlM0FyZ2JhJTI4ODAlMkM4MCUyQzgwJTJDMSUyOSUzQiUwQSUyMCUyMGJvcmRlci1yYWRpdXMlM0E1MCUyNSUzQiUwQSUyMCUyMGJveC1zaGFkb3clM0EwJTIwMCUyMDAlMjAzcHglMjByZ2JhJTI4ODAlMkM4MCUyQzgwJTJDMC4yJTI5JTNCJTBBJTdEJTBBLnRpbWVsaW5lJTIwdWwlMjBsaSUzQW50aC1jaGlsZCUyOGV2ZW4lMjklM0FiZWZvcmUlMEElN0IlMEElMjAlMjBjb250ZW50JTNBJTI3JTI3JTNCJTBBJTIwJTIwcG9zaXRpb24lM0FhYnNvbHV0ZSUzQiUwQSUyMCUyMHdpZHRoJTNBMTBweCUzQiUwQSUyMCUyMGhlaWdodCUzQTEwcHglM0IlMEElMjAlMjB0b3AlM0EyNHB4JTNCJTBBJTIwJTIwbGVmdCUzQS00cHglM0IlMEElMjAlMjBiYWNrZ3JvdW5kJTNBcmdiYSUyODgwJTJDODAlMkM4MCUyQzElMjklM0IlMEElMjAlMjBib3JkZXItcmFkaXVzJTNBNTAlMjUlM0IlMEElMjAlMjBib3gtc2hhZG93JTNBMCUyMDAlMjAwJTIwM3B4JTIwcmdiYSUyODgwJTJDODAlMkM4MCUyQzAuMiUyOSUzQiUwQSU3RCUwQS50aW1lbGluZSUyMHVsJTIwbGklMjBoMyU3QiUwQSUyMCUyMHBhZGRpbmclM0EwJTNCJTBBJTIwJTIwbWFyZ2luJTNBMCUzQiUwQSUyMCUyMGNvbG9yJTNBcmdiYSUyODgwJTJDODAlMkM4MCUyQzElMjklM0IlMEElMjAlMjBmb250LXdlaWdodCUzQTYwMCUzQiUwQSU3RCUwQS50aW1lbGluZSUyMHVsJTIwbGklMjBwJTdCJTBBJTIwJTIwbWFyZ2luJTNBMTBweCUyMDAlMjAwJTNCJTBBJTIwJTIwcGFkZGluZyUzQTAlM0IlMEElN0QlMEEudGltZWxpbmUlMjB1bCUyMGxpJTIwLnRpbWUlMjBoNCU3QiUwQSUyMCUyMG1hcmdpbiUzQTAlM0IlMEElMjAlMjBwYWRkaW5nJTNBMCUzQiUwQSUyMCUyMGZvbnQtc2l6ZSUzQTE0cHglM0IlMEElN0QlMEEudGltZWxpbmUlMjB1bCUyMGxpJTNBbnRoLWNoaWxkJTI4b2RkJTI5JTIwLnRpbWUlMEElN0IlMEElMjAlMjBwb3NpdGlvbiUzQWFic29sdXRlJTNCJTBBJTIwJTIwdG9wJTNBMTJweCUzQiUwQSUyMCUyMHJpZ2h0JTNBLTE2NXB4JTNCJTBBJTIwJTIwbWFyZ2luJTNBMCUzQiUwQSUyMCUyMHBhZGRpbmclM0E4cHglMjAxNnB4JTNCJTBBJTIwJTIwYmFja2dyb3VuZCUzQXJnYmElMjg4MCUyQzgwJTJDODAlMkMxJTI5JTNCJTBBJTIwJTIwY29sb3IlM0ElMjNmZmYlM0IlMEElMjAlMjBib3JkZXItcmFkaXVzJTNBMThweCUzQiUwQSUyMCUyMGJveC1zaGFkb3clM0EwJTIwMCUyMDAlMjAzcHglMjByZ2JhJTI4ODAlMkM4MCUyQzgwJTJDMC4zJTI5JTNCJTBBJTdEJTBBLnRpbWVsaW5lJTIwdWwlMjBsaSUzQW50aC1jaGlsZCUyOGV2ZW4lMjklMjAudGltZSUwQSU3QiUwQSUyMCUyMHBvc2l0aW9uJTNBYWJzb2x1dGUlM0IlMEElMjAlMjB0b3AlM0ExMnB4JTNCJTBBJTIwJTIwbGVmdCUzQS0xNjVweCUzQiUwQSUyMCUyMG1hcmdpbiUzQTAlM0IlMEElMjAlMjBwYWRkaW5nJTNBOHB4JTIwMTZweCUzQiUwQSUyMCUyMGJhY2tncm91bmQlM0FyZ2JhJTI4ODAlMkM4MCUyQzgwJTJDMSUyOSUzQiUwQSUyMCUyMGNvbG9yJTNBJTIzZmZmJTNCJTBBJTIwJTIwYm9yZGVyLXJhZGl1cyUzQTE4cHglM0IlMEElMjAlMjBib3gtc2hhZG93JTNBMCUyMDAlMjAwJTIwM3B4JTIwcmdiYSUyODgwJTJDODAlMkM4MCUyQzAuMyUyOSUzQiUwQSU3RCUwQSU0MG1lZGlhJTI4bWF4LXdpZHRoJTNBMTAwMHB4JTI5JTBBJTdCJTBBJTIwJTIwLnRpbWVsaW5lJTdCJTBBJTIwJTIwJTIwJTIwd2lkdGglM0ExMDAlMjUlM0IlMEElMjAlMjAlN0QlMEElN0QlMEElNDBtZWRpYSUyOG1heC13aWR0aCUzQTc2N3B4JTI5JTdCJTBBJTIwJTIwLnRpbWVsaW5lJTdCJTBBJTIwJTIwJTIwJTIwd2lkdGglM0ExMDAlMjUlM0IlMEElMjAlMjAlMjAlMjBwYWRkaW5nLWJvdHRvbSUzQTAlM0IlMEElMjAlMjAlN0QlMEElMjAlMjBoMSU3QiUwQSUyMCUyMCUyMCUyMGZvbnQtc2l6ZSUzQTQwcHglM0IlMEElMjAlMjAlMjAlMjB0ZXh0LWFsaWduJTNBY2VudGVyJTNCJTBBJTIwJTIwJTdEJTBBJTIwJTIwLnRpbWVsaW5lJTNBYmVmb3JlJTdCJTBBJTIwJTIwJTIwJTIwbGVmdCUzQTIwcHglM0IlMEElMjAlMjAlMjAlMjBoZWlnaHQlM0ExMDAlMjUlM0IlMEElMjAlMjAlN0QlMEElMjAlMjAudGltZWxpbmUlMjB1bCUyMGxpJTNBbnRoLWNoaWxkJTI4b2RkJTI5JTJDJTBBJTIwJTIwLnRpbWVsaW5lJTIwdWwlMjBsaSUzQW50aC1jaGlsZCUyOGV2ZW4lMjklMEElMjAlMjAlN0IlMEElMjAlMjAlMjAlMjB3aWR0aCUzQTEwMCUyNSUzQiUwQSUyMCUyMCUyMCUyMHRleHQtYWxpZ24lM0FsZWZ0JTNCJTBBJTIwJTIwJTIwJTIwcGFkZGluZy1sZWZ0JTNBNTBweCUzQiUwQSUyMCUyMCUyMCUyMHBhZGRpbmctYm90dG9tJTNBNTBweCUzQiUwQSUyMCUyMCU3RCUwQSUyMCUyMC50aW1lbGluZSUyMHVsJTIwbGklM0FudGgtY2hpbGQlMjhvZGQlMjklM0FiZWZvcmUlMkMlMEElMjAlMjAudGltZWxpbmUlMjB1bCUyMGxpJTNBbnRoLWNoaWxkJTI4ZXZlbiUyOSUzQWJlZm9yZSUwQSUyMCUyMCU3QiUwQSUyMCUyMCUyMCUyMHRvcCUzQS0xOHB4JTNCJTBBJTIwJTIwJTIwJTIwbGVmdCUzQTE2cHglM0IlMEElMjAlMjAlN0QlMEElMjAlMjAudGltZWxpbmUlMjB1bCUyMGxpJTNBbnRoLWNoaWxkJTI4b2RkJTI5JTIwLnRpbWUlMkMlMEElMjAlMjAudGltZWxpbmUlMjB1bCUyMGxpJTNBbnRoLWNoaWxkJTI4ZXZlbiUyOSUyMC50aW1lJTdCJTBBJTIwJTIwJTIwJTIwdG9wJTNBLTMwcHglM0IlMEElMjAlMjAlMjAlMjBsZWZ0JTNBNTBweCUzQiUwQSUyMCUyMCUyMCUyMHJpZ2h0JTNBaW5oZXJpdCUzQiUwQSUyMCUyMCU3RCUwQSU3RCUwQSUzQyUyRnN0eWxlJTNFJTBBJTIwJTIwJTNDaDUlM0VaR09ET1ZJTkElM0MlMkZoNSUzRSUwQSUyMCUyMCUzQ2RpdiUyMGNsYXNzJTNEJTIydGltZWxpbmUlMjIlM0UlMEElMjAlMjAlMjAlMjAlM0N1bCUzRSUwQSUyMCUyMCUyMCUyMCUyMCUyMCUzQ2xpJTNFJTBBJTIwJTIwJTIwJTIwJTIwJTIwJTIwJTIwJTNDZGl2JTIwY2xhc3MlM0QlMjJjb250ZW50JTIyJTNFJTBBJTIwJTIwJTIwJTIwJTIwJTIwJTIwJTIwJTIwJTIwJTNDaDMlM0VaYSVDNCU4RGV0a2klMjBydWRhcnNrZSUyMGluJTIwbWV0YWx1ciVDNSVBMWtlJTIwZGVqYXZub3N0aS4lM0MlMkZoMyUzRSUwQSUyMCUyMCUyMCUyMCUyMCUyMCUyMCUyMCUyMCUyMCUzQ3AlM0UlM0MlMkZwJTNFJTBBJTIwJTIwJTIwJTIwJTIwJTIwJTIwJTIwJTNDJTJGZGl2JTNFJTBBJTIwJTIwJTIwJTIwJTIwJTIwJTIwJTIwJTNDZGl2JTIwY2xhc3MlM0QlMjJ0aW1lJTIyJTNFJTBBJTIwJTIwJTIwJTIwJTIwJTIwJTIwJTIwJTIwJTIwJTNDaDQlMjBzdHlsZSUzRCUyMmNvbG9yJTNBd2hpdGUlM0IlMjIlM0UxNjY1JTNDJTJGaDQlM0UlMEElMjAlMjAlMjAlMjAlMjAlMjAlMjAlMjAlM0MlMkZkaXYlM0UlMEElMjAlMjAlMjAlMjAlMjAlMjAlM0MlMkZsaSUzRSUwQSUyMCUyMCUyMCUyMCUyMCUyMCUwQSUyMCUyMCUyMCUyMCUyMCUyMCUzQ2xpJTNFJTBBJTIwJTIwJTIwJTIwJTIwJTIwJTIwJTIwJTNDZGl2JTIwY2xhc3MlM0QlMjJjb250ZW50JTIyJTNFJTBBJTIwJTIwJTIwJTIwJTIwJTIwJTIwJTIwJTIwJTIwJTNDaDMlM0VQb3N0YXZpdGV2JTIwdG9waWxuaWNlJTIwdiUyMCVDNSVCRGVyamF2dS4lM0MlMkZoMyUzRSUwQSUyMCUyMCUyMCUyMCUyMCUyMCUyMCUyMCUyMCUyMCUzQ3AlM0UlM0MlMkZwJTNFJTBBJTIwJTIwJTIwJTIwJTIwJTIwJTIwJTIwJTNDJTJGZGl2JTNFJTBBJTIwJTIwJTIwJTIwJTIwJTIwJTIwJTIwJTNDZGl2JTIwY2xhc3MlM0QlMjJ0aW1lJTIyJTNFJTBBJTIwJTIwJTIwJTIwJTIwJTIwJTIwJTIwJTIwJTIwJTNDaDQlM0UxOTA2JTNDJTJGaDQlM0UlMEElMjAlMjAlMjAlMjAlMjAlMjAlMjAlMjAlM0MlMkZkaXYlM0UlMEElMjAlMjAlMjAlMjAlMjAlMjAlM0MlMkZsaSUzRSUwQSUyMCUyMCUyMCUyMCUyMCUyMCUwQSUyMCUyMCUyMCUyMCUyMCUyMCUzQ2xpJTNFJTBBJTIwJTIwJTIwJTIwJTIwJTIwJTIwJTIwJTNDZGl2JTIwY2xhc3MlM0QlMjJjb250ZW50JTIyJTNFJTBBJTIwJTIwJTIwJTIwJTIwJTIwJTIwJTIwJTIwJTIwJTNDaDMlM0VaYSVDNCU4RGV0ZWslMjBwcm9penZvZG5qZSUyMGJhdGVyaWolM0MlMkZoMyUzRSUwQSUyMCUyMCUyMCUyMCUyMCUyMCUyMCUyMCUyMCUyMCUzQ3AlM0VMaWNlbiVDNCU4RG5hJTIwcG9nb2RiYSUyMHMlMjAlQzUlQTF2ZWRza28lMjBkcnUlQzUlQkVibyUyMFR1ZG9yLiUzQyUyRnAlM0UlMEElMjAlMjAlMjAlMjAlMjAlMjAlMjAlMjAlM0MlMkZkaXYlM0UlMEElMjAlMjAlMjAlMjAlMjAlMjAlMjAlMjAlM0NkaXYlMjBjbGFzcyUzRCUyMnRpbWUlMjIlM0UlMEElMjAlMjAlMjAlMjAlMjAlMjAlMjAlMjAlMjAlMjAlM0NoNCUzRTE5NjUlM0MlMkZoNCUzRSUwQSUyMCUyMCUyMCUyMCUyMCUyMCUyMCUyMCUzQyUyRmRpdiUzRSUwQSUyMCUyMCUyMCUyMCUyMCUyMCUzQyUyRmxpJTNFJTBBJTIwJTIwJTIwJTIwJTIwJTIwJTBBJTIwJTIwJTIwJTIwJTIwJTIwJTNDbGklM0UlMEElMjAlMjAlMjAlMjAlMjAlMjAlMjAlMjAlM0NkaXYlMjBjbGFzcyUzRCUyMmNvbnRlbnQlMjIlM0UlMEElMjAlMjAlMjAlMjAlMjAlMjAlMjAlMjAlMjAlMjAlM0NoMyUzRVphJUM0JThEZXRlayUyMGRvYmF2ZSUyMHN0YXJ0bmloJTIwYmF0ZXJpaiUyMCUzQyUyRmgzJTNFJTBBJTIwJTIwJTIwJTIwJTIwJTIwJTIwJTIwJTIwJTIwJTNDcCUzRVphJUM0JThEZXRlayUyMGRvYmF2ZSUyMHN0YXJ0bmloJTIwYmF0ZXJpaiUyMHphJTIwRmlhdCUyQyUyMFNpbWNhJTJDJTIwQ2l0cm8lQzMlQUJuJTJDJTIwUGV1Z2VvdCUyMGFuZCUyMFJlbmF1bHQuJTNDJTJGcCUzRSUwQSUyMCUyMCUyMCUyMCUyMCUyMCUyMCUyMCUzQyUyRmRpdiUzRSUwQSUyMCUyMCUyMCUyMCUyMCUyMCUyMCUyMCUzQ2RpdiUyMGNsYXNzJTNEJTIydGltZSUyMiUzRSUwQSUyMCUyMCUyMCUyMCUyMCUyMCUyMCUyMCUyMCUyMCUzQ2g0JTNFMTk3MiUzQyUyRmg0JTNFJTBBJTIwJTIwJTIwJTIwJTIwJTIwJTIwJTIwJTNDJTJGZGl2JTNFJTBBJTIwJTIwJTIwJTIwJTIwJTIwJTNDJTJGbGklM0UlMEElMEElMjAlMjAlMjAlMjAlMjAlMjAlM0NsaSUzRSUwQSUyMCUyMCUyMCUyMCUyMCUyMCUyMCUyMCUzQ2RpdiUyMGNsYXNzJTNEJTIyY29udGVudCUyMiUzRSUwQSUyMCUyMCUyMCUyMCUyMCUyMCUyMCUyMCUyMCUyMCUzQ2gzJTNFVXN0YW5vdml0ZXYlMjBkcnUlQzUlQkViZSUyME1QSS1SZWNpa2xhJUM1JUJFYSUyMGQuby5vLiUzQyUyRmgzJTNFJTBBJTIwJTIwJTIwJTIwJTIwJTIwJTIwJTIwJTIwJTIwJTNDcCUzRSUzQyUyRnAlM0UlMEElMjAlMjAlMjAlMjAlMjAlMjAlMjAlMjAlM0MlMkZkaXYlM0UlMEElMjAlMjAlMjAlMjAlMjAlMjAlMjAlMjAlM0NkaXYlMjBjbGFzcyUzRCUyMnRpbWUlMjIlM0UlMEElMjAlMjAlMjAlMjAlMjAlMjAlMjAlMjAlMjAlMjAlM0NoNCUzRTE5OTAlM0MlMkZoNCUzRSUwQSUyMCUyMCUyMCUyMCUyMCUyMCUyMCUyMCUzQyUyRmRpdiUzRSUwQSUyMCUyMCUyMCUyMCUyMCUyMCUzQyUyRmxpJTNFJTBBJTIwJTIwJTIwJTIwJTIwJTIwJTBBJTIwJTIwJTIwJTIwJTIwJTIwJTNDbGklM0UlMEElMjAlMjAlMjAlMjAlMjAlMjAlMjAlMjAlM0NkaXYlMjBjbGFzcyUzRCUyMmNvbnRlbnQlMjIlM0UlMEElMjAlMjAlMjAlMjAlMjAlMjAlMjAlMjAlMjAlMjAlM0NoMyUzRVByZW5laGFuamUlMjBwcmltYXJuZSUyMHByb2l6dm9kbmplJTIwc3ZpbmNhJTNDJTJGaDMlM0UlMEElMjAlMjAlMjAlMjAlMjAlMjAlMjAlMjAlMjAlMjAlM0NwJTNFUHJlbmVoYW5qZSUyMHByaW1hcm5lJTIwcHJvaXp2b2RuamUlMjBzdmluY2ElMjBpbiUyMHByZWhvZCUyMG5hJTIwcmVjaWtsaXJhbmplJTIwb2RwYWRuaWglMjBiYXRlcmlqJTIwaW4lMjBkcnVnaWglMjBvZHBhZGtvdiUyQyUyMGtpJTIwdnNlYnVqZWpvJTIwc3ZpbmVjLiUzQyUyRnAlM0UlMEElMjAlMjAlMjAlMjAlMjAlMjAlMjAlMjAlM0MlMkZkaXYlM0UlMEElMjAlMjAlMjAlMjAlMjAlMjAlMjAlMjAlM0NkaXYlMjBjbGFzcyUzRCUyMnRpbWUlMjIlM0UlMEElMjAlMjAlMjAlMjAlMjAlMjAlMjAlMjAlMjAlMjAlM0NoNCUzRTE5OTElM0MlMkZoNCUzRSUwQSUyMCUyMCUyMCUyMCUyMCUyMCUyMCUyMCUzQyUyRmRpdiUzRSUwQSUyMCUyMCUyMCUyMCUyMCUyMCUzQyUyRmxpJTNFJTBBJTIwJTIwJTIwJTIwJTIwJTIwJTBBJTBBJTIwJTIwJTIwJTIwJTIwJTIwJTBBJTIwJTIwJTIwJTIwJTIwJTIwJTNDbGklM0UlMEElMjAlMjAlMjAlMjAlMjAlMjAlMjAlMjAlM0NkaXYlMjBjbGFzcyUzRCUyMmNvbnRlbnQlMjIlM0UlMEElMjAlMjAlMjAlMjAlMjAlMjAlMjAlMjAlMjAlMjAlM0NoMyUzRUltcGxlbWVudGFjaWphJTIwc3RhbmRhcmRhJTIwSVNPJTIwOTAwMSUyQyUyMGtpJTIwZ2ElMjBjZXJ0aWZpY2lyYSUyMGRydSVDNSVCRWJhJTIwQnVyZWF1JTIwVmVyaXRhcyUyMENlcnRpZmljYXRpb24uJTNDJTJGaDMlM0UlMEElMjAlMjAlMjAlMjAlMjAlMjAlMjAlMjAlMjAlMjAlM0NwJTNFJTNDJTJGcCUzRSUwQSUyMCUyMCUyMCUyMCUyMCUyMCUyMCUyMCUzQyUyRmRpdiUzRSUwQSUyMCUyMCUyMCUyMCUyMCUyMCUyMCUyMCUzQ2RpdiUyMGNsYXNzJTNEJTIydGltZSUyMiUzRSUwQSUyMCUyMCUyMCUyMCUyMCUyMCUyMCUyMCUyMCUyMCUzQ2g0JTNFMTk5NSUzQyUyRmg0JTNFJTBBJTIwJTIwJTIwJTIwJTIwJTIwJTIwJTIwJTNDJTJGZGl2JTNFJTBBJTIwJTIwJTIwJTIwJTIwJTIwJTNDJTJGbGklM0UlMEElMjAlMjAlMjAlMjAlMjAlMjAlMEElMjAlMjAlMjAlMjAlMjAlMjAlM0NsaSUzRSUwQSUyMCUyMCUyMCUyMCUyMCUyMCUyMCUyMCUzQ2RpdiUyMGNsYXNzJTNEJTIyY29udGVudCUyMiUzRSUwQSUyMCUyMCUyMCUyMCUyMCUyMCUyMCUyMCUyMCUyMCUzQ2gzJTNFSW1wbGVtZW50YWNpamElMjBzdGFuZGFyZGElMjBJU08lMjAxNDAwMSUyQyUyMGtpJTIwZ2ElMjBjZXJ0aWZpY2lyYSUyMGRydSVDNSVCRWJhJTIwQnVyZWF1JTIwVmVyaXRhcyUyMENlcnRpZmljYXRpb24uJTNDJTJGaDMlM0UlMEElMjAlMjAlMjAlMjAlMjAlMjAlMjAlMjAlM0MlMkZkaXYlM0UlMEElMjAlMjAlMjAlMjAlMjAlMjAlMjAlMjAlM0NkaXYlMjBjbGFzcyUzRCUyMnRpbWUlMjIlM0UlMEElMjAlMjAlMjAlMjAlMjAlMjAlMjAlMjAlMjAlMjAlM0NoNCUzRTE5OTglM0MlMkZoNCUzRSUwQSUyMCUyMCUyMCUyMCUyMCUyMCUyMCUyMCUzQyUyRmRpdiUzRSUwQSUyMCUyMCUyMCUyMCUyMCUyMCUzQyUyRmxpJTNFJTBBJTIwJTIwJTIwJTIwJTIwJTIwJTBBJTIwJTIwJTIwJTIwJTIwJTIwJTNDbGklM0UlMEElMjAlMjAlMjAlMjAlMjAlMjAlMjAlMjAlM0NkaXYlMjBjbGFzcyUzRCUyMmNvbnRlbnQlMjIlM0UlMEElMjAlMjAlMjAlMjAlMjAlMjAlMjAlMjAlMjAlMjAlM0NoMyUzRVphJUM0JThEZXRlayUyMHByb2l6dm9kbmplJTIwc3RhcnRuaWglMjBiYXRlcmlqJTIwcyUyMHRlaG5vbG9naWpvJTIwZWtzcGFuZGlyYW5qYSUyMENhJTJGQ2EuJTNDJTJGaDMlM0UlMEElMjAlMjAlMjAlMjAlMjAlMjAlMjAlMjAlMjAlMjAlMEElMjAlMjAlMjAlMjAlMjAlMjAlMjAlMjAlM0MlMkZkaXYlM0UlMEElMjAlMjAlMjAlMjAlMjAlMjAlMjAlMjAlM0NkaXYlMjBjbGFzcyUzRCUyMnRpbWUlMjIlM0UlMEElMjAlMjAlMjAlMjAlMjAlMjAlMjAlMjAlMjAlMjAlM0NoNCUzRTIwMDAlM0MlMkZoNCUzRSUwQSUyMCUyMCUyMCUyMCUyMCUyMCUyMCUyMCUzQyUyRmRpdiUzRSUwQSUyMCUyMCUyMCUyMCUyMCUyMCUzQyUyRmxpJTNFJTBBJTIwJTIwJTIwJTIwJTIwJTIwJTBBJTIwJTIwJTIwJTIwJTIwJTIwJTNDbGklM0UlMEElMjAlMjAlMjAlMjAlMjAlMjAlMjAlMjAlM0NkaXYlMjBjbGFzcyUzRCUyMmNvbnRlbnQlMjIlM0UlMEElMjAlMjAlMjAlMjAlMjAlMjAlMjAlMjAlMjAlMjAlM0NoMyUzRVVzdGFub3ZpdGV2JTIwaCVDNCU4RGVyaW5za2UlMjBkcnUlQzUlQkViZSUyMFRBQiUyMFBvbHNrYSUyMFNwLnouby5vLiUyMCUzQyUyRmgzJTNFJTBBJTIwJTIwJTIwJTIwJTIwJTIwJTIwJTIwJTNDJTJGZGl2JTNFJTBBJTIwJTIwJTIwJTIwJTIwJTIwJTIwJTIwJTNDZGl2JTIwY2xhc3MlM0QlMjJ0aW1lJTIyJTNFJTBBJTIwJTIwJTIwJTIwJTIwJTIwJTIwJTIwJTIwJTIwJTNDaDQlM0UyMDAxJTNDJTJGaDQlM0UlMEElMjAlMjAlMjAlMjAlMjAlMjAlMjAlMjAlM0MlMkZkaXYlM0UlMEElMjAlMjAlMjAlMjAlMjAlMjAlM0MlMkZsaSUzRSUwQSUyMCUyMCUyMCUyMCUyMCUyMCUwQSUyMCUyMCUyMCUyMCUyMCUyMCUzQ2xpJTNFJTBBJTIwJTIwJTIwJTIwJTIwJTIwJTIwJTIwJTNDZGl2JTIwY2xhc3MlM0QlMjJjb250ZW50JTIyJTNFJTBBJTIwJTIwJTIwJTIwJTIwJTIwJTIwJTIwJTIwJTIwJTNDaDMlM0VVc3Rhbm92aXRldiUyMGglQzQlOERlcmlzbmtpaCUyMGRydSVDNSVCRWIlMjBUQUIlMjBTcGFpbiUyMGluJTIwQmF0ZXJpamElMjAtJTIwVEFCJTIwSHJ2YXRza2ElMjBkLm8uby4lM0MlMkZoMyUzRSUwQSUyMCUyMCUyMCUyMCUyMCUyMCUyMCUyMCUzQyUyRmRpdiUzRSUwQSUyMCUyMCUyMCUyMCUyMCUyMCUyMCUyMCUzQ2RpdiUyMGNsYXNzJTNEJTIydGltZSUyMiUzRSUwQSUyMCUyMCUyMCUyMCUyMCUyMCUyMCUyMCUyMCUyMCUzQ2g0JTNFMjAwNSUzQyUyRmg0JTNFJTBBJTIwJTIwJTIwJTIwJTIwJTIwJTIwJTIwJTNDJTJGZGl2JTNFJTBBJTIwJTIwJTIwJTIwJTIwJTIwJTNDJTJGbGklM0UlMEElMjAlMjAlMjAlMjAlMjAlMjAlMEElMjAlMjAlMjAlMjAlMjAlMjAlM0NsaSUzRSUwQSUyMCUyMCUyMCUyMCUyMCUyMCUyMCUyMCUzQ2RpdiUyMGNsYXNzJTNEJTIyY29udGVudCUyMiUzRSUwQSUyMCUyMCUyMCUyMCUyMCUyMCUyMCUyMCUyMCUyMCUzQ2gzJTNFSW1wbGVtZW50YWNpamElMjBzdGFuZGFyZGElMjBJU08lMkZUUyUyMDE2OTQ5JTJDJTIwa2klMjBnYSUyMGNlcnRpZmljaXJhJTIwZHJ1JUM1JUJFYmElMjBCdXJlYXUlMjBWZXJpdGFzJTIwQ2VydGlmaWNhdGlvbi4lM0MlMkZoMyUzRSUwQSUyMCUyMCUyMCUyMCUyMCUyMCUyMCUyMCUzQyUyRmRpdiUzRSUwQSUyMCUyMCUyMCUyMCUyMCUyMCUyMCUyMCUzQ2RpdiUyMGNsYXNzJTNEJTIydGltZSUyMiUzRSUwQSUyMCUyMCUyMCUyMCUyMCUyMCUyMCUyMCUyMCUyMCUzQ2g0JTNFMjAwNyUzQyUyRmg0JTNFJTBBJTIwJTIwJTIwJTIwJTIwJTIwJTIwJTIwJTNDJTJGZGl2JTNFJTBBJTIwJTIwJTIwJTIwJTIwJTIwJTNDJTJGbGklM0UlMEElMEElMjAlMjAlMjAlMjAlMjAlMjAlM0NsaSUzRSUwQSUyMCUyMCUyMCUyMCUyMCUyMCUyMCUyMCUzQ2RpdiUyMGNsYXNzJTNEJTIyY29udGVudCUyMiUzRSUwQSUyMCUyMCUyMCUyMCUyMCUyMCUyMCUyMCUyMCUyMCUzQ2gzJTNFWmElQzQlOERldGVrJTIwcHJvaXp2b2RuamUlMjBpbmR1c3RyaWpza2loJTIwYmF0ZXJpaiUyMHMlMjB0ZWhub2xvZ2lqbyUyMFZSTEElMjBHZWwuJTNDJTJGaDMlM0UlMEElMjAlMjAlMjAlMjAlMjAlMjAlMjAlMjAlM0MlMkZkaXYlM0UlMEElMjAlMjAlMjAlMjAlMjAlMjAlMjAlMjAlM0NkaXYlMjBjbGFzcyUzRCUyMnRpbWUlMjIlM0UlMEElMjAlMjAlMjAlMjAlMjAlMjAlMjAlMjAlMjAlMjAlM0NoNCUzRTIwMDklM0MlMkZoNCUzRSUwQSUyMCUyMCUyMCUyMCUyMCUyMCUyMCUyMCUzQyUyRmRpdiUzRSUwQSUyMCUyMCUyMCUyMCUyMCUyMCUzQyUyRmxpJTNFJTBBJTBBJTIwJTIwJTIwJTIwJTIwJTIwJTNDbGklM0UlMEElMjAlMjAlMjAlMjAlMjAlMjAlMjAlMjAlM0NkaXYlMjBjbGFzcyUzRCUyMmNvbnRlbnQlMjIlM0UlMEElMjAlMjAlMjAlMjAlMjAlMjAlMjAlMjAlMjAlMjAlM0NoMyUzRVVzdGFub3ZpdGV2JTIwaCVDNCU4RGVyaW5za2loJTIwZHJ1JUM1JUJFYiUyMFRBQiUyMEl0YWxpYSUyMFMucC5BLiUyMGluJTIwVEFCJTIwQmF0ZXJpamUlMjBkLm8uby4lM0MlMkZoMyUzRSUwQSUyMCUyMCUyMCUyMCUyMCUyMCUyMCUyMCUzQyUyRmRpdiUzRSUwQSUyMCUyMCUyMCUyMCUyMCUyMCUyMCUyMCUzQ2RpdiUyMGNsYXNzJTNEJTIydGltZSUyMiUzRSUwQSUyMCUyMCUyMCUyMCUyMCUyMCUyMCUyMCUyMCUyMCUzQ2g0JTNFMjAxMCUzQyUyRmg0JTNFJTBBJTIwJTIwJTIwJTIwJTIwJTIwJTIwJTIwJTNDJTJGZGl2JTNFJTBBJTIwJTIwJTIwJTIwJTIwJTIwJTNDJTJGbGklM0UlMEElMEElMjAlMjAlMjAlMjAlMjAlMjAlMjAlMjAlMjAlMjAlMjAlMjAlM0NsaSUzRSUwQSUyMCUyMCUyMCUyMCUyMCUyMCUyMCUyMCUzQ2RpdiUyMGNsYXNzJTNEJTIyY29udGVudCUyMiUzRSUwQSUyMCUyMCUyMCUyMCUyMCUyMCUyMCUyMCUyMCUyMCUzQ2gzJTNFQVRFWCUyMENlcnRpZmlrYXQuJTNDJTJGaDMlM0UlMEElMjAlMjAlMjAlMjAlMjAlMjAlMjAlMjAlM0MlMkZkaXYlM0UlMEElMjAlMjAlMjAlMjAlMjAlMjAlMjAlMjAlM0NkaXYlMjBjbGFzcyUzRCUyMnRpbWUlMjIlM0UlMEElMjAlMjAlMjAlMjAlMjAlMjAlMjAlMjAlMjAlMjAlM0NoNCUzRTIwMTElM0MlMkZoNCUzRSUwQSUyMCUyMCUyMCUyMCUyMCUyMCUyMCUyMCUzQyUyRmRpdiUzRSUwQSUyMCUyMCUyMCUyMCUyMCUyMCUzQyUyRmxpJTNFJTBBJTBBJTIwJTIwJTIwJTIwJTIwJTIwJTIwJTIwJTIwJTIwJTIwJTIwJTNDbGklM0UlMEElMjAlMjAlMjAlMjAlMjAlMjAlMjAlMjAlM0NkaXYlMjBjbGFzcyUzRCUyMmNvbnRlbnQlMjIlM0UlMEElMjAlMjAlMjAlMjAlMjAlMjAlMjAlMjAlMjAlMjAlM0NoMyUzRVByZXZ6ZW0lMjBkcnUlQzUlQkViZSUyMFZFU05BJTIwU0FQJTIwdiUyME1ha2Vkb25pamkuJTIwVXN0YW5vdml0ZXYlMjBoJUM0JThEZXJpbnNrZWdhJTIwcG9kamV0amElMjBUQUIlMjBNQUslMjBkLm8uby4uJTNDJTJGaDMlM0UlMEElMjAlMjAlMjAlMjAlMjAlMjAlMjAlMjAlM0MlMkZkaXYlM0UlMEElMjAlMjAlMjAlMjAlMjAlMjAlMjAlMjAlM0NkaXYlMjBjbGFzcyUzRCUyMnRpbWUlMjIlM0UlMEElMjAlMjAlMjAlMjAlMjAlMjAlMjAlMjAlMjAlMjAlM0NoNCUzRTIwMTIlM0MlMkZoNCUzRSUwQSUyMCUyMCUyMCUyMCUyMCUyMCUyMCUyMCUzQyUyRmRpdiUzRSUwQSUyMCUyMCUyMCUyMCUyMCUyMCUzQyUyRmxpJTNFJTBBJTBBJTIwJTIwJTIwJTIwJTIwJTIwJTIwJTIwJTIwJTIwJTIwJTIwJTNDbGklM0UlMEElMjAlMjAlMjAlMjAlMjAlMjAlMjAlMjAlM0NkaXYlMjBjbGFzcyUzRCUyMmNvbnRlbnQlMjIlM0UlMEElMjAlMjAlMjAlMjAlMjAlMjAlMjAlMjAlMjAlMjAlM0NoMyUzRU90dm9yaXRldiUyMG5vdmVnYSUyMHNlZGUlQzUlQkVhJTIwaCVDNCU4RGVyaW5za2VnYSUyMHBvZGpldGphJTIwVEFCJTIwSXRhbGlhJTIwUy5wLkEuJTNDJTJGaDMlM0UlMEElMjAlMjAlMjAlMjAlMjAlMjAlMjAlMjAlM0MlMkZkaXYlM0UlMEElMjAlMjAlMjAlMjAlMjAlMjAlMjAlMjAlM0NkaXYlMjBjbGFzcyUzRCUyMnRpbWUlMjIlM0UlMEElMjAlMjAlMjAlMjAlMjAlMjAlMjAlMjAlMjAlMjAlM0NoNCUzRTIwMTYlM0MlMkZoNCUzRSUwQSUyMCUyMCUyMCUyMCUyMCUyMCUyMCUyMCUzQyUyRmRpdiUzRSUwQSUyMCUyMCUyMCUyMCUyMCUyMCUzQyUyRmxpJTNFJTBBJTBBJTIwJTIwJTIwJTIwJTIwJTIwJTIwJTIwJTIwJTIwJTIwJTIwJTNDbGklM0UlMEElMjAlMjAlMjAlMjAlMjAlMjAlMjAlMjAlM0NkaXYlMjBjbGFzcyUzRCUyMmNvbnRlbnQlMjIlM0UlMEElMjAlMjAlMjAlMjAlMjAlMjAlMjAlMjAlMjAlMjAlM0NoMyUzRU90dm9yaXRldiUyMG5vdmVnYSUyMHNlZGUlQzUlQkVhJTIwcG9kamV0amElMjBUQUIlMjBTcGFpbi4lMjBJbXBsZW1lbnRhY2lqYSUyMHN0YW5kYXJkYSUyMElBVEYlMjAxNjk0OSUyQyUyMGtpJTIwZ2ElMjBjZXJ0aWZpY2lyYSUyMGRydSVDNSVCRWJhJTIwQnVyZWF1JTIwVmVyaXRhcyUyMENlcnRpZmljYXRpb24uJTNDJTJGaDMlM0UlMEElMjAlMjAlMjAlMjAlMjAlMjAlMjAlMjAlM0MlMkZkaXYlM0UlMEElMjAlMjAlMjAlMjAlMjAlMjAlMjAlMjAlM0NkaXYlMjBjbGFzcyUzRCUyMnRpbWUlMjIlM0UlMEElMjAlMjAlMjAlMjAlMjAlMjAlMjAlMjAlMjAlMjAlM0NoNCUzRTIwMTclM0MlMkZoNCUzRSUwQSUyMCUyMCUyMCUyMCUyMCUyMCUyMCUyMCUzQyUyRmRpdiUzRSUwQSUyMCUyMCUyMCUyMCUyMCUyMCUzQyUyRmxpJTNFJTBBJTBBJTIwJTIwJTIwJTIwJTIwJTIwJTIwJTIwJTIwJTIwJTIwJTIwJTNDbGklM0UlMEElMjAlMjAlMjAlMjAlMjAlMjAlMjAlMjAlM0NkaXYlMjBjbGFzcyUzRCUyMmNvbnRlbnQlMjIlM0UlMEElMjAlMjAlMjAlMjAlMjAlMjAlMjAlMjAlMjAlMjAlM0NoMyUzRVphJUM0JThEZXRlayUyMHByb2l6dm9kbmplJTIwc3RhcnRuaWglMjBiYXRlcmlqJTIwemElMjBnb3Nwb2RhcnNrYSUyMHZvemlsYSUyMHMlMjBzaXN0ZW1vbSUyMHphJTIwbWUlQzUlQTFhbmplJTIwZWxla3Ryb2xpdGElMjAlMjhFTVMlMjkuJTNDJTJGaDMlM0UlMEElMjAlMjAlMjAlMjAlMjAlMjAlMjAlMjAlM0MlMkZkaXYlM0UlMEElMjAlMjAlMjAlMjAlMjAlMjAlMjAlMjAlM0NkaXYlMjBjbGFzcyUzRCUyMnRpbWUlMjIlM0UlMEElMjAlMjAlMjAlMjAlMjAlMjAlMjAlMjAlMjAlMjAlM0NoNCUzRTIwMTglM0MlMkZoNCUzRSUwQSUyMCUyMCUyMCUyMCUyMCUyMCUyMCUyMCUzQyUyRmRpdiUzRSUwQSUyMCUyMCUyMCUyMCUyMCUyMCUzQyUyRmxpJTNFJTBBJTBBJTIwJTIwJTIwJTIwJTIwJTIwJTIwJTIwJTIwJTIwJTIwJTIwJTNDbGklM0UlMEElMjAlMjAlMjAlMjAlMjAlMjAlMjAlMjAlM0NkaXYlMjBjbGFzcyUzRCUyMmNvbnRlbnQlMjIlM0UlMEElMjAlMjAlMjAlMjAlMjAlMjAlMjAlMjAlMjAlMjAlM0NoMyUzRVBvZGpldGplJTIwVEFCJTIwcG9zdGFuZSUyMGRvYmF2aXRlbGolMjBzdGFydG5paCUyMGJhdGVyaWolMjB6YSUyMHBydm8lMjB2Z3JhZG5qbyUyMHByb2l6dmFqYWxjYSUyMHZvemlsJTIwVm9sa3N3YWdlbi4lM0MlMkZoMyUzRSUwQSUyMCUyMCUyMCUyMCUyMCUyMCUyMCUyMCUyMCUyMCUzQ3AlM0VaYSVDNCU4RGV0ZWslMjBwcm9penZvZG5qZSUyMExpLUlvbiUyMHRyYWtjaWpza2loJTIwYmF0ZXJpai4lMjBPdHZvcml0ZXYlMjBub3ZpaCUyMHByb3N0b3JvdiUyMGglQzQlOERlcmluc2tpaCUyMHBvZGpldGlqJTIwQmF0ZXJpamElMjAtJTIwVEFCJTIwSHJ2YXRza2ElMjBkLm8uby4lMjBpbiUyMFRBQiUyMFBvbHNrYSUyMFNwLnouby5vLiUzQyUyRnAlM0UlMEElMjAlMjAlMjAlMjAlMjAlMjAlMjAlMjAlM0MlMkZkaXYlM0UlMEElMjAlMjAlMjAlMjAlMjAlMjAlMjAlMjAlM0NkaXYlMjBjbGFzcyUzRCUyMnRpbWUlMjIlM0UlMEElMjAlMjAlMjAlMjAlMjAlMjAlMjAlMjAlMjAlMjAlM0NoNCUzRTIwMTklM0MlMkZoNCUzRSUwQSUyMCUyMCUyMCUyMCUyMCUyMCUyMCUyMCUzQyUyRmRpdiUzRSUwQSUyMCUyMCUyMCUyMCUyMCUyMCUzQyUyRmxpJTNFJTBBJTBBJTIwJTIwJTIwJTIwJTIwJTIwJTIwJTIwJTIwJTIwJTIwJTIwJTNDbGklM0UlMEElMjAlMjAlMjAlMjAlMjAlMjAlMjAlMjAlM0NkaXYlMjBjbGFzcyUzRCUyMmNvbnRlbnQlMjIlM0UlMEElMjAlMjAlMjAlMjAlMjAlMjAlMjAlMjAlMjAlMjAlM0NoMyUzRVphJUM0JThEZXRlayUyMHByb2l6dm9kbmplJTIwVEFCJTIwUE9XRVIlMjBTUVVBUkUlMjB0cmFrY2lqc2tpaCUyMGJhdGVyaWouJTNDJTJGaDMlM0UlMEElMjAlMjAlMjAlMjAlMjAlMjAlMjAlMjAlM0MlMkZkaXYlM0UlMEElMjAlMjAlMjAlMjAlMjAlMjAlMjAlMjAlM0NkaXYlMjBjbGFzcyUzRCUyMnRpbWUlMjIlM0UlMEElMjAlMjAlMjAlMjAlMjAlMjAlMjAlMjAlMjAlMjAlM0NoNCUzRTIwMjAlM0MlMkZoNCUzRSUwQSUyMCUyMCUyMCUyMCUyMCUyMCUyMCUyMCUzQyUyRmRpdiUzRSUwQSUyMCUyMCUyMCUyMCUyMCUyMCUzQyUyRmxpJTNFJTBBJTIwJTIwJTIwJTIwJTIwJTIwJTIwJTIwJTIwJTIwJTIwJTIwJTIwJTIwJTIwJTNDbGklM0UlMEElMjAlMjAlMjAlMjAlMjAlMjAlMjAlMjAlM0NkaXYlMjBjbGFzcyUzRCUyMmNvbnRlbnQlMjIlM0UlMEElMjAlMjAlMjAlMjAlMjAlMjAlMjAlMjAlMjAlMjAlM0NoMyUzRVVzdGFub3ZpdGV2JTIwSm9pbnQlMjBWZW50dXJlJTIwcG9kamV0amElMjBUQUItSGFpZGklMjBkLm8uby4lM0MlMkZoMyUzRSUwQSUwQSUyMCUyMCUyMCUyMCUyMCUyMCUyMCUyMCUzQyUyRmRpdiUzRSUwQSUyMCUyMCUyMCUyMCUyMCUyMCUyMCUyMCUzQ2RpdiUyMGNsYXNzJTNEJTIydGltZSUyMiUzRSUwQSUyMCUyMCUyMCUyMCUyMCUyMCUyMCUyMCUyMCUyMCUzQ2g0JTNFMjAyMSUzQyUyRmg0JTNFJTBBJTIwJTIwJTIwJTIwJTIwJTIwJTIwJTIwJTNDJTJGZGl2JTNFJTBBJTIwJTIwJTIwJTIwJTIwJTIwJTNDJTJGbGklM0UlMEElMEElMjAlMjAlMjAlMjAlMjAlMjAlM0NkaXYlMjBzdHlsZSUzRCUyMmNsZWFyJTNBYm90aCUzQiUyMiUzRSUzQyUyRmRpdiUzRSUwQSUyMCUyMCUyMCUyMCUzQyUyRnVsJTNFJTBBJTIwJTIwJTNDJTJGZGl2JTNFJTBB[\/vc_raw_html][\/vc_column][\/vc_row]<\/p>\n","protected":false},"excerpt":{"rendered":"<p>[vc_row][vc_column][block_title style=&#8221;column_title&#8221; inner_style=&#8221;inline_border&#8221; title=&#8221;O NAS&#8221;][\/block_title][vc_column_text] Dru\u017eba TAB proizvaja vse vrste svin\u010devih baterij in tudi Li-ion baterije v \u0161tirih moderno opremljenih tovarnah, na \u0161tirih razli\u010dnih lokacijah, s pribli\u017eno 1.600 zaposlenimi: na prvi lokaciji v \u017derjavu, Slovenija, se nahaja tovarna za recikla\u017eo, kjer letno proizvedemo pribli\u017eno 30.000 t svinca in zlitin\u00a0 iz 55.000 t odpada ter tovarna [&hellip;]<\/p>\n","protected":false},"author":1,"featured_media":2738,"parent":0,"menu_order":0,"comment_status":"closed","ping_status":"closed","template":"","meta":{"footnotes":""},"_links":{"self":[{"href":"https:\/\/www.tab.si\/sl\/wp-json\/wp\/v2\/pages\/4503"}],"collection":[{"href":"https:\/\/www.tab.si\/sl\/wp-json\/wp\/v2\/pages"}],"about":[{"href":"https:\/\/www.tab.si\/sl\/wp-json\/wp\/v2\/types\/page"}],"author":[{"embeddable":true,"href":"https:\/\/www.tab.si\/sl\/wp-json\/wp\/v2\/users\/1"}],"replies":[{"embeddable":true,"href":"https:\/\/www.tab.si\/sl\/wp-json\/wp\/v2\/comments?post=4503"}],"version-history":[{"count":18,"href":"https:\/\/www.tab.si\/sl\/wp-json\/wp\/v2\/pages\/4503\/revisions"}],"predecessor-version":[{"id":14676,"href":"https:\/\/www.tab.si\/sl\/wp-json\/wp\/v2\/pages\/4503\/revisions\/14676"}],"wp:featuredmedia":[{"embeddable":true,"href":"https:\/\/www.tab.si\/sl\/wp-json\/wp\/v2\/media\/2738"}],"wp:attachment":[{"href":"https:\/\/www.tab.si\/sl\/wp-json\/wp\/v2\/media?parent=4503"}],"curies":[{"name":"wp","href":"https:\/\/api.w.org\/{rel}","templated":true}]}}