{"id":2768,"date":"2020-12-14T09:01:22","date_gmt":"2020-12-14T09:01:22","guid":{"rendered":"http:\/\/new.tab.si\/vision-and-mission-of-the-company\/"},"modified":"2024-03-07T15:13:00","modified_gmt":"2024-03-07T15:13:00","slug":"vision-and-mission-of-the-company","status":"publish","type":"page","link":"https:\/\/www.tab.si\/sl\/vision-and-mission-of-the-company\/","title":{"rendered":"POLITIKA DRU\u017dBENE ODGOVORNOSTI, KAKOVOSTI IN RAVNANJA Z OKOLJEM"},"content":{"rendered":"<p>[vc_row][vc_column css=&#8221;.vc_custom_1614959665104{margin-top: 0px !important;}&#8221;][block_title style=&#8221;column_title&#8221; inner_style=&#8221;inline_border&#8221; title=&#8221;POSLANSTVO&#8221;][\/block_title][vc_column_text]Poleg konkuren\u010dnosti in edinstvenosti na podro\u010dju proizvodnje in tr\u017eenja svin\u010devo-kislinskih ter drugih vrst baterij skrbimo, da se tok energije in gibanja v \u0161ir\u0161i skupnosti ne ustavi.[\/vc_column_text][block_title style=&#8221;column_title&#8221; inner_style=&#8221;inline_border&#8221; title=&#8221;VIZIJA&#8221;][\/block_title][vc_column_text]Smo visoko konkuren\u010dno podjetje na podro\u010dju proizvodnje, prodaje in servisiranja razli\u010dnih re\u0161itev za shranjevanje energije, kjer kreiramo nove trge ter zadovoljujemo raz\u0161irjene potrebe na\u0161ih dele\u017enikov.[\/vc_column_text][block_title style=&#8221;column_title&#8221; inner_style=&#8221;inline_border&#8221; title=&#8221;VREDNOTE&#8221;][\/block_title][vc_column_text]<\/p>\n<div style=\"text-align: justify;\">\n<p>Na\u0161e vrednote so konkuren\u010dnost in edinstvenost, inovativnost, fleksibilnost, zanesljivost ter trajnostni razvoj. Za podjetje so poleg zanimanja za razvoj, proizvodnjo in prodajo visokokakovostnih izdelkov pomembni tudi partnerski odnosi z na\u0161imi dele\u017eniki, ki so vpleteni vposlovanje: s kupci, zaposlenimi, dobavitelji, delni\u010darji, dr\u017eavo, lokalno in \u0161ir\u0161o skupnostjo.<\/p>\n<p>Vodstvo dru\u017ebe bo ustvarilo vse pogoje, ki so potrebni za doseganje zastavljenih ciljev in nenehnega izbolj\u0161evanja u\u010dinkovitosti sistema vodenja kakovosti in ravnanja z okoljem. Vodstvo se zavezuje, da bo ustvarilo razmere, ki bodo omogo\u010dale razvoj in proizvodnjo izdelkov,<br \/>\nskladnih z doma\u010dimi ter mednarodnimi zakonskimi predpisi in standardi. Izpolnili bomo vse zahteve, na katere je podjetje pristalo ter izpolnili zahteve in pri\u010dakovanja odjemalcev z namenom pove\u010devanja njihovega zadovoljstva.<\/p>\n<p>Pri svojem delovanju bomo skrbeli, da bo na\u0161 vpliv na okolje minimalen in znotraj predpisanih slovenskih ter mednarodnih zakonskih mej. Prav tako bomo skrbeli za varnost in zdravje zaposlenih na delovnih mestih ter za njihovo motiviranost. Omogo\u010dili bomo pridobivanje potrebnega znanja za zagotavljanje ustrezne usposobljenosti.<\/p><\/div>\n<p>[\/vc_column_text][vc_custom_heading text=&#8221;CILJI, KI SMO SI JIH POSTAVILI SO:&#8221;][vc_column_text]<\/p>\n<ul style=\"text-align: left;\">\n<li>letna proizvodnja 3.000.000 startnih baterij, 1.700.000 industrijskih elementov in 1 GWh litij-ionskih baterij,<\/li>\n<li>slediti razvoju vodilnim globalnim dru\u017ebam ter uvajati nove trajnostne tehnologije in proizvode na podro\u010dju svin\u010devo-kislinskih in litij-ionskih baterij,<\/li>\n<li>optimizirati porabo energentov in odpadkov na enoto proizvoda,<\/li>\n<li>vidik trajnosti vklju\u010devati v celotni cikel izdelka,<\/li>\n<li>zmanj\u0161evati emisije toplogrednih plinov in s tem vplive na okolje,<\/li>\n<li>pove\u010dati dele\u017e oskrbe z obnovljivimi viri energije,<\/li>\n<li>pove\u010dati energetsko u\u010dinkovitost delovnih procesov,<\/li>\n<li>uporabiti najbolj\u0161o razpolo\u017eljivo tehnologijo (BAT) pri izpolnjevanju zahtev\u00a0 okoljevarstvenega dovoljenja,<\/li>\n<li>prepre\u010devati po\u0161kodbe in okvare zdravja na delovnem mestu na podlagi ocene tveganja in stalnega prepoznavanja nevarnosti,<\/li>\n<li>izpolniti zahteve varstva in zdravja pri delu o najve\u010dji dovoljeni vrednosti\u00a0 vsebnosti Pb v krvi zaposlenih: 200 \u03bcg\/l za \u017eenske ter 300 \u03bcg\/l za mo\u0161ke,<\/li>\n<li>ustvarjati zadosten dobi\u010dek za dolgoro\u010dno uspe\u0161no poslovanje podjetja.<\/li>\n<\/ul>\n<p>[\/vc_column_text][vc_column_text]<strong>Cilje bomo uresni\u010dili le s skupnimi mo\u010dmi vseh zaposlenih ter s sodelovanjem na\u0161ih poslovnih partnerjev in ostalih zainteresiranih strank, ki bodo vklju\u010deni v poslovanje dru\u017ebe<\/strong>[\/vc_column_text][\/vc_column][\/vc_row][vc_row][vc_column width=&#8221;2\/3&#8243;][vc_column_text]<\/p>\n<div>\n<div class=\"pull-left\">Glavni izvr\u0161ni direktor<br \/>\n<strong>Roman Burja<\/strong><\/div>\n<div class=\"pull-right\">Izvr\u0161ni direktor za tehni\u010dno podro\u010dje<br \/>\n<strong>Martin Rebula<\/strong><\/div>\n<\/div>\n<p>&nbsp;<\/p>\n<div class=\"pull-left\">Me\u017eica, Januar 2024<\/div>\n<p>[\/vc_column_text][\/vc_column][vc_column width=&#8221;1\/3&#8243;][media alignment=&#8221;right&#8221; animation=&#8221;none&#8221; image=&#8221;2405&#8243;][\/vc_column][\/vc_row][vc_row][vc_column][button title=&#8221;POGLEJ&#8221; link=&#8221;http:\/\/www.tab.si\/pdf\/Politika_TAB_2024.pdf&#8221; new_tab=&#8221;yes&#8221; icon=&#8221;moon-file-5&#8243;][\/vc_column][\/vc_row]<\/p>\n","protected":false},"excerpt":{"rendered":"<p>[vc_row][vc_column css=&#8221;.vc_custom_1614959665104{margin-top: 0px !important;}&#8221;][block_title style=&#8221;column_title&#8221; inner_style=&#8221;inline_border&#8221; title=&#8221;POSLANSTVO&#8221;][\/block_title][vc_column_text]Poleg konkuren\u010dnosti in edinstvenosti na podro\u010dju proizvodnje in tr\u017eenja svin\u010devo-kislinskih ter drugih vrst baterij skrbimo, da se tok energije in gibanja v \u0161ir\u0161i skupnosti ne ustavi.[\/vc_column_text][block_title style=&#8221;column_title&#8221; inner_style=&#8221;inline_border&#8221; title=&#8221;VIZIJA&#8221;][\/block_title][vc_column_text]Smo visoko konkuren\u010dno podjetje na podro\u010dju proizvodnje, prodaje in servisiranja razli\u010dnih re\u0161itev za shranjevanje energije, kjer kreiramo nove trge ter zadovoljujemo [&hellip;]<\/p>\n","protected":false},"author":1,"featured_media":2738,"parent":0,"menu_order":0,"comment_status":"closed","ping_status":"closed","template":"","meta":{"footnotes":""},"_links":{"self":[{"href":"https:\/\/www.tab.si\/sl\/wp-json\/wp\/v2\/pages\/2768"}],"collection":[{"href":"https:\/\/www.tab.si\/sl\/wp-json\/wp\/v2\/pages"}],"about":[{"href":"https:\/\/www.tab.si\/sl\/wp-json\/wp\/v2\/types\/page"}],"author":[{"embeddable":true,"href":"https:\/\/www.tab.si\/sl\/wp-json\/wp\/v2\/users\/1"}],"replies":[{"embeddable":true,"href":"https:\/\/www.tab.si\/sl\/wp-json\/wp\/v2\/comments?post=2768"}],"version-history":[{"count":10,"href":"https:\/\/www.tab.si\/sl\/wp-json\/wp\/v2\/pages\/2768\/revisions"}],"predecessor-version":[{"id":14818,"href":"https:\/\/www.tab.si\/sl\/wp-json\/wp\/v2\/pages\/2768\/revisions\/14818"}],"wp:featuredmedia":[{"embeddable":true,"href":"https:\/\/www.tab.si\/sl\/wp-json\/wp\/v2\/media\/2738"}],"wp:attachment":[{"href":"https:\/\/www.tab.si\/sl\/wp-json\/wp\/v2\/media?parent=2768"}],"curies":[{"name":"wp","href":"https:\/\/api.w.org\/{rel}","templated":true}]}}