{"id":14997,"date":"2024-07-05T16:58:51","date_gmt":"2024-07-05T16:58:51","guid":{"rendered":"https:\/\/www.tab.si\/?page_id=14997"},"modified":"2024-10-23T11:34:46","modified_gmt":"2024-10-23T11:34:46","slug":"tab-family","status":"publish","type":"page","link":"https:\/\/www.tab.si\/sl\/tab-family\/","title":{"rendered":"Tab e.storage family"},"content":{"rendered":"\n<p><\/p>\n\n\n\n<h2 class=\"wp-block-heading\"><strong>Shranite prese\u017eno energijo za kasneje<\/strong><\/h2>\n\n\n\n<h2 class=\"wp-block-heading\">TAB e.storage hranilniki elektri\u010dne energije<\/h2>\n\n\n\n<p><\/p>\n\n\n\n<figure class=\"wp-block-image size-large is-style-default wp-duotone-unset-1\"><img decoding=\"async\" loading=\"lazy\" width=\"1024\" height=\"766\" src=\"https:\/\/www.tab.si\/wp-content\/uploads\/2024\/07\/TAB_Li-ion_family_group_white-min-1024x766.jpg\" alt=\"\" class=\"wp-image-15064\" srcset=\"https:\/\/www.tab.si\/wp-content\/uploads\/2024\/07\/TAB_Li-ion_family_group_white-min-1024x766.jpg 1024w, https:\/\/www.tab.si\/wp-content\/uploads\/2024\/07\/TAB_Li-ion_family_group_white-min-300x224.jpg 300w, https:\/\/www.tab.si\/wp-content\/uploads\/2024\/07\/TAB_Li-ion_family_group_white-min-768x575.jpg 768w, https:\/\/www.tab.si\/wp-content\/uploads\/2024\/07\/TAB_Li-ion_family_group_white-min-1536x1149.jpg 1536w, https:\/\/www.tab.si\/wp-content\/uploads\/2024\/07\/TAB_Li-ion_family_group_white-min-2048x1532.jpg 2048w, https:\/\/www.tab.si\/wp-content\/uploads\/2024\/07\/TAB_Li-ion_family_group_white-min-627x470.jpg 627w\" sizes=\"(max-width: 1024px) 100vw, 1024px\" \/><\/figure>\n\n\n\n<p><\/p>\n\n\n\n<p><\/p>\n\n\n\n<h3 class=\"wp-block-heading\"><strong>Ve\u010d prihrankov s son\u010dno elektrarno<\/strong><\/h3>\n\n\n\n<p><\/p>\n\n\n\n<p>Son\u010dna elektrarna ob razli\u010dnih \u010dasih proizvaja razli\u010dne koli\u010dine elektri\u010dne energije.<\/p>\n\n\n\n<figure class=\"wp-block-image size-large is-style-default\"><img decoding=\"async\" loading=\"lazy\" width=\"1024\" height=\"659\" src=\"https:\/\/www.tab.si\/wp-content\/uploads\/2024\/07\/Slika_1-min-1-1024x659.jpg\" alt=\"\" class=\"wp-image-15071\" srcset=\"https:\/\/www.tab.si\/wp-content\/uploads\/2024\/07\/Slika_1-min-1-1024x659.jpg 1024w, https:\/\/www.tab.si\/wp-content\/uploads\/2024\/07\/Slika_1-min-1-300x193.jpg 300w, https:\/\/www.tab.si\/wp-content\/uploads\/2024\/07\/Slika_1-min-1-768x494.jpg 768w, https:\/\/www.tab.si\/wp-content\/uploads\/2024\/07\/Slika_1-min-1-1536x988.jpg 1536w, https:\/\/www.tab.si\/wp-content\/uploads\/2024\/07\/Slika_1-min-1-2048x1317.jpg 2048w\" sizes=\"(max-width: 1024px) 100vw, 1024px\" \/><\/figure>\n\n\n\n<p>S hranilniki elektri\u010dne energije <strong><a href=\"https:\/\/www.tab.si\/sl\/tab-e-storage-family\/\" data-type=\"link\" data-id=\"https:\/\/www.tab.si\/sl\/tab-e-storage-family\/\">TAB e.storage FAMILY<\/a><\/strong> shranite elektri\u010dno energijo v \u010dasu prese\u017ene proizvodnje in jo porabite, ko je son\u010dna elektrarna proizvede manj, v \u010dasu vi\u0161jih tarif ali ob izpadu elektri\u010dne energije.<\/p>\n\n\n\n<p>Namesto da se energija oddaja nazaj v omre\u017eje, jo porabite kasneje in tako bolje izkoristite svojo son\u010dno elektrarno, ste bolj neodvisni in prihranite ve\u010d.<\/p>\n\n\n\n<p class=\"has-text-align-left\">Za ve\u010d informacij \/ povpra\u0161evanje prosim kontaktirajte::<\/p>\n\n\n\n<p class=\"has-text-align-left\">g. Darijan Skube<\/p>\n\n\n\n<p class=\"has-text-align-left\">e: <a href=\"mailto:darijan.skube@tab.si\">darijan.skube@tab.si<\/a><\/p>\n\n\n\n<p>Na\u0161i partnerji:<\/p>\n\n\n\n<ul>\n<li>MOON, Porsche Slovenija d.o.o.<\/li>\n\n\n\n<li>Sol Navitas d.o.o.<\/li>\n\n\n\n<li>Gorenjske elektrarne d.o.o.<\/li>\n\n\n\n<li>Merkur energija d.o.o.<\/li>\n\n\n\n<li>Eko elektrarna d.o.o.<\/li>\n\n\n\n<li>Evocado d.o.o.<\/li>\n\n\n\n<li>T-net d.o.o.<\/li>\n<\/ul>\n\n\n\n<p>Poobla\u0161\u010deni serviserji:<\/p>\n\n\n\n<ul>\n<li>Elektro Robert To\u0161njak s.p. &#8211; Osrednja Slovenija in primorska<\/li>\n\n\n\n<li>Elektro Mlasko GmbH&nbsp; &#8211; Jugo vzhodna Slovenija<\/li>\n<\/ul>\n\n\n\n<h3 class=\"wp-block-heading\"><strong>Kaj je hranilnik elektri\u010dne energije?<\/strong><\/h3>\n\n\n\n<p><strong>Hranilnik elektri\u010dne energije<\/strong> je<strong> baterija<\/strong> z vso potrebno krmilno elektroniko, ki omogo\u010da shranjevanje elektri\u010dne energije za kasnej\u0161o uporabo. Zlasti pri izkori\u0161\u010danju obnovljivih virov, kjer je proizvodnja elektri\u010dne energije neenakomerna in odvisna od vremenskih razmer, je priklop baterijskega hranilnika elektri\u010dne energije pametna in var\u010dna nalo\u017eba.<\/p>\n\n\n\n<p>Baterijski hranilnik elektri\u010dne energije lahko shranjuje energijo tudi iz omre\u017eja, recimo v \u010dasu ni\u017eje tarife in vam omogo\u010da porabo le-te v \u010dasu vi\u0161je tarife ali ko ni na voljo energije iz omre\u017eja.<\/p>\n\n\n\n<p><\/p>\n\n\n\n<h3 class=\"wp-block-heading\"><strong>Prednosti uporabe baterijskega hranilnika<\/strong><\/h3>\n\n\n\n<p><\/p>\n\n\n\n<p><strong>OPTIMIZACIJA STRO\u0160KOV<\/strong><\/p>\n\n\n\n<ul>\n<li>Prihranki na ra\u010dunih za elektriko.<\/li>\n\n\n\n<li>Shranjevanje energije ob prese\u017eku proizvedene energije iz son\u010dne elektrarne.<\/li>\n\n\n\n<li>Shranjevanje energije v \u010dasu izven konic.<\/li>\n\n\n\n<li>Poraba energije v \u010dasu konic.<\/li>\n<\/ul>\n\n\n\n<p><strong>ZANESLJIVO REZERVNO NAPAJANJE<\/strong><\/p>\n\n\n\n<ul>\n<li>Zagotovljeno neprekinjeno napajanje ob izpadih elektri\u010dne energije.<\/li>\n<\/ul>\n\n\n\n<p><strong>STABILIZACIJA OMRE\u017dJA<\/strong><\/p>\n\n\n\n<ul>\n<li>Pomo\u010d pri stabilizaciji elektri\u010dnega omre\u017eja s preusmeritvijo dela porabe elektri\u010dne energije na baterijski hranilnik. To lahko zmanj\u0161a obremenitev omre\u017eja in prispeva k bolj stabilnemu delovanju.<\/li>\n<\/ul>\n\n\n\n<p><strong>PODPORA OBNOVLJIVIM VIROM<\/strong><\/p>\n\n\n\n<ul>\n<li>Uporaba baterijskih hranilnikov omogo\u010da ve\u010djo u\u010dinkovitost in izkoristek proizvedene elektri\u010dne energije iz obnovljivih virov.<\/li>\n\n\n\n<li>S tem se zmanj\u0161uje odvisnost od fosilnih goriv.<\/li>\n\n\n\n<li>Zmanj\u0161uje se izpust toplogrednih plinov.<\/li>\n\n\n\n<li>Prispeva k zmanj\u0161anju oglji\u010dnega odtisa.<\/li>\n<\/ul>\n\n\n\n<p><\/p>\n\n\n\n<h2 class=\"wp-block-heading\"><strong>Pr(a)va izbira za vsak dom<\/strong><\/h2>\n\n\n\n<figure class=\"wp-block-image size-large is-style-default\"><img decoding=\"async\" loading=\"lazy\" width=\"1024\" height=\"614\" src=\"https:\/\/www.tab.si\/wp-content\/uploads\/2024\/07\/to3-1024x614.jpg\" alt=\"\" class=\"wp-image-15077\" srcset=\"https:\/\/www.tab.si\/wp-content\/uploads\/2024\/07\/to3-1024x614.jpg 1024w, https:\/\/www.tab.si\/wp-content\/uploads\/2024\/07\/to3-300x180.jpg 300w, https:\/\/www.tab.si\/wp-content\/uploads\/2024\/07\/to3-768x460.jpg 768w, https:\/\/www.tab.si\/wp-content\/uploads\/2024\/07\/to3-1536x921.jpg 1536w, https:\/\/www.tab.si\/wp-content\/uploads\/2024\/07\/to3-2048x1228.jpg 2048w, https:\/\/www.tab.si\/wp-content\/uploads\/2024\/07\/to3-460x275.jpg 460w\" sizes=\"(max-width: 1024px) 100vw, 1024px\" \/><\/figure>\n\n\n\n<p>Z modularnim oblikovanjem smo ustvarili hranilnike elektri\u010dne energije, ki najbolje ustrezajo razli\u010dnim gospodinjstvom in njihovim potrebam. Omogo\u010dajo visoko stopnjo fleksibilnosti in poljubno izbiro kapacitete, obenem pa so name\u0161\u010deni hitro in enostavno.<\/p>\n\n\n\n<ul>\n<li>Modularni dizajn (1 do 8 modulov, do 40kWh kapacitete).<\/li>\n\n\n\n<li>Kompaktna in trdna re\u0161itev.<\/li>\n\n\n\n<li>Integrirane varovalke.<\/li>\n\n\n\n<li>Pridobivanje \u010diste energije s son\u010dnimi paneli.<\/li>\n\n\n\n<li>Prilagodljiv sistem glede na potrebe gospodinjstev.<\/li>\n\n\n\n<li>Prihranek na ra\u010dunu za elektriko.<\/li>\n\n\n\n<li>\u010cista energija.<\/li>\n\n\n\n<li>Zdru\u017eljivo z vodilnimi blagovnimi znamkami razsmernikov.<\/li>\n\n\n\n<li>Razvito in proizvedeno v EU.<\/li>\n<\/ul>\n\n\n\n<p>Podprti so naslednji polnilniki\/razsmerniki:<\/p>\n\n\n\n<p>Deye, SMA, Sofar, Victron Energy in ZCS Azzurro.<\/p>\n\n\n\n<p>Drugi na zahtevo.<\/p>\n\n\n\n<p><\/p>\n\n\n\n<h2 class=\"wp-block-heading\"><strong>TAB je garancija vrhunske kakovosti<\/strong><\/h2>\n\n\n\n<p>V podjetju TAB ustvarjamo trajne, zmogljive in inovativne baterije za industrijska, osebna in tovorna vozila, ki jim zaupajo vodilne svetovne blagovne znamke v avtomobilskem in industrijskem sektorju.<\/p>\n\n\n\n<p>Z znanjem in izku\u0161njami smo ustvarili vrhunske baterijske hranilnike elektri\u010dne energije, ki pomagajo tudi gospodinjstvom, da postanejo trajnostna in neodvisna. Uspe\u0161nost TAB e.storage hranilnikov potrjujejo zadovoljni uporabniki in <a href=\"https:\/\/www.tab.si\/2023\/09\/21\/priznanje-za-inovacijo\/?lang=sl\">priznanje<\/a>, ki nam ga je podelila tudi Gospodarska zbornica Slovenije.<\/p>\n","protected":false},"excerpt":{"rendered":"<p>Shranite prese\u017eno energijo za kasneje TAB e.storage hranilniki elektri\u010dne energije Ve\u010d prihrankov s son\u010dno elektrarno Son\u010dna elektrarna ob razli\u010dnih \u010dasih proizvaja razli\u010dne koli\u010dine elektri\u010dne energije. S hranilniki elektri\u010dne energije TAB e.storage FAMILY shranite elektri\u010dno energijo v \u010dasu prese\u017ene proizvodnje in jo porabite, ko je son\u010dna elektrarna proizvede manj, v \u010dasu vi\u0161jih tarif ali ob izpadu [&hellip;]<\/p>\n","protected":false},"author":1,"featured_media":0,"parent":0,"menu_order":0,"comment_status":"closed","ping_status":"closed","template":"","meta":{"footnotes":""},"_links":{"self":[{"href":"https:\/\/www.tab.si\/sl\/wp-json\/wp\/v2\/pages\/14997"}],"collection":[{"href":"https:\/\/www.tab.si\/sl\/wp-json\/wp\/v2\/pages"}],"about":[{"href":"https:\/\/www.tab.si\/sl\/wp-json\/wp\/v2\/types\/page"}],"author":[{"embeddable":true,"href":"https:\/\/www.tab.si\/sl\/wp-json\/wp\/v2\/users\/1"}],"replies":[{"embeddable":true,"href":"https:\/\/www.tab.si\/sl\/wp-json\/wp\/v2\/comments?post=14997"}],"version-history":[{"count":27,"href":"https:\/\/www.tab.si\/sl\/wp-json\/wp\/v2\/pages\/14997\/revisions"}],"predecessor-version":[{"id":15391,"href":"https:\/\/www.tab.si\/sl\/wp-json\/wp\/v2\/pages\/14997\/revisions\/15391"}],"wp:attachment":[{"href":"https:\/\/www.tab.si\/sl\/wp-json\/wp\/v2\/media?parent=14997"}],"curies":[{"name":"wp","href":"https:\/\/api.w.org\/{rel}","templated":true}]}}