{"id":14607,"date":"2023-11-16T17:06:21","date_gmt":"2023-11-16T17:06:21","guid":{"rendered":"https:\/\/www.tab.si\/?page_id=14607"},"modified":"2024-08-29T10:33:14","modified_gmt":"2024-08-29T10:33:14","slug":"projekti","status":"publish","type":"page","link":"https:\/\/www.tab.si\/sl\/projekti\/","title":{"rendered":"PROJEKTI"},"content":{"rendered":"\n<p><\/p>\n\n\n\n<h2 class=\"wp-block-heading has-black-color has-text-color\" style=\"font-size:26px\"><strong>Naziv projekta:<\/strong><\/h2>\n\n\n\n<h2 class=\"wp-block-heading has-black-color has-text-color\" style=\"font-size:26px\">VRLA NTC BATERIJE Z DODATKI CNT V AKTIVNEM MATERIALU<\/h2>\n\n\n\n<p><\/p>\n\n\n<div class=\"wp-block-image is-style-default\">\n<figure class=\"aligncenter size-full\"><img decoding=\"async\" loading=\"lazy\" width=\"640\" height=\"277\" src=\"https:\/\/www.tab.si\/wp-content\/uploads\/2024\/05\/Banner-640x277-VRLA-NTC-1.png\" alt=\"\" class=\"wp-image-14959\" srcset=\"https:\/\/www.tab.si\/wp-content\/uploads\/2024\/05\/Banner-640x277-VRLA-NTC-1.png 640w, https:\/\/www.tab.si\/wp-content\/uploads\/2024\/05\/Banner-640x277-VRLA-NTC-1-300x130.png 300w\" sizes=\"(max-width: 640px) 100vw, 640px\" \/><\/figure><\/div>\n\n\n<p><\/p>\n\n\n\n<p><strong>TRAJANJE PROJEKTA<\/strong><br>11\/2023\u201310\/2025<br><strong>PRORA\u010cUN PROJEKTA<\/strong><br>1.199.853,13 \u20ac<br><strong>EU FINANCIRANJE<\/strong><br>299.963,24 \u20ac<\/p>\n\n\n\n<p>Finan\u010dna sredstva za izvedbo projekta zagotavljata Republika Slovenija in Evropska unija iz&nbsp;<a href=\"https:\/\/www.gov.si\/zbirke\/projekti-in-programi\/nacrt-za-okrevanje-in-odpornost\/\">Mehanizma za okrevanje in odpornost<\/a>, NextGenerationEU.<\/p>\n\n\n\n<h2 class=\"wp-block-heading\" style=\"font-size:22px\">NAMEN PROJEKTA:<\/h2>\n\n\n\n<p style=\"font-size:28px\">Namen razvoja VRLA baterije z dodatki NCT je vstopiti na podro\u010dje zelenega prehoda, na prehod na kro\u017eno in nizko oglji\u010dno gospodarstvo ter s tem na podro\u010dje bla\u017eenje podnebnih sprememb.<\/p>\n\n\n\n<h2 class=\"wp-block-heading\" style=\"font-size:24px\">CILJI PROJEKTA:<\/h2>\n\n\n\n<p>VRLA NCT baterije z dodatki CNT v aktivnem materialu zagotavlja:<\/p>\n\n\n\n<ul>\n<li>izbolj\u0161ano cikli\u010dno sposobnost in s tem dalj\u0161o pri\u010dakovano \u017eivljenjsko dobo<\/li>\n\n\n\n<li>izbolj\u0161an faktor polnjenja, kar zni\u017euje porabo elektri\u010dne energije pri polnjenju baterije<\/li>\n\n\n\n<li>visoki sposobnosti sprejemanja polnjenja, kar omogo\u010da hitro napolnitev baterije<\/li>\n<\/ul>\n\n\n\n<p>\u00bbNalo\u017ebo sofinancirata Republika Slovenija in Evropska unija iz naslova sredstev <a href=\"https:\/\/www.gov.si\/zbirke\/projekti-in-programi\/nacrt-za-okrevanje-in-odpornost\/\">Mehanizma za okrevanje in odpornost<\/a> s prora\u010dunske postavke 221475 \u2013 C3K9IC Spodbujanje investicij po ZSInv za pametno, trajnostno in vklju\u010dujo\u010do rast NOO \u2013 MGRT.\u00ab<\/p>\n\n\n\n<p><\/p>\n\n\n\n<figure class=\"wp-block-image size-large is-style-default\"><img decoding=\"async\" loading=\"lazy\" width=\"1024\" height=\"76\" src=\"https:\/\/www.tab.si\/wp-content\/uploads\/2023\/11\/Logotipi-1024x76.png\" alt=\"\" class=\"wp-image-14637\" srcset=\"https:\/\/www.tab.si\/wp-content\/uploads\/2023\/11\/Logotipi-1024x76.png 1024w, https:\/\/www.tab.si\/wp-content\/uploads\/2023\/11\/Logotipi-300x22.png 300w, https:\/\/www.tab.si\/wp-content\/uploads\/2023\/11\/Logotipi-768x57.png 768w, https:\/\/www.tab.si\/wp-content\/uploads\/2023\/11\/Logotipi-1536x114.png 1536w, https:\/\/www.tab.si\/wp-content\/uploads\/2023\/11\/Logotipi-2048x152.png 2048w\" sizes=\"(max-width: 1024px) 100vw, 1024px\" \/><\/figure>\n\n\n\n<p><\/p>\n\n\n\n<h2 class=\"wp-block-heading\">Naziv projekta: <\/h2>\n\n\n\n<h2 class=\"wp-block-heading\">AVTOMATIZIRANA PROIZVODNJA LI-ION BATERIJ ZA SHRANJEVANJE ELEKTRI\u010cNE ENERGIJE<\/h2>\n\n\n\n<p><br><strong>TRAJANJE PROJEKTA<\/strong><br>05\/2022 \u2013 08\/2024<br><strong>CELOTNA VREDNOST PROJEKTA<\/strong><br>11,34 mio EUR<br><strong>EU FINANCIRANJE<\/strong><br>2,50 mio EUR<\/p>\n\n\n\n<p>Finan\u010dna sredstva za izvedbo projekta zagotavljata Republika Slovenija in Evropska unija iz&nbsp;<a href=\"https:\/\/www.gov.si\/zbirke\/projekti-in-programi\/nacrt-za-okrevanje-in-odpornost\/\">Mehanizma za okrevanje in odpornost<\/a>, NextGenerationEU.<\/p>\n\n\n\n<p><strong>NAMEN PROJEKTA:<\/strong><\/p>\n\n\n\n<p><strong>Namen<\/strong>&nbsp;investicije je spodbuditi trajnostno delovanje podjetja TAB d.d. z vlaganjem v najbolj\u0161o razpolo\u017eljivo tehnologijo (BAT) za vzpostavitev proizvodnje linije, ki bo prispevala k dekarbonizaciji, zelenemu gospodarstvu in digitalizaciji podjetja ter omogo\u010dila ve\u010djo produktivnost, rast in konkuren\u010dnost. Investicija v podjetju TAB d.d. je investicijaza prihodnost \u2013 podjetje bo s to investicijo sledilo globalnim trenom na podro\u010dju izdelovanja baterij, kjer se pri\u010dakuje hitro pove\u010danje povpra\u0161evanja Li-ionskih baterij.<\/p>\n\n\n\n<p><strong>CILJI PROJEKTA:<\/strong><\/p>\n\n\n\n<p><strong>Cilji<\/strong>&nbsp;investicije so dvig produktivnosti in dolgoro\u010dna konkuren\u010dnost podjetja TAB d.d., zagotavljanje trajnosti, dekarbonizacije in digitalizacije poslovanja, doseganje vi\u0161je dodane vrednosti produktov, doseganje vi\u0161je dodane vrednosti na zaposlenega in ohranjanje delovnih mest z vi\u0161jo dodano vrednostjo ter dodatno<br>zaposlovanje ter krepitev lokalnih in globalnih verig vrednosti.<\/p>\n\n\n\n<p><\/p>\n\n\n\n<p>\u00bbNalo\u017ebo sofinancirata Republika Slovenija in Evropska unija iz naslova sredstev <a href=\"https:\/\/www.gov.si\/zbirke\/projekti-in-programi\/nacrt-za-okrevanje-in-odpornost\/\">Mehanizma za okrevanje in odpornost<\/a> s prora\u010dunske postavke 221475 \u2013 C3K9IC Spodbujanje investicij po ZSInv za pametno, trajnostno in vklju\u010dujo\u010do rast NOO \u2013 MGRT.\u00ab<\/p>\n\n\n\n<div class=\"wp-block-columns is-layout-flex wp-container-2 wp-block-columns-is-layout-flex\">\n<div class=\"wp-block-column is-layout-flow wp-block-column-is-layout-flow\">\n<figure class=\"wp-block-image size-large is-style-default\"><img decoding=\"async\" loading=\"lazy\" width=\"1024\" height=\"76\" src=\"https:\/\/www.tab.si\/wp-content\/uploads\/2023\/11\/Logotipi-1024x76.png\" alt=\"\" class=\"wp-image-14637\" srcset=\"https:\/\/www.tab.si\/wp-content\/uploads\/2023\/11\/Logotipi-1024x76.png 1024w, https:\/\/www.tab.si\/wp-content\/uploads\/2023\/11\/Logotipi-300x22.png 300w, https:\/\/www.tab.si\/wp-content\/uploads\/2023\/11\/Logotipi-768x57.png 768w, https:\/\/www.tab.si\/wp-content\/uploads\/2023\/11\/Logotipi-1536x114.png 1536w, https:\/\/www.tab.si\/wp-content\/uploads\/2023\/11\/Logotipi-2048x152.png 2048w\" sizes=\"(max-width: 1024px) 100vw, 1024px\" \/><\/figure>\n<\/div>\n<\/div>\n\n\n\n<p><\/p>\n\n\n\n<h2 class=\"wp-block-heading\">Naziv projekta: <\/h2>\n\n\n\n<h2 class=\"wp-block-heading\">DIGITALNA PREOBRAZBA PODJETJA TAB D.D.<\/h2>\n\n\n\n<p>Finan\u010dna sredstva za izvedbo projekta zagotavljata Republika Slovenija in Evropska unija iz&nbsp;<a href=\"https:\/\/www.gov.si\/zbirke\/projekti-in-programi\/nacrt-za-okrevanje-in-odpornost\/\">Mehanizma za okrevanje in odpornost<\/a>, NextGenerationEU.<\/p>\n\n\n\n<p><strong>TRAJANJE PROJEKTA<\/strong><\/p>\n\n\n\n<p>10\/2021 \u2013 03\/2024<\/p>\n\n\n\n<p><strong>CELOTNA VREDNOST PROJEKTA<\/strong><\/p>\n\n\n\n<p>3,08 mio EUR<\/p>\n\n\n\n<p><strong>EU FINANCIRANJE<\/strong><\/p>\n\n\n\n<p>1,63 mio EUR<\/p>\n\n\n\n<p><strong>NAMEN PROJEKTA:<\/strong><\/p>\n\n\n\n<p>S projektom DIGITAB \u017eeli podjetje TAB skupaj s konzorcijskimi partnerji razviti nove tehnologije, ki bodo omogo\u010dale oddaljeno spremljanje stanja baterij v uporabi s pomo\u010djo podatkov, ki bodo pridobljeni z uporabo IoT tehnologije. Ti podatki bodo uporabljeni za analizo stanja baterij, izbolj\u0161avo kakovosti baterij ter razvoj novih poslovnih modelov kot je na primer \u00bbBattery as a Service\u00ab, kjer podjetje ne bo ve\u010d prodajalo produktov kot takih ampak baterije kot storitev. Z uporabo VR in AR tehnologij bo razvita platforma, ki bo omogo\u010dala oddaljeno podporo servisnim storitvam ter virtualno u\u010denje novega kadra. V okviru projekta bo izbolj\u0161ano stanje spremljanja tehnolo\u0161kih in okoljskih parametrov tekom proizvodnje baterij ter digitalno podpisovanje sledljivosti proizvodnje z zapisovanjem teh podatkov s pomo\u010djo veri\u017eenja blokov.<\/p>\n\n\n\n<p><strong>CILJI PROJEKTA:<\/strong><\/p>\n\n\n\n<p>Omogo\u010deno spremljanje z obdelavo podatkov o baterijah s pomo\u010djo IoT tehnologije ter uporaba VR in AR tehnologije za izbolj\u0161anje servisnih storitev na daljavo in u\u010denje kadra ter spremljanje tehnolo\u0161kih parametrov v proizvodnji s postavitvijo okolja za razvoj novih poslovnih modelov, kot tudi uvedba digitalnega potnega lista baterij.<\/p>\n\n\n<div class=\"wp-block-image is-style-default\">\n<figure class=\"aligncenter is-resized\"><img decoding=\"async\" loading=\"lazy\" src=\"https:\/\/www.tab.si\/wp-content\/uploads\/2023\/01\/Slika_1.png\" alt=\"\" class=\"wp-image-13102\" style=\"width:528px;height:628px\" width=\"528\" height=\"628\"\/><\/figure><\/div>\n\n\n<figure class=\"wp-block-image size-large is-style-default\"><img decoding=\"async\" loading=\"lazy\" width=\"1024\" height=\"106\" src=\"https:\/\/www.tab.si\/wp-content\/uploads\/2024\/04\/DigiTab_web_noga-1024x106.jpg\" alt=\"\" class=\"wp-image-14875\" srcset=\"https:\/\/www.tab.si\/wp-content\/uploads\/2024\/04\/DigiTab_web_noga-1024x106.jpg 1024w, https:\/\/www.tab.si\/wp-content\/uploads\/2024\/04\/DigiTab_web_noga-300x31.jpg 300w, https:\/\/www.tab.si\/wp-content\/uploads\/2024\/04\/DigiTab_web_noga-768x79.jpg 768w, https:\/\/www.tab.si\/wp-content\/uploads\/2024\/04\/DigiTab_web_noga-1536x158.jpg 1536w, https:\/\/www.tab.si\/wp-content\/uploads\/2024\/04\/DigiTab_web_noga-2048x211.jpg 2048w\" sizes=\"(max-width: 1024px) 100vw, 1024px\" \/><\/figure>\n\n\n\n<p><\/p>\n\n\n\n<h2 class=\"wp-block-heading\">Naziv projekta: <\/h2>\n\n\n\n<h2 class=\"wp-block-heading\">RAZVOJ NADOMESTNE LI-ION TRAKCIJSKE BATERIJE Z INTEGRIRANO PAMETNO ELEKTRONIKO<\/h2>\n\n\n\n<p><strong>Cilji projekta so slede\u010di:<\/strong><br>\u00b7 Hitro polnjenje in balansiranje baterije v \u010dasu 1,5 ure do 100% soc.<br>\u00b7 Integrirani aktivni in pasivne mehanizmi, kateri bodo pove\u010dali varnost Li-Ion baterij.<br>\u00b7 Spremljanje podatkov Li-Ion baterij v realnem \u010dasu in prenos ter bele\u017eenje le teh preko integriranega sistema<\/p>\n\n\n\n<p>IoT.&nbsp;Namen projekta \u201cRAPLIBAT\u201d je razvoj inovativne nadomestne Li-Ion trakcijske baterije z integrerano elektroniko za nadzor delovanja in spremljanja parametrov med delovanjem vili\u010darja ter s podporo komunikacije s pametnimi polnilniki za zagotavljanje energetsko u\u010dinkovitega hitrega polnjenja. Podjetjem bo to omogo\u010dilo sprotno optimizacijo delovnih procesov in pregled nad delovanjem vsake baterije posebej. S projektom bomo ravno tako pripomogli k zmanj\u0161anju porabe energije pri obratovanju, kar bo pripomoglo k zmanj\u0161anju obratovalnih stro\u0161kov in posledi\u010dno ni\u017ejim izpustom CO2.&nbsp;<\/p>\n\n\n\n<p>&nbsp;Projekt sofinancirata Republika Slovenija, Ministrstvo za gospodarski razvoj in tehnologijo in Evropska Unija iz evropskega&nbsp;sklada za regionalni razvoj (<a rel=\"noreferrer noopener\" href=\"http:\/\/www.eu-skladi.si\/\" target=\"_blank\">&nbsp;www.eu-skladi.si<\/a>&nbsp;).<\/p>\n\n\n\n<figure class=\"wp-block-image is-style-default\"><img decoding=\"async\" loading=\"lazy\" width=\"504\" height=\"89\" src=\"http:\/\/new.tab.si\/wp-content\/uploads\/2021\/03\/eu_skl.png\" alt=\"\" class=\"wp-image-9608\"\/><\/figure>\n\n\n\n<p><\/p>\n\n\n\n<h2 class=\"wp-block-heading\">Naziv projekta: <\/h2>\n\n\n\n<h2 class=\"wp-block-heading\">RAZVOJ VRLA AGM S\/S BATERIJE Z VI\u0160JO STOPNJO START-STOP FUNKCIJE<\/h2>\n\n\n\n<p>V \u010dasu od 9.9.2016 do 22.10.2018 izvajamo raziskovalno \u2013 razvojni projekt z naslovom \u00bbRazvoj VRLA AGM S\/S baterije z vi\u0161jo stopnjo Start-Stop funkcije\u00ab.<\/p>\n\n\n\n<p>Namen projekta je z inovativnim tehnolo\u0161kim postopkom kontinuiranega ulivanja razviti korozijsko odporno pozitivno AGM mre\u017eico za VRLA AGM S\/S baterijo z vi\u0161jo stopnjo Start-Stop funkcije. Le-ta bo namenjena za zagon motorjev z notranjim izgorevanjem in napajanje elektri\u010dnih porabnikov v osebnih avtomobilih z vi\u0161jo stopnjo Start-Stop sistema, ki vklju\u010duje rekuperacijo energije pri zaviranju in asistenco med vo\u017enjo in pri pospe\u0161evanjem s katerimi avtomobilska industrija zni\u017euje emisije CO2.<\/p>\n\n\n\n<p>Cilji projekta so slede\u010di:<\/p>\n\n\n\n<p>1. Razvoj korozijsko odporne AGM mre\u017eice.<\/p>\n\n\n\n<p>2. Pove\u010danje produktivnosti izdelave pozitivnih plo\u0161\u010d iz 75.000 kosov\/8h na 170.000 kos\/8h.<\/p>\n\n\n\n<p>3. Razvoj AGM baterije za prvovgradnjo v avtomobilski industriji.<\/p>\n\n\n\n<p>4. Zmanj\u0161anje proizvodnega izmeta pod 1%.<\/p>\n\n\n\n<figure class=\"wp-block-image is-style-default\"><img decoding=\"async\" loading=\"lazy\" width=\"2048\" height=\"1536\" src=\"http:\/\/new.tab.si\/wp-content\/uploads\/2021\/02\/TABAGMSGL6.png\" alt=\"\" class=\"wp-image-3615\"\/><figcaption class=\"wp-element-caption\">TAB AGM STOP AND GO BATTERY<\/figcaption><\/figure>\n\n\n\n<p>Projekt sofinancirata Republika Slovenija, Ministrstvo za gospodarski razvoj in tehnologijo in Evropska Unija iz evropskega&nbsp;sklada za regionalni razvoj (<a rel=\"noreferrer noopener\" href=\"http:\/\/www.eu-skladi.si\/\" target=\"_blank\">&nbsp;www.eu-skladi.si<\/a>&nbsp;).<\/p>\n\n\n\n<p>Zagotovljena finan\u010dna pomo\u010d je razvidna s tabele:&nbsp;<\/p>\n\n\n\n<figure class=\"wp-block-image is-style-default\"><img decoding=\"async\" loading=\"lazy\" width=\"719\" height=\"340\" src=\"http:\/\/new.tab.si\/wp-content\/uploads\/2021\/03\/prenos.png\" alt=\"\" class=\"wp-image-9596\"\/><\/figure>\n\n\n\n<figure class=\"wp-block-image is-style-default\"><img decoding=\"async\" loading=\"lazy\" width=\"622\" height=\"128\" src=\"http:\/\/new.tab.si\/wp-content\/uploads\/2021\/02\/prenos.jpg\" alt=\"\" class=\"wp-image-3625\"\/><\/figure>\n\n\n\n<p><\/p>\n","protected":false},"excerpt":{"rendered":"<p>Naziv projekta: VRLA NTC BATERIJE Z DODATKI CNT V AKTIVNEM MATERIALU TRAJANJE PROJEKTA11\/2023\u201310\/2025PRORA\u010cUN PROJEKTA1.199.853,13 \u20acEU FINANCIRANJE299.963,24 \u20ac Finan\u010dna sredstva za izvedbo projekta zagotavljata Republika Slovenija in Evropska unija iz&nbsp;Mehanizma za okrevanje in odpornost, NextGenerationEU. NAMEN PROJEKTA: Namen razvoja VRLA baterije z dodatki NCT je vstopiti na podro\u010dje zelenega prehoda, na prehod na kro\u017eno in nizko [&hellip;]<\/p>\n","protected":false},"author":1,"featured_media":0,"parent":0,"menu_order":0,"comment_status":"closed","ping_status":"closed","template":"","meta":{"footnotes":""},"_links":{"self":[{"href":"https:\/\/www.tab.si\/sl\/wp-json\/wp\/v2\/pages\/14607"}],"collection":[{"href":"https:\/\/www.tab.si\/sl\/wp-json\/wp\/v2\/pages"}],"about":[{"href":"https:\/\/www.tab.si\/sl\/wp-json\/wp\/v2\/types\/page"}],"author":[{"embeddable":true,"href":"https:\/\/www.tab.si\/sl\/wp-json\/wp\/v2\/users\/1"}],"replies":[{"embeddable":true,"href":"https:\/\/www.tab.si\/sl\/wp-json\/wp\/v2\/comments?post=14607"}],"version-history":[{"count":9,"href":"https:\/\/www.tab.si\/sl\/wp-json\/wp\/v2\/pages\/14607\/revisions"}],"predecessor-version":[{"id":15128,"href":"https:\/\/www.tab.si\/sl\/wp-json\/wp\/v2\/pages\/14607\/revisions\/15128"}],"wp:attachment":[{"href":"https:\/\/www.tab.si\/sl\/wp-json\/wp\/v2\/media?parent=14607"}],"curies":[{"name":"wp","href":"https:\/\/api.w.org\/{rel}","templated":true}]}}