{"id":7603,"date":"2020-12-14T09:03:45","date_gmt":"2020-12-14T09:03:45","guid":{"rendered":"http:\/\/new.tab.si\/hotels-near-tab\/"},"modified":"2021-03-15T16:59:40","modified_gmt":"2021-03-15T16:59:40","slug":"hotels-near-tab","status":"publish","type":"page","link":"https:\/\/www.tab.si\/el\/hotels-near-tab\/","title":{"rendered":"\u039e\u0395\u039d\u039f\u0394\u039f\u03a7\u0395\u0399\u0391 \u039a\u039f\u039d\u03a4\u0391 TAB"},"content":{"rendered":"\n<div class=\"wp-block-group\"><div class=\"wp-block-group__inner-container is-layout-flow wp-block-group-is-layout-flow\">\n<div class=\"wp-block-columns is-layout-flex wp-container-3 wp-block-columns-is-layout-flex\">\n<div class=\"wp-block-column is-layout-flow wp-block-column-is-layout-flow\"><\/div>\n\n\n\n<div class=\"wp-block-column is-layout-flow wp-block-column-is-layout-flow\"><\/div>\n<\/div>\n<\/div><\/div>\n\n\n\n<div class=\"wp-block-media-text is-stacked-on-mobile is-vertically-aligned-center\"><figure class=\"wp-block-media-text__media\"><img decoding=\"async\" loading=\"lazy\" width=\"1094\" height=\"677\" src=\"http:\/\/new.tab.si\/wp-content\/uploads\/2021\/02\/korosica.jpg\" alt=\"\" class=\"wp-image-7595 size-full\"\/><\/figure><div class=\"wp-block-media-text__content\">\n<h2 class=\"has-normal-font-size wp-block-heading\">\u0397\u039f\u03a4\u0395\u039b KORO\u0160ICA<\/h2>\n\n\n\n<p>\u03a4\u03bf Hotel Korosica \u03b2\u03c1\u03af\u03c3\u03ba\u03b5\u03c4\u03b1\u03b9 \u03c3\u03b5 \u03ae\u03c3\u03c5\u03c7\u03b7 \u03c4\u03bf\u03c0\u03bf\u03b8\u03b5\u03c3\u03af\u03b1 \u03c3\u03c4\u03bf Dravograd, \u03c3\u03c4\u03bf \u03ba\u03ad\u03bd\u03c4\u03c1\u03bf 3 \u03ba\u03bf\u03b9\u03bb\u03ac\u03b4\u03c9\u03bd. \u03a4\u03bf \u03c0\u03bb\u03ae\u03c1\u03c9\u03c2 \u03ba\u03bb\u03b9\u03bc\u03b1\u03c4\u03b9\u03b6\u03cc\u03bc\u03b5\u03bd\u03bf \u03be\u03b5\u03bd\u03bf\u03b4\u03bf\u03c7\u03b5\u03af\u03bf \u03c0\u03b1\u03c1\u03ad\u03c7\u03b5\u03b9 \u03b4\u03c9\u03c1\u03b5\u03ac\u03bd Wi-Fi \u03ba\u03b1\u03b9 \u03c6\u03c5\u03bb\u03b1\u03c3\u03c3\u03cc\u03bc\u03b5\u03bd\u03bf \u03c7\u03ce\u03c1\u03bf \u03c3\u03c4\u03ac\u03b8\u03bc\u03b5\u03c5\u03c3\u03b7\u03c2.<\/p>\n\n\n\n<p>\u03a0\u03c1\u03bf\u03c3\u03c6\u03ad\u03c1\u03b5\u03b9 \u03c5\u03c0\u03b5\u03c1\u03c3\u03cd\u03b3\u03c7\u03c1\u03bf\u03bd\u03bf \u03c3\u03c4\u03bf\u03cd\u03bd\u03c4\u03b9\u03bf \u03b5\u03c5\u03b5\u03be\u03af\u03b1\u03c2 \u03bc\u03b5 \u03c3\u03ac\u03bf\u03c5\u03bd\u03b1 \u03ba\u03b1\u03b9 \u03c5\u03b4\u03c1\u03bf\u03bc\u03b1\u03c3\u03ac\u03b6, \u03ba\u03b1\u03b8\u03ce\u03c2 \u03ba\u03b1\u03b9 \u03c0\u03b5\u03c1\u03b9\u03c0\u03bf\u03b9\u03ae\u03c3\u03b5\u03b9\u03c2 \u03bc\u03b1\u03c3\u03ac\u03b6.<\/p>\n\n\n\n<p>\u03a4\u03bf \u03b5\u03c3\u03c4\u03b9\u03b1\u03c4\u03cc\u03c1\u03b9\u03bf \u03c4\u03bf\u03c5 Hotel Korosica \u03ad\u03c7\u03b5\u03b9 \u03b8\u03ad\u03b1 \u03c3\u03c4\u03b7\u03bd \u03b5\u03be\u03bf\u03c7\u03ae \u03ba\u03b1\u03b9 \u03c3\u03b5\u03c1\u03b2\u03af\u03c1\u03b5\u03b9 \u03c4\u03bf\u03c0\u03b9\u03ba\u03ad\u03c2 \u03c3\u03c0\u03b5\u03c3\u03b9\u03b1\u03bb\u03b9\u03c4\u03ad \u03ba\u03b1\u03b8\u03ce\u03c2 \u03ba\u03b1\u03b9 \u03b4\u03b9\u03b5\u03b8\u03bd\u03ae \u03ba\u03bf\u03c5\u03b6\u03af\u03bd\u03b1.<\/p>\n\n\n\n<p>\u03a4\u03bf Korosica \u03c0\u03b5\u03c1\u03b9\u03bb\u03b1\u03bc\u03b2\u03ac\u03bd\u03b5\u03b9 \u03b3\u03ae\u03c0\u03b5\u03b4\u03bf \u03b3\u03ba\u03bf\u03bb\u03c6. \u039c\u03c0\u03bf\u03c1\u03b5\u03af\u03c4\u03b5 \u03bd\u03b1 \u03b4\u03bf\u03ba\u03b9\u03bc\u03ac\u03c3\u03b5\u03c4\u03b5 \u03b1\u03bb\u03c0\u03b9\u03ba\u03ae \u03bf\u03c1\u03b5\u03b9\u03b2\u03b1\u03c3\u03af\u03b1 \u03ba\u03b1\u03b9 \u03c0\u03b5\u03b6\u03bf\u03c0\u03bf\u03c1\u03af\u03b1 \u03cc\u03c0\u03c9\u03c2 \u03b5\u03c0\u03af\u03c3\u03b7\u03c2 \u03bd\u03b1 \u03c0\u03ac\u03c4\u03b5 \u03b3\u03b9\u03b1 \u03c3\u03ba\u03b9 \u03ae \u03c0\u03bf\u03b4\u03b7\u03bb\u03b1\u03c3\u03af\u03b1. \u03a3\u03c4\u03bf \u03ba\u03bf\u03bd\u03c4\u03b9\u03bd\u03cc \u0391\u03b5\u03c1\u03bf\u03b4\u03c1\u03cc\u03bc\u03b9\u03bf Libeli\u010de \u03ad\u03c7\u03b5\u03c4\u03b5 \u03c4\u03b7 \u03b4\u03c5\u03bd\u03b1\u03c4\u03cc\u03c4\u03b7\u03c4\u03b1 \u03bd\u03b1 \u03c0\u03b5\u03c4\u03ac\u03be\u03b5\u03c4\u03b5 \u03bc\u03b5 \u03b1\u03b5\u03c1\u03bf\u03c0\u03bb\u03ac\u03bd\u03bf \u03ba\u03b1\u03b9 \u03bd\u03b1 \u03ba\u03ac\u03bd\u03b5\u03c4\u03b5 \u03b1\u03b5\u03c1\u03bf\u03c0\u03bb\u03bf\u0390\u03b1.<\/p>\n\n\n\n<div class=\"wp-block-buttons is-layout-flex wp-block-buttons-is-layout-flex\">\n<div class=\"wp-block-button is-style-fill\"><a class=\"wp-block-button__link has-background\" href=\"https:\/\/korosica.si\/en\/\" style=\"background-color:#505050\" target=\"_blank\" rel=\"noreferrer noopener\">\u0394\u0399\u039a\u03a4\u03a5\u0391\u039a\u039f\u03a3 \u03a4\u039f\u03a0\u039f\u03a3\n<\/a><\/div>\n<\/div>\n<\/div><\/div>\n\n\n\n<div class=\"wp-block-media-text has-media-on-the-right is-stacked-on-mobile\"><figure class=\"wp-block-media-text__media\"><img decoding=\"async\" loading=\"lazy\" width=\"1106\" height=\"682\" src=\"http:\/\/new.tab.si\/wp-content\/uploads\/2021\/02\/delalut.jpg\" alt=\"\" class=\"wp-image-7590 size-full\"\/><\/figure><div class=\"wp-block-media-text__content\">\n<h2 class=\"has-normal-font-size wp-block-heading\">\u0397\u039f\u03a4\u0395\u039b DELALUT<\/h2>\n\n\n\n<p>Hostel Delalut has a restaurant, free bikes, a shared lounge and garden in Ravne na Koro\u0161kem. There is a terrace and guests can make use of free WiFi and free private parking.<\/p>\n\n\n\n<p>Guests at Hostel Delalut can enjoy a buffet breakfast.<\/p>\n\n\n\n<p>The accommodation offers a sauna. Guests at Hostel Delalut will be able to enjoy activities in and around Ravne na Koro\u0161kem, like hiking and cycling.<\/p>\n\n\n\n<p>Topol\u0161ica is 45 km from the hostel. The nearest airport is Ljubljana Jo\u017ee Pu\u010dnik Airport, 51 km from Hostel Delalut.<\/p>\n\n\n\n<div class=\"wp-block-buttons is-layout-flex wp-block-buttons-is-layout-flex\">\n<div class=\"wp-block-button\"><a class=\"wp-block-button__link\" href=\"http:\/\/www.delalut.si\/hotel-delalut.aspx?v=1\" target=\"_blank\" rel=\"noreferrer noopener\">\u0394\u0399\u039a\u03a4\u03a5\u0391\u039a\u039f\u03a3 \u03a4\u039f\u03a0\u039f\u03a3\n<\/a><\/div>\n<\/div>\n<\/div><\/div>\n\n\n\n<p><\/p>\n","protected":false},"excerpt":{"rendered":"\u0397\u039f\u03a4\u0395\u039b KORO\u0160ICA \u03a4\u03bf Hotel Korosica \u03b2\u03c1\u03af\u03c3\u03ba\u03b5\u03c4\u03b1\u03b9 \u03c3\u03b5 \u03ae\u03c3\u03c5\u03c7\u03b7 \u03c4\u03bf\u03c0\u03bf\u03b8\u03b5\u03c3\u03af\u03b1 \u03c3\u03c4\u03bf Dravograd, \u03c3\u03c4\u03bf \u03ba\u03ad\u03bd\u03c4\u03c1\u03bf 3 \u03ba\u03bf\u03b9\u03bb\u03ac\u03b4\u03c9\u03bd. \u03a4\u03bf \u03c0\u03bb\u03ae\u03c1\u03c9\u03c2 \u03ba\u03bb\u03b9\u03bc\u03b1\u03c4\u03b9\u03b6\u03cc\u03bc\u03b5\u03bd\u03bf \u03be\u03b5\u03bd\u03bf\u03b4\u03bf\u03c7\u03b5\u03af\u03bf \u03c0\u03b1\u03c1\u03ad\u03c7\u03b5\u03b9 \u03b4\u03c9\u03c1\u03b5\u03ac\u03bd Wi-Fi \u03ba\u03b1\u03b9 \u03c6\u03c5\u03bb\u03b1\u03c3\u03c3\u03cc\u03bc\u03b5\u03bd\u03bf \u03c7\u03ce\u03c1\u03bf \u03c3\u03c4\u03ac\u03b8\u03bc\u03b5\u03c5\u03c3\u03b7\u03c2. \u03a0\u03c1\u03bf\u03c3\u03c6\u03ad\u03c1\u03b5\u03b9 \u03c5\u03c0\u03b5\u03c1\u03c3\u03cd\u03b3\u03c7\u03c1\u03bf\u03bd\u03bf \u03c3\u03c4\u03bf\u03cd\u03bd\u03c4\u03b9\u03bf \u03b5\u03c5\u03b5\u03be\u03af\u03b1\u03c2 \u03bc\u03b5 \u03c3\u03ac\u03bf\u03c5\u03bd\u03b1 \u03ba\u03b1\u03b9 \u03c5\u03b4\u03c1\u03bf\u03bc\u03b1\u03c3\u03ac\u03b6, \u03ba\u03b1\u03b8\u03ce\u03c2 \u03ba\u03b1\u03b9 \u03c0\u03b5\u03c1\u03b9\u03c0\u03bf\u03b9\u03ae\u03c3\u03b5\u03b9\u03c2 \u03bc\u03b1\u03c3\u03ac\u03b6. \u03a4\u03bf \u03b5\u03c3\u03c4\u03b9\u03b1\u03c4\u03cc\u03c1\u03b9\u03bf \u03c4\u03bf\u03c5 Hotel Korosica \u03ad\u03c7\u03b5\u03b9 \u03b8\u03ad\u03b1 \u03c3\u03c4\u03b7\u03bd \u03b5\u03be\u03bf\u03c7\u03ae \u03ba\u03b1\u03b9 \u03c3\u03b5\u03c1\u03b2\u03af\u03c1\u03b5\u03b9 \u03c4\u03bf\u03c0\u03b9\u03ba\u03ad\u03c2 \u03c3\u03c0\u03b5\u03c3\u03b9\u03b1\u03bb\u03b9\u03c4\u03ad \u03ba\u03b1\u03b8\u03ce\u03c2 \u03ba\u03b1\u03b9 \u03b4\u03b9\u03b5\u03b8\u03bd\u03ae \u03ba\u03bf\u03c5\u03b6\u03af\u03bd\u03b1. [...]","protected":false},"author":1,"featured_media":2736,"parent":0,"menu_order":0,"comment_status":"closed","ping_status":"closed","template":"","meta":{"footnotes":""},"_links":{"self":[{"href":"https:\/\/www.tab.si\/el\/wp-json\/wp\/v2\/pages\/7603"}],"collection":[{"href":"https:\/\/www.tab.si\/el\/wp-json\/wp\/v2\/pages"}],"about":[{"href":"https:\/\/www.tab.si\/el\/wp-json\/wp\/v2\/types\/page"}],"author":[{"embeddable":true,"href":"https:\/\/www.tab.si\/el\/wp-json\/wp\/v2\/users\/1"}],"replies":[{"embeddable":true,"href":"https:\/\/www.tab.si\/el\/wp-json\/wp\/v2\/comments?post=7603"}],"version-history":[{"count":5,"href":"https:\/\/www.tab.si\/el\/wp-json\/wp\/v2\/pages\/7603\/revisions"}],"predecessor-version":[{"id":9984,"href":"https:\/\/www.tab.si\/el\/wp-json\/wp\/v2\/pages\/7603\/revisions\/9984"}],"wp:featuredmedia":[{"embeddable":true,"href":"https:\/\/www.tab.si\/el\/wp-json\/wp\/v2\/media\/2736"}],"wp:attachment":[{"href":"https:\/\/www.tab.si\/el\/wp-json\/wp\/v2\/media?parent=7603"}],"curies":[{"name":"wp","href":"https:\/\/api.w.org\/{rel}","templated":true}]}}