{"id":4484,"date":"2020-12-14T09:01:55","date_gmt":"2020-12-14T09:01:55","guid":{"rendered":"http:\/\/new.tab.si\/id-card\/"},"modified":"2023-10-22T09:11:53","modified_gmt":"2023-10-22T09:11:53","slug":"id-card","status":"publish","type":"page","link":"https:\/\/www.tab.si\/el\/id-card\/","title":{"rendered":"\u03a4\u0391\u03a5\u03a4\u038c\u03a4\u0397\u03a4\u0391"},"content":{"rendered":"<p>[vc_row][vc_column css=&#8221;.vc_custom_1608715753259{margin-top: 30px !important;}&#8221;][block_title style=&#8221;column_title&#8221; inner_style=&#8221;inline_border&#8221; title=&#8221;ID CARD&#8221;][\/block_title][vc_column_text]<\/p>\n<style>\ntable {<br \/>  border-collapse: separate;<br \/>  border-spacing: 0;<br \/>  width: 100%;<br \/>}<br \/>th,<br \/>td {<br \/>  padding: 6px 15px;<br \/>}<br \/>th {<br \/>background-color: none!important;<br \/>color: white;<br \/>  text-align: left;<br \/>}<br \/>tr:first-child th:first-child {<br \/>  border-top-left-radius: 6px;<br \/>}<br \/>tr:first-child th:last-child {<br \/>  border-top-right-radius: 6px;<br \/>}<br \/>td {<br \/>  border-right: 1px solid #c6c9cc;<br \/>  border-bottom: 1px solid #c6c9cc;<br \/>}<br \/>td:first-child {<br \/>  border-left: 1px solid #c6c9cc;<br \/>}<br \/>tr:nth-child(even) td {<br \/>  background-color: white!important;<br \/>  color:white;<br \/>}<br \/>tr:last-child td:first-child {<br \/>  border-bottom-left-radius: 6px;<br \/>}<br \/>tr:last-child td:last-child {<br \/>  border-bottom-right-radius: 6px;<br \/>}<\/p>\n<\/style>\n<table style=\"border: none!important;\">\n<tbody>\n<tr>\n<td width=\"30%\"><b>\u0395\u03c4\u03b1\u03b9\u03c1\u03b5\u03af\u03b1:<\/b><\/td>\n<td>TAB Tovarna akumulatorskih baterij d.d.<\/td>\n<\/tr>\n<tr>\n<td style=\"border: 0px!important; background-color: none!important;\" width=\"30%\"><b>\u038c\u03bd\u03bf\u03bc\u03b1:<\/b><\/td>\n<td>TAB d.d.<\/td>\n<\/tr>\n<tr>\n<td width=\"30%\"><b>\u03a4\u03bf\u03c0\u03bf\u03b8\u03b5\u03c3\u03af\u03b1:<\/b><\/td>\n<td>Polena 6, SI &#8211; 2392 Me\u017eica, Slovenija<\/td>\n<\/tr>\n<tr>\n<td width=\"30%\"><strong>\u039d\u03bf\u03bc\u03b9\u03ba\u03ae \u03bc\u03bf\u03c1\u03c6\u03ae:<\/strong><\/td>\n<td>Joint &#8211; stock company<\/td>\n<\/tr>\n<tr>\n<td width=\"30%\"><b>\u03a4\u03b7\u03bb\u03ad\u03c6\u03c9\u03bd\u03bf:<\/b><\/td>\n<td>+386 2 87 02 300<\/td>\n<\/tr>\n<tr>\n<td width=\"30%\"><b>\u03a6\u03b1\u03be:<\/b><\/td>\n<td>+386 2 87 02 305<\/td>\n<\/tr>\n<tr>\n<td width=\"30%\"><b>\u0397\u03bb\u03b5\u03ba\u03c4\u03c1\u03bf\u03bd\u03b9\u03ba\u03cc \u03c4\u03b1\u03c7\u03c5\u03b4\u03c1\u03bf\u03bc\u03b5\u03af\u03bf:<\/b><\/td>\n<td>info@tab.si<\/td>\n<\/tr>\n<tr>\n<td width=\"30%\"><b>\u0399\u03c3\u03c4\u03bf\u03c3\u03b5\u03bb\u03af\u03b4\u03b1:<\/b><\/td>\n<td>www.tab.si<\/td>\n<\/tr>\n<tr>\n<td width=\"30%\"><b>\u03a4\u03cd\u03c0\u03bf\u03c2 \u03b1\u03bd\u03ce\u03c4\u03b1\u03c4\u03b7\u03c2 \u03b5\u03be\u03bf\u03c5\u03c3\u03af\u03b1\u03c2:<\/b><\/td>\n<td>Supervisory Board<\/td>\n<\/tr>\n<tr>\n<td width=\"30%\"><b>\u0397\u03bc\u03b5\u03c1\u03bf\u03bc\u03b7\u03bd\u03af\u03b1 \u03ad\u03bd\u03b1\u03c1\u03be\u03b7\u03c2 \u03bb\u03b5\u03b9\u03c4\u03bf\u03c5\u03c1\u03b3\u03af\u03b1\u03c2:<\/b><\/td>\n<td>31.10.1990<\/td>\n<\/tr>\n<tr>\n<td width=\"30%\"><b>\u039c\u03b5\u03c4\u03bf\u03c7\u03b9\u03ba\u03cc \u03ba\u03b5\u03c6\u03ac\u03bb\u03b1\u03b9\u03bf:<\/b><\/td>\n<td>1.081.655,82 \u20ac<\/td>\n<\/tr>\n<tr>\n<td width=\"30%\"><b>\u0391\u03c1\u03b9\u03b8\u03bc\u03cc\u03c2 \u03bc\u03b5\u03c4\u03bf\u03c7\u03ce\u03bd:<\/b><\/td>\n<td><span class=\"colour\">259.208<\/span><\/td>\n<\/tr>\n<tr>\n<td width=\"30%\"><b>\u0391\u03c1\u03b9\u03b8\u03bc\u03cc\u03c2 \u03bc\u03b7\u03c4\u03c1\u03ce\u03bf\u03c5:<\/b><\/td>\n<td>5103363<\/td>\n<\/tr>\n<tr>\n<td width=\"30%\"><b>\u0391\u03c1\u03b9\u03b8\u03bc\u03cc\u03c2 \u03c6\u03bf\u03c1\u03bf\u03bb\u03bf\u03b3\u03b9\u03ba\u03bf\u03cd \u03bc\u03b7\u03c4\u03c1\u03ce\u03bf\u03c5:<\/b><\/td>\n<td>SI 85852589<\/td>\n<\/tr>\n<tr>\n<td valign=\"top\" width=\"30%\"><b>\u039b\u03bf\u03b3\u03b1\u03c1\u03b9\u03b1\u03c3\u03bc\u03bf\u03af \u03a4\u03c1\u03ac\u03c0\u03b5\u03b6\u03b1\u03c2:<\/b><\/td>\n<td>\n<ul class=\"ordinary\">\n<li>\n<div><strong>Nova Ljubljanska banka d.d. Ljubljana<\/strong>, Trg republike 2, SI &#8211; 1000 Ljubljana SWIFT: LJBASI2X<br \/>\n<strong>IBAN: SI56 02470 00119 41212<\/strong><\/div>\n<\/li>\n<li>\n<div><strong>BKS Bank AG<\/strong>, Ban\u010dna podru\u017enica, Verov\u0161kova ulica 55a, SI &#8211; 1102 Ljubljana SWIFT: BFKKSI22<br \/>\n<strong>IBAN: SI56 3500 1000 0783090<\/strong><\/div>\n<\/li>\n<li>\n<div><strong>UniCredit Banka Slovenija d.d<\/strong>., Ameri\u0161ka ulica 2, SI &#8211; 1000 Ljubljana SWIFT: BACXSI22<br \/>\n<strong>IBAN: SI56 29000 00552 79769<\/strong><\/div>\n<\/li>\n<\/ul>\n<\/td>\n<\/tr>\n<tr>\n<td width=\"30%\"><b>Activity number:<\/b><\/td>\n<td>27.200<\/td>\n<\/tr>\n<tr>\n<td width=\"30%\"><b>\u039a\u03cd\u03c1\u03b9\u03b5\u03c2 \u03b4\u03c1\u03b1\u03c3\u03c4\u03b7\u03c1\u03b9\u03cc\u03c4\u03b7\u03c4\u03b5\u03c2:<\/b><\/td>\n<td>Manufactor of accumulators, primary cells and primary batteries.<\/td>\n<\/tr>\n<tr>\n<td width=\"30%\"><b>\u0395\u03c1\u03b3\u03b1\u03b6\u03cc\u03bc\u03b5\u03bd\u03bf\u03b9 31.12.2022:<\/b><\/td>\n<td>645<\/td>\n<\/tr>\n<tr>\n<td width=\"30%\"><b>CEO:<\/b><\/td>\n<td>Roman Burja<\/td>\n<\/tr>\n<tr>\n<td width=\"30%\"><b>Auditor:<\/b><\/td>\n<td>AUDIT &amp; CO d.o.o., Lendavska ulica 18, 9000 Murska Sobota<\/td>\n<\/tr>\n<\/tbody>\n<\/table>\n<p>[\/vc_column_text][\/vc_column][\/vc_row]<\/p>\n","protected":false},"excerpt":{"rendered":"<p>[vc_row][vc_column css=&#8221;.vc_custom_1608715753259{margin-top: 30px !important;}&#8221;][block_title style=&#8221;column_title&#8221; inner_style=&#8221;inline_border&#8221; title=&#8221;ID CARD&#8221;][\/block_title][vc_column_text] \u0395\u03c4\u03b1\u03b9\u03c1\u03b5\u03af\u03b1: TAB Tovarna akumulatorskih baterij d.d. \u038c\u03bd\u03bf\u03bc\u03b1: TAB d.d. \u03a4\u03bf\u03c0\u03bf\u03b8\u03b5\u03c3\u03af\u03b1: Polena 6, SI &#8211; 2392 Me\u017eica, Slovenija \u039d\u03bf\u03bc\u03b9\u03ba\u03ae \u03bc\u03bf\u03c1\u03c6\u03ae: Joint &#8211; stock company \u03a4\u03b7\u03bb\u03ad\u03c6\u03c9\u03bd\u03bf: +386 2 87 02 300 \u03a6\u03b1\u03be: +386 2 87 02 305 \u0397\u03bb\u03b5\u03ba\u03c4\u03c1\u03bf\u03bd\u03b9\u03ba\u03cc \u03c4\u03b1\u03c7\u03c5\u03b4\u03c1\u03bf\u03bc\u03b5\u03af\u03bf: info@tab.si \u0399\u03c3\u03c4\u03bf\u03c3\u03b5\u03bb\u03af\u03b4\u03b1: www.tab.si \u03a4\u03cd\u03c0\u03bf\u03c2 \u03b1\u03bd\u03ce\u03c4\u03b1\u03c4\u03b7\u03c2 \u03b5\u03be\u03bf\u03c5\u03c3\u03af\u03b1\u03c2: Supervisory Board \u0397\u03bc\u03b5\u03c1\u03bf\u03bc\u03b7\u03bd\u03af\u03b1 \u03ad\u03bd\u03b1\u03c1\u03be\u03b7\u03c2 [&hellip;]<\/p>\n","protected":false},"author":1,"featured_media":2736,"parent":0,"menu_order":0,"comment_status":"closed","ping_status":"closed","template":"","meta":{"footnotes":""},"_links":{"self":[{"href":"https:\/\/www.tab.si\/el\/wp-json\/wp\/v2\/pages\/4484"}],"collection":[{"href":"https:\/\/www.tab.si\/el\/wp-json\/wp\/v2\/pages"}],"about":[{"href":"https:\/\/www.tab.si\/el\/wp-json\/wp\/v2\/types\/page"}],"author":[{"embeddable":true,"href":"https:\/\/www.tab.si\/el\/wp-json\/wp\/v2\/users\/1"}],"replies":[{"embeddable":true,"href":"https:\/\/www.tab.si\/el\/wp-json\/wp\/v2\/comments?post=4484"}],"version-history":[{"count":7,"href":"https:\/\/www.tab.si\/el\/wp-json\/wp\/v2\/pages\/4484\/revisions"}],"predecessor-version":[{"id":14523,"href":"https:\/\/www.tab.si\/el\/wp-json\/wp\/v2\/pages\/4484\/revisions\/14523"}],"wp:featuredmedia":[{"embeddable":true,"href":"https:\/\/www.tab.si\/el\/wp-json\/wp\/v2\/media\/2736"}],"wp:attachment":[{"href":"https:\/\/www.tab.si\/el\/wp-json\/wp\/v2\/media?parent=4484"}],"curies":[{"name":"wp","href":"https:\/\/api.w.org\/{rel}","templated":true}]}}