{"id":16139,"date":"2025-07-22T13:28:48","date_gmt":"2025-07-22T13:28:48","guid":{"rendered":"https:\/\/www.tab.si\/?page_id=16139"},"modified":"2025-07-24T10:22:40","modified_gmt":"2025-07-24T10:22:40","slug":"tab-commercial-c183","status":"publish","type":"page","link":"https:\/\/www.tab.si\/el\/tab-commercial-c183\/","title":{"rendered":"TAB e.storage C183"},"content":{"rendered":"\n<h2 class=\"wp-block-heading\"><strong>Shranite prese\u017eno energijo za kasneje<\/strong><\/h2>\n\n\n\n<h2 class=\"wp-block-heading\">TAB e.storage hranilniki elektri\u010dne energije za podjetja<\/h2>\n\n\n\n<p><\/p>\n\n\n\n<p><\/p>\n\n\n\n<p>Vse ve\u010d podatkov ka\u017ee, da bodo hranilniki elektri\u010dne energije postali klju\u010dno sredstvo za zagotavljanje pro\u017enosti in stabilnosti elektroenergetskega sistema. To je \u0161e posebej pomembno v kontekstu nara\u0161\u010dajo\u010de uporabe nestalnih obnovljivih virov energije, kot so son\u010dna in vetrna energija.<\/p>\n\n\n\n<p><strong>U\u010dinkovito upravljanje energetskega sistema s hranilniki elektri\u010dne energije<\/strong><\/p>\n\n\n\n<p>Uporaba hranilnikov elektri\u010dne energije skupaj s son\u010dnimi elektrarnami prina\u0161a \u0161tevilne prednosti za podjetja. V obdobjih prese\u017ene proizvodnje energije hranilnik omogo\u010da njeno shranjevanje in kasnej\u0161o uporabo, kar pove\u010duje energetsko neodvisnost in zmanj\u0161uje stro\u0161ke oskrbe z elektri\u010dno energijo.<\/p>\n\n\n\n<p>Nova analiza dru\u017ebe Wood Mackenzie napoveduje, da bosta son\u010dna in vetrna energija \u017ee v bli\u017enji prihodnosti prevladovali na najve\u010djih evropskih trgih. Do leta 2040 naj bi v Evropi vzpostavili 169 GW novih vetrnih in 172 GW son\u010dnih elektrarn, kar bo \u0161e pove\u010dalo potrebo po hranilnikih energije.<\/p>\n\n\n\n<figure class=\"wp-block-image size-large is-resized is-style-default\"><img decoding=\"async\" loading=\"lazy\" src=\"https:\/\/www.tab.si\/wp-content\/uploads\/2025\/07\/MK__9908-1024x683.jpg\" alt=\"\" class=\"wp-image-16167\" style=\"width:791px;height:528px\" width=\"791\" height=\"528\" srcset=\"https:\/\/www.tab.si\/wp-content\/uploads\/2025\/07\/MK__9908-1024x683.jpg 1024w, https:\/\/www.tab.si\/wp-content\/uploads\/2025\/07\/MK__9908-300x200.jpg 300w, https:\/\/www.tab.si\/wp-content\/uploads\/2025\/07\/MK__9908-768x512.jpg 768w, https:\/\/www.tab.si\/wp-content\/uploads\/2025\/07\/MK__9908-1536x1024.jpg 1536w, https:\/\/www.tab.si\/wp-content\/uploads\/2025\/07\/MK__9908-2048x1366.jpg 2048w\" sizes=\"(max-width: 791px) 100vw, 791px\" \/><\/figure>\n\n\n\n<p><strong>Izziv uravnote\u017eenja elektroenergetskega sistema<\/strong><\/p>\n\n\n\n<p>Ker se dele\u017e obnovljivih virov energije pove\u010duje, postaja klju\u010dnega pomena uravnote\u017eenje elektroenergetskega sistema. Hranilniki elektri\u010dne energije skupaj z medomre\u017enimi povezavami igrajo osrednjo vlogo pri zagotavljanju pro\u017enosti sistema. Po mnenju analitikov bodo hranilniki \u017ee do leta 2030 ekonomsko ugodnej\u0161i od plinskih elektrarn, kar bo pomembno vplivalo na prihodnost proizvodnje koni\u010dne energije.<\/p>\n\n\n\n<p><strong>Prednosti hranilnikov elektri\u010dne energije za podjetja<\/strong><\/p>\n\n\n\n<p>Hranilniki elektri\u010dne energije omogo\u010dajo:<\/p>\n\n\n\n<ul>\n<li>stabilno in zanesljivo oskrbo,<\/li>\n\n\n\n<li>zmanj\u0161anje emisij toplogrednih plinov,<\/li>\n\n\n\n<li>shranjevanje prese\u017ene energije in njeno uporabo ob pove\u010dani potrebi,<\/li>\n\n\n\n<li>zmanj\u0161anje odvisnosti od elektroenergetskega omre\u017eja,<\/li>\n\n\n\n<li>dolgoro\u010dne finan\u010dne prihranke.<\/li>\n<\/ul>\n\n\n\n<p>Poleg tega podjetjem omogo\u010dajo sodelovanje v shemah prilagajanja odjema (demand response), s \u010dimer lahko dodatno zni\u017eajo stro\u0161ke energije.<\/p>\n\n\n<div class=\"wp-block-image is-style-default\">\n<figure class=\"aligncenter size-large\"><img decoding=\"async\" loading=\"lazy\" width=\"683\" height=\"1024\" src=\"https:\/\/www.tab.si\/wp-content\/uploads\/2025\/07\/MK__9866-683x1024.jpg\" alt=\"\" class=\"wp-image-16157\" srcset=\"https:\/\/www.tab.si\/wp-content\/uploads\/2025\/07\/MK__9866-683x1024.jpg 683w, https:\/\/www.tab.si\/wp-content\/uploads\/2025\/07\/MK__9866-200x300.jpg 200w, https:\/\/www.tab.si\/wp-content\/uploads\/2025\/07\/MK__9866-768x1152.jpg 768w, https:\/\/www.tab.si\/wp-content\/uploads\/2025\/07\/MK__9866-1024x1536.jpg 1024w, https:\/\/www.tab.si\/wp-content\/uploads\/2025\/07\/MK__9866-1366x2048.jpg 1366w, https:\/\/www.tab.si\/wp-content\/uploads\/2025\/07\/MK__9866.jpg 1667w\" sizes=\"(max-width: 683px) 100vw, 683px\" \/><\/figure><\/div>\n\n\n<p><strong>Ve\u010dja energetska neodvisnost s hranilniki elektri\u010dne energije<\/strong><\/p>\n\n\n\n<p>Podjetja, ki uporabljajo hranilnike v kombinaciji s son\u010dnimi elektrarnami, pridobijo ve\u010djo avtonomijo pri upravljanju energije. Mo\u017enost shranjevanja elektri\u010dne energije pomeni, da podjetja niso ve\u010d izklju\u010dno odvisna od nihanj cen elektrike na trgu. Prav tako lahko izkori\u0161\u010dajo energijo v \u010dasu najni\u017ejih tarif in tako optimizirajo svoje stro\u0161ke.<\/p>\n\n\n\n<p><strong>Kateri sistem hranilnika elektri\u010dne energije je najprimernej\u0161i za va\u0161e podjetje?<\/strong><\/p>\n\n\n\n<p>Izbira ustreznega hranilnika je odvisna od ve\u010d dejavnikov, kot so velikost podjetja, na\u010din porabe elektri\u010dne energije in vrsta obstoje\u010dih obnovljivih virov. Podjetje TAB d.d., kot eden vodilnih proizvajalcev baterijskih sistemov v Evropi, skupaj s svojimi partnerji ponuja prilagojene re\u0161itve, ki temeljijo na podrobni analizi potreb posameznega podjetja.<\/p>\n\n\n\n<p><strong>Kako lahko podjetje zmanj\u0161a stro\u0161ke elektri\u010dne energije?<\/strong><\/p>\n\n\n\n<p>S pametnim upravljanjem energije podjetja lahko:<\/p>\n\n\n\n<ol type=\"1\" start=\"1\">\n<li><strong>Zni\u017eajo koni\u010dne obremenitve (peak shaving)<\/strong> \u2013 hranilniki zmanj\u0161ajo nenadne skoke porabe in s tem stro\u0161ke omre\u017enine.<\/li>\n\n\n\n<li><strong>Izrabijo cenej\u0161o energijo<\/strong> \u2013 shranjujejo energijo v \u010dasu ni\u017ejih tarif in jo uporabljajo v \u010dasu vi\u0161jih cen.<\/li>\n\n\n\n<li><strong>Optimizirajo priklju\u010dno mo\u010d<\/strong> \u2013 zmanj\u0161ajo potrebo po vi\u0161jih fiksnih stro\u0161kih priklju\u010dne mo\u010di.<\/li>\n\n\n\n<li><strong>Bolj\u0161e izkoristijo obnovljive vire<\/strong> \u2013 namesto vra\u010danja prese\u017ekov v omre\u017eje jih hranijo za lastno uporabo.<\/li>\n<\/ol>\n\n\n\n<p><strong>Primer uspe\u0161ne implementacije<\/strong><\/p>\n\n\n\n<p>V podjetju TAB d.d. smo \u017ee pomagali nekaterim <a href=\"https:\/\/www.tab.si\/li-ion-references\/\">podjetjem pri optimizaciji porabe elektri\u010dne energije z uporabo naprednih TAB e.storage baterijskih sistemov.<\/a> S premi\u0161ljeno integracijo hranilnikov energije lahko podjetja bistveno zni\u017eajo stro\u0161ke energije in izbolj\u0161ajo svojo konkuren\u010dnost.<\/p>\n\n\n<div class=\"wp-block-image is-style-default\">\n<figure class=\"aligncenter size-large\"><img decoding=\"async\" loading=\"lazy\" width=\"1024\" height=\"683\" src=\"https:\/\/www.tab.si\/wp-content\/uploads\/2025\/07\/MK__9922-1024x683.jpg\" alt=\"\" class=\"wp-image-16162\" srcset=\"https:\/\/www.tab.si\/wp-content\/uploads\/2025\/07\/MK__9922-1024x683.jpg 1024w, https:\/\/www.tab.si\/wp-content\/uploads\/2025\/07\/MK__9922-300x200.jpg 300w, https:\/\/www.tab.si\/wp-content\/uploads\/2025\/07\/MK__9922-768x512.jpg 768w, https:\/\/www.tab.si\/wp-content\/uploads\/2025\/07\/MK__9922-1536x1024.jpg 1536w, https:\/\/www.tab.si\/wp-content\/uploads\/2025\/07\/MK__9922-2048x1366.jpg 2048w\" sizes=\"(max-width: 1024px) 100vw, 1024px\" \/><\/figure><\/div>\n\n\n<p><strong>Je hranilnik elektri\u010dne energije prava re\u0161itev za va\u0161e podjetje?<\/strong><\/p>\n\n\n\n<p>Investicija v hranilnik elektri\u010dne energije ni le korak k ve\u010dji energetski varnosti, temve\u010d tudi strate\u0161ka odlo\u010ditev za zmanj\u0161anje stro\u0161kov in pove\u010danje trajnostnega poslovanja. \u010ce \u017eelite izvedeti ve\u010d, kako lahko hranilnik elektri\u010dne energije zmanj\u0161a stro\u0161ke v va\u0161em podjetju, se obrnite na strokovnjake podjetja TAB d.d., kjer vam bomo s pomo\u010djo partnerjev pomagali najti optimalno re\u0161itev.<\/p>\n\n\n\n<p>Za ve\u010d informacij \/ povpra\u0161evanje prosim kontaktirajte::<\/p>\n\n\n\n<p>g. Darijan Skube<\/p>\n\n\n\n<p>e: <a href=\"mailto:darijan.skube@tab.si\">darijan.skube@tab.si<\/a><\/p>\n","protected":false},"excerpt":{"rendered":"<p>Shranite prese\u017eno energijo za kasneje TAB e.storage hranilniki elektri\u010dne energije za podjetja Vse ve\u010d podatkov ka\u017ee, da bodo hranilniki elektri\u010dne energije postali klju\u010dno sredstvo za zagotavljanje pro\u017enosti in stabilnosti elektroenergetskega sistema. To je \u0161e posebej pomembno v kontekstu nara\u0161\u010dajo\u010de uporabe nestalnih obnovljivih virov energije, kot so son\u010dna in vetrna energija. U\u010dinkovito upravljanje energetskega sistema s [&hellip;]<\/p>\n","protected":false},"author":1,"featured_media":16145,"parent":0,"menu_order":0,"comment_status":"closed","ping_status":"closed","template":"","meta":{"footnotes":""},"_links":{"self":[{"href":"https:\/\/www.tab.si\/el\/wp-json\/wp\/v2\/pages\/16139"}],"collection":[{"href":"https:\/\/www.tab.si\/el\/wp-json\/wp\/v2\/pages"}],"about":[{"href":"https:\/\/www.tab.si\/el\/wp-json\/wp\/v2\/types\/page"}],"author":[{"embeddable":true,"href":"https:\/\/www.tab.si\/el\/wp-json\/wp\/v2\/users\/1"}],"replies":[{"embeddable":true,"href":"https:\/\/www.tab.si\/el\/wp-json\/wp\/v2\/comments?post=16139"}],"version-history":[{"count":6,"href":"https:\/\/www.tab.si\/el\/wp-json\/wp\/v2\/pages\/16139\/revisions"}],"predecessor-version":[{"id":16172,"href":"https:\/\/www.tab.si\/el\/wp-json\/wp\/v2\/pages\/16139\/revisions\/16172"}],"wp:featuredmedia":[{"embeddable":true,"href":"https:\/\/www.tab.si\/el\/wp-json\/wp\/v2\/media\/16145"}],"wp:attachment":[{"href":"https:\/\/www.tab.si\/el\/wp-json\/wp\/v2\/media?parent=16139"}],"curies":[{"name":"wp","href":"https:\/\/api.w.org\/{rel}","templated":true}]}}