{"id":8302,"date":"2021-02-25T13:30:04","date_gmt":"2021-02-25T13:30:04","guid":{"rendered":"http:\/\/new.tab.si\/li-on-batteries\/"},"modified":"2022-05-13T09:33:17","modified_gmt":"2022-05-13T09:33:17","slug":"li-on-batteries","status":"publish","type":"page","link":"https:\/\/www.tab.si\/de\/li-on-batteries\/","title":{"rendered":"LITHIUM-IONEN-BATTERIEN"},"content":{"rendered":"\n<div class=\"wp-block-media-text is-stacked-on-mobile is-vertically-aligned-center\" style=\"grid-template-columns:38% auto\"><figure class=\"wp-block-media-text__media\"><img decoding=\"async\" loading=\"lazy\" width=\"983\" height=\"1024\" src=\"https:\/\/www.tab.si\/wp-content\/uploads\/2022\/01\/TAB-e.motive-copy-983x1024.png\" alt=\"\" class=\"wp-image-12478 size-full\" srcset=\"https:\/\/www.tab.si\/wp-content\/uploads\/2022\/01\/TAB-e.motive-copy-983x1024.png 983w, https:\/\/www.tab.si\/wp-content\/uploads\/2022\/01\/TAB-e.motive-copy-288x300.png 288w, https:\/\/www.tab.si\/wp-content\/uploads\/2022\/01\/TAB-e.motive-copy-768x800.png 768w, https:\/\/www.tab.si\/wp-content\/uploads\/2022\/01\/TAB-e.motive-copy-1474x1536.png 1474w, https:\/\/www.tab.si\/wp-content\/uploads\/2022\/01\/TAB-e.motive-copy-1965x2048.png 1965w\" sizes=\"(max-width: 983px) 100vw, 983px\" \/><\/figure><div class=\"wp-block-media-text__content\">\n<p class=\"has-text-align-left has-normal-font-size\"><p class=\"has-text-align-left has-normal-font-size\" style=\"text-align:justify;\"><strong>TAB <span style=\"color:#008d3f\">e.<\/span>motive Li-Ionen-Batterien <\/strong>sind so konzipiert, dass sie eine l\u00e4ngere Zykluslebensdauer, eine Reduzierung der Gesamtbetriebskosten, eine h\u00f6here Produktivit\u00e4t und eine schnellere Aufladung gew\u00e4hrleisten und v\u00f6llig wartungsfrei sind. Mit dem TAB BMS (Battery Management System) k\u00f6nnen Sie den Status und die Funktionsf\u00e4higkeit der Batterie jederzeit \u00fcberwachen.\n<\/p><\/p>\n\n\n\n<div class=\"wp-block-buttons is-layout-flex wp-block-buttons-is-layout-flex\">\n<div class=\"wp-block-button\"><a class=\"wp-block-button__link\" href=\"https:\/\/online.fliphtml5.com\/vvbpc\/otjf\/\" style=\"border-radius:5px\" target=\"_blank\" rel=\"noreferrer noopener\">KATALOG<\/a><\/div>\n<\/div>\n<\/div><\/div>\n\n\n\n<div class=\"wp-block-media-text is-stacked-on-mobile\" style=\"grid-template-columns:38% auto\"><figure class=\"wp-block-media-text__media\"><img decoding=\"async\" loading=\"lazy\" width=\"1024\" height=\"645\" src=\"https:\/\/www.tab.si\/wp-content\/uploads\/2022\/01\/e.leisure_Premium_HD12_100_n1-1024x645.png\" alt=\"\" class=\"wp-image-12502 size-full\" srcset=\"https:\/\/www.tab.si\/wp-content\/uploads\/2022\/01\/e.leisure_Premium_HD12_100_n1-1024x645.png 1024w, https:\/\/www.tab.si\/wp-content\/uploads\/2022\/01\/e.leisure_Premium_HD12_100_n1-300x189.png 300w, https:\/\/www.tab.si\/wp-content\/uploads\/2022\/01\/e.leisure_Premium_HD12_100_n1-768x484.png 768w, https:\/\/www.tab.si\/wp-content\/uploads\/2022\/01\/e.leisure_Premium_HD12_100_n1-1536x968.png 1536w, https:\/\/www.tab.si\/wp-content\/uploads\/2022\/01\/e.leisure_Premium_HD12_100_n1-2048x1290.png 2048w\" sizes=\"(max-width: 1024px) 100vw, 1024px\" \/><\/figure><div class=\"wp-block-media-text__content\">\n<p class=\"has-normal-font-size\"><p class=\"has-normal-font-size\" style=\"text-align:justify;\"><strong>TAB <span style=\"color:#008d3f\">e.<\/span>leisure Li-Ionen-Batterien<\/strong> sind ideal f\u00fcr Anwendungen, bei denen eine lange Lebensdauer, ein geringes Gewicht, h\u00f6here Leistung, schnelles Laden und Sicherheit wichtig sind. Sie k\u00f6nnen in einer Vielzahl von station\u00e4ren und kraftbetriebenen Anwendungsbereichen eingesetzt werden. Die Batterien sind gegen \u00dcberladung, Tiefentladung und \u00dcberhitzung gesch\u00fctzt und k\u00f6nnen problemlos anstelle der meisten Blei-S\u00e4ure-Batterien eingesetzt werden.\n\n<\/p><\/p>\n\n\n\n<div class=\"wp-block-buttons is-layout-flex wp-block-buttons-is-layout-flex\">\n<div class=\"wp-block-button\"><a class=\"wp-block-button__link\" href=\"https:\/\/online.fliphtml5.com\/vvbpc\/tgne\/\" style=\"border-radius:5px\" target=\"_blank\" rel=\"noreferrer noopener\">KATALOG<\/a><\/div>\n<\/div>\n<\/div><\/div>\n\n\n\n<div class=\"wp-block-media-text is-stacked-on-mobile is-vertically-aligned-center\" style=\"grid-template-columns:38% auto\"><figure class=\"wp-block-media-text__media\"><img decoding=\"async\" loading=\"lazy\" width=\"683\" height=\"1024\" src=\"https:\/\/www.tab.si\/wp-content\/uploads\/2022\/01\/estorage_copy21-683x1024.png\" alt=\"\" class=\"wp-image-12483 size-full\" srcset=\"https:\/\/www.tab.si\/wp-content\/uploads\/2022\/01\/estorage_copy21-683x1024.png 683w, https:\/\/www.tab.si\/wp-content\/uploads\/2022\/01\/estorage_copy21-200x300.png 200w, https:\/\/www.tab.si\/wp-content\/uploads\/2022\/01\/estorage_copy21-768x1152.png 768w, https:\/\/www.tab.si\/wp-content\/uploads\/2022\/01\/estorage_copy21.png 1000w\" sizes=\"(max-width: 683px) 100vw, 683px\" \/><\/figure><div class=\"wp-block-media-text__content\">\n<p class=\"has-normal-font-size\"><p class=\"has-normal-font-size\" style=\"text-align:justify;\"><strong>TAB <span style=\"color:#008d3f\">e.<\/span>storage Li-Ionen-Batterien<\/strong> bieten L\u00f6sungen f\u00fcr Anwendungen in allen Stromversorgungssystemen, einschlie\u00dflich netzgebundener, Wohn- und Gewerbe- sowie USV-Anlagen (unterbrechungsfreie Stromversorgung).\n<\/p><\/p>\n\n\n\n<div class=\"wp-block-buttons is-layout-flex wp-block-buttons-is-layout-flex\">\n<div class=\"wp-block-button\"><a class=\"wp-block-button__link\" href=\"https:\/\/online.fliphtml5.com\/vvbpc\/vwfz\/\" style=\"border-radius:5px\" target=\"_blank\" rel=\"noreferrer noopener\">KATALOG<\/a><\/div>\n<\/div>\n<\/div><\/div>\n","protected":false},"excerpt":{"rendered":"TAB e.motive Li-Ionen-Batterien sind so konzipiert, dass sie eine l\u00e4ngere Zykluslebensdauer, eine Reduzierung der Gesamtbetriebskosten, eine h\u00f6here Produktivit\u00e4t und eine schnellere Aufladung gew\u00e4hrleisten und v\u00f6llig wartungsfrei sind. Mit dem TAB BMS (Battery Management System) k\u00f6nnen Sie den Status und die Funktionsf\u00e4higkeit der Batterie jederzeit \u00fcberwachen. KATALOG TAB e.leisure Li-Ionen-Batterien sind ideal f\u00fcr Anwendungen, bei denen [...]","protected":false},"author":1,"featured_media":11105,"parent":0,"menu_order":0,"comment_status":"closed","ping_status":"closed","template":"","meta":{"footnotes":""},"_links":{"self":[{"href":"https:\/\/www.tab.si\/de\/wp-json\/wp\/v2\/pages\/8302"}],"collection":[{"href":"https:\/\/www.tab.si\/de\/wp-json\/wp\/v2\/pages"}],"about":[{"href":"https:\/\/www.tab.si\/de\/wp-json\/wp\/v2\/types\/page"}],"author":[{"embeddable":true,"href":"https:\/\/www.tab.si\/de\/wp-json\/wp\/v2\/users\/1"}],"replies":[{"embeddable":true,"href":"https:\/\/www.tab.si\/de\/wp-json\/wp\/v2\/comments?post=8302"}],"version-history":[{"count":35,"href":"https:\/\/www.tab.si\/de\/wp-json\/wp\/v2\/pages\/8302\/revisions"}],"predecessor-version":[{"id":12750,"href":"https:\/\/www.tab.si\/de\/wp-json\/wp\/v2\/pages\/8302\/revisions\/12750"}],"wp:featuredmedia":[{"embeddable":true,"href":"https:\/\/www.tab.si\/de\/wp-json\/wp\/v2\/media\/11105"}],"wp:attachment":[{"href":"https:\/\/www.tab.si\/de\/wp-json\/wp\/v2\/media?parent=8302"}],"curies":[{"name":"wp","href":"https:\/\/api.w.org\/{rel}","templated":true}]}}