{"id":8261,"date":"2021-02-25T13:01:14","date_gmt":"2021-02-25T13:01:14","guid":{"rendered":"http:\/\/new.tab.si\/recycling\/"},"modified":"2021-04-14T12:10:58","modified_gmt":"2021-04-14T12:10:58","slug":"recycling","status":"publish","type":"page","link":"https:\/\/www.tab.si\/de\/recycling\/","title":{"rendered":"RECYCLING"},"content":{"rendered":"\n<h1 class=\"wp-block-heading\"><strong>MPI RECIKLA\u017dA d.o.o.<\/strong><\/h1>\n\n\n\n<div class=\"wp-block-group\"><div class=\"wp-block-group__inner-container is-layout-flow wp-block-group-is-layout-flow\">\n<p>TAB d.d. ist nicht nur ein Hersteller von hochwertigen Pb-Batterien, aber auch Recycler, der \u00f6kologischen Aus-und Abbau (Recycling) von gebrauchten Batterien in ihrer Tochtergesellschaft  <strong><a rel=\"noreferrer noopener\" href=\"http:\/\/www.rm-mpi.si\/\" target=\"_blank\">MPI Recikla\u017ea d.o.o.<\/a><\/strong> durchf\u00fchrt.<\/p>\n\n\n\n<div class=\"wp-block-image\"><figure class=\"aligncenter size-large is-resized\"><img decoding=\"async\" loading=\"lazy\" src=\"http:\/\/new.tab.si\/wp-content\/uploads\/2021\/02\/ecomoticon.jpg\" alt=\"\" class=\"wp-image-8605\" width=\"669\" height=\"373\"\/><\/figure><\/div>\n\n\n\n<p>Durch die Teilnahme an EcoMotion Prozess kann der Nutrzer\/Endverbraucher der Batterie sicher sein, dass alle zur\u00fcckgegebenen TAB Batterien und deren Bleigehalt wiederverwendet bzw. recycled werden und dass alle gesetzlich vorgeschriebenen Verfahren respektiert werden.<\/p>\n\n\n\n<br <br=\"\"><br>\n\n\n\n<div class=\"wp-block-group\"><div class=\"wp-block-group__inner-container is-layout-flow wp-block-group-is-layout-flow\">\n<div class=\"wp-block-media-text\" style=\"grid-template-columns:15% auto\"><figure class=\"wp-block-media-text__media\"><img decoding=\"async\" loading=\"lazy\" width=\"128\" height=\"55\" src=\"http:\/\/new.tab.si\/wp-content\/uploads\/2021\/02\/mpi_logo.png\" alt=\"\" class=\"wp-image-8407 size-full\"\/><\/figure><div class=\"wp-block-media-text__content\">\n<h1 class=\"wp-block-heading\"><strong>MPI-RECIKLA\u017dA  d.o.o.<\/strong><\/h1>\n\n\n\n<p><strong>Viktor Fortin<\/strong>:&nbsp;+386 2 870 0266<\/p>\n\n\n\n<p><\/p>\n<\/div><\/div>\n<\/div><\/div>\n\n\n\n<div class=\"wp-block-buttons alignleft is-layout-flex wp-block-buttons-is-layout-flex\">\n<div class=\"wp-block-button\"><a class=\"wp-block-button__link has-text-color has-background\" href=\"http:\/\/www.rm-mpi.si\/\" style=\"border-radius:2px;background-color:#505050;color:#fffffa\" target=\"_blank\" rel=\"noreferrer noopener\">WEBSEITE<\/a><\/div>\n\n\n\n<div class=\"wp-block-button is-style-outline\"><a class=\"wp-block-button__link has-text-color\" href=\"https:\/\/fliphtml5.com\/vvbpc\/zbou\" style=\"border-radius:2px;color:#505050\" target=\"_blank\" rel=\"noreferrer noopener\">WEITERLESEN<\/a><\/div>\n<\/div>\n\n\n\n<div class=\"wp-block-group is-layout-flow wp-block-group-is-layout-flow\"><div class=\"wp-block-group__inner-container\"><\/div><\/div>\n<\/div><\/div>\n\n\n\n<p><\/p>\n","protected":false},"excerpt":{"rendered":"<p>MPI RECIKLA\u017dA d.o.o. TAB d.d. ist nicht nur ein Hersteller von hochwertigen Pb-Batterien, aber auch Recycler, der \u00f6kologischen Aus-und Abbau (Recycling) von gebrauchten Batterien in ihrer Tochtergesellschaft MPI Recikla\u017ea d.o.o. durchf\u00fchrt. Durch die Teilnahme an EcoMotion Prozess kann der Nutrzer\/Endverbraucher der Batterie sicher sein, dass alle zur\u00fcckgegebenen TAB Batterien und deren Bleigehalt wiederverwendet bzw. recycled [&hellip;]<\/p>\n","protected":false},"author":1,"featured_media":8597,"parent":0,"menu_order":0,"comment_status":"closed","ping_status":"closed","template":"","meta":{"footnotes":""},"_links":{"self":[{"href":"https:\/\/www.tab.si\/de\/wp-json\/wp\/v2\/pages\/8261"}],"collection":[{"href":"https:\/\/www.tab.si\/de\/wp-json\/wp\/v2\/pages"}],"about":[{"href":"https:\/\/www.tab.si\/de\/wp-json\/wp\/v2\/types\/page"}],"author":[{"embeddable":true,"href":"https:\/\/www.tab.si\/de\/wp-json\/wp\/v2\/users\/1"}],"replies":[{"embeddable":true,"href":"https:\/\/www.tab.si\/de\/wp-json\/wp\/v2\/comments?post=8261"}],"version-history":[{"count":86,"href":"https:\/\/www.tab.si\/de\/wp-json\/wp\/v2\/pages\/8261\/revisions"}],"predecessor-version":[{"id":11641,"href":"https:\/\/www.tab.si\/de\/wp-json\/wp\/v2\/pages\/8261\/revisions\/11641"}],"wp:featuredmedia":[{"embeddable":true,"href":"https:\/\/www.tab.si\/de\/wp-json\/wp\/v2\/media\/8597"}],"wp:attachment":[{"href":"https:\/\/www.tab.si\/de\/wp-json\/wp\/v2\/media?parent=8261"}],"curies":[{"name":"wp","href":"https:\/\/api.w.org\/{rel}","templated":true}]}}