{"id":7602,"date":"2020-12-14T09:03:45","date_gmt":"2020-12-14T09:03:45","guid":{"rendered":"http:\/\/new.tab.si\/hotels-near-tab\/"},"modified":"2021-03-15T16:45:36","modified_gmt":"2021-03-15T16:45:36","slug":"hotels-near-tab","status":"publish","type":"page","link":"https:\/\/www.tab.si\/de\/hotels-near-tab\/","title":{"rendered":"HOTELS IN DER N\u00c4HE VON TAB"},"content":{"rendered":"\n<div class=\"wp-block-group\"><div class=\"wp-block-group__inner-container is-layout-flow wp-block-group-is-layout-flow\">\n<div class=\"wp-block-columns is-layout-flex wp-container-3 wp-block-columns-is-layout-flex\">\n<div class=\"wp-block-column is-layout-flow wp-block-column-is-layout-flow\"><\/div>\n\n\n\n<div class=\"wp-block-column is-layout-flow wp-block-column-is-layout-flow\"><\/div>\n<\/div>\n<\/div><\/div>\n\n\n\n<div class=\"wp-block-media-text is-stacked-on-mobile is-vertically-aligned-center\"><figure class=\"wp-block-media-text__media\"><img decoding=\"async\" loading=\"lazy\" width=\"1094\" height=\"677\" src=\"http:\/\/new.tab.si\/wp-content\/uploads\/2021\/02\/korosica.jpg\" alt=\"\" class=\"wp-image-7595 size-full\"\/><\/figure><div class=\"wp-block-media-text__content\">\n<h2 class=\"has-normal-font-size wp-block-heading\">HOTEL KORO\u0160ICA<\/h2>\n\n\n\n<p>Das Korosica Hotel in Dravograd liegt ruhig und umgeben von 3 T\u00e4lern. Das komplett klimatisierte Hotel bietet kostenfreies WLAN und einen bewachten Parkplatz.<\/p>\n\n\n\n<p>Das moderne Wellnesscenter umfasst eine Sauna und einen Whirlpool sowie einen Massageservice.<\/p>\n\n\n\n<p>Das Restaurant des Hotels Korosica mit Blick \u00fcber die Landschaft serviert lokale Spezialit\u00e4ten sowie internationale K\u00fcche.<\/p>\n\n\n\n<p>Das Korosica verf\u00fcgt \u00fcber einen Golfplatz. Zu den beliebten Freizeitaktivit\u00e4ten z\u00e4hlen Klettern und Wandern sowie Skifahren und Radfahren. Am nahe gelegenen Flughafen Libeli\u010de k\u00f6nnen Sie fliegen und segelfliegen.<\/p>\n\n\n\n<div class=\"wp-block-buttons is-layout-flex wp-block-buttons-is-layout-flex\">\n<div class=\"wp-block-button is-style-fill\"><a class=\"wp-block-button__link has-background\" href=\"https:\/\/korosica.si\/en\/\" style=\"background-color:#505050\" target=\"_blank\" rel=\"noreferrer noopener\">IHRE WEBSITE<\/a><\/div>\n<\/div>\n<\/div><\/div>\n\n\n\n<div class=\"wp-block-media-text has-media-on-the-right is-stacked-on-mobile\"><figure class=\"wp-block-media-text__media\"><img decoding=\"async\" loading=\"lazy\" width=\"1106\" height=\"682\" src=\"http:\/\/new.tab.si\/wp-content\/uploads\/2021\/02\/delalut.jpg\" alt=\"\" class=\"wp-image-7590 size-full\"\/><\/figure><div class=\"wp-block-media-text__content\">\n<h2 class=\"has-normal-font-size wp-block-heading\">HOTEL DELALUT<\/h2>\n\n\n\n<p>Das Hotel Delalut bietet ein Restaurant, kostenlose Fahrr\u00e4der, eine Bar und eine Gemeinschaftslounge in Ravne na Koro\u0161kem. Dieses 3-Sterne-Hotel bietet eine Skiaufbewahrung und einen Zimmerservice. Zu den weiteren Annehmlichkeiten geh\u00f6ren ein Kinderspielplatz, kostenfreies WLAN und kostenfreie Privatparkpl\u00e4tze.<\/p>\n\n\n\n<p>Jeden Morgen steht in der Unterkunft ein Fr\u00fchst\u00fccksbuffet f\u00fcr Sie bereit.<\/p>\n\n\n\n<p>Das Hotel Delalut bietet 3-Sterne-Unterk\u00fcnfte mit einer Sauna und einer Terrasse. Im Hotel k\u00f6nnen Sie Aktivit\u00e4ten wie Wandern, Skifahren und Radfahren nachgehen.<\/p>\n\n\n\n<p>Topol\u0161ica liegt 45 km vom Hotel Delalut entfernt. Der n\u00e4chste Flughafen ist der 51 km von der Unterkunft entfernte Flughafen Ljubljana. Die Unterkunft bietet einen kostenpflichtigen Flughafentransfer.<\/p>\n\n\n\n<div class=\"wp-block-buttons is-layout-flex wp-block-buttons-is-layout-flex\">\n<div class=\"wp-block-button\"><a class=\"wp-block-button__link\" href=\"http:\/\/www.delalut.si\/hotel-delalut.aspx?v=1\" target=\"_blank\" rel=\"noreferrer noopener\">IHRE WEBSITE<\/a><\/div>\n<\/div>\n<\/div><\/div>\n\n\n\n<p><\/p>\n","protected":false},"excerpt":{"rendered":"HOTEL KORO\u0160ICA Das Korosica Hotel in Dravograd liegt ruhig und umgeben von 3 T\u00e4lern. Das komplett klimatisierte Hotel bietet kostenfreies WLAN und einen bewachten Parkplatz. Das moderne Wellnesscenter umfasst eine Sauna und einen Whirlpool sowie einen Massageservice. Das Restaurant des Hotels Korosica mit Blick \u00fcber die Landschaft serviert lokale Spezialit\u00e4ten sowie internationale K\u00fcche. Das Korosica [...]","protected":false},"author":1,"featured_media":2735,"parent":0,"menu_order":0,"comment_status":"closed","ping_status":"closed","template":"","meta":{"footnotes":""},"_links":{"self":[{"href":"https:\/\/www.tab.si\/de\/wp-json\/wp\/v2\/pages\/7602"}],"collection":[{"href":"https:\/\/www.tab.si\/de\/wp-json\/wp\/v2\/pages"}],"about":[{"href":"https:\/\/www.tab.si\/de\/wp-json\/wp\/v2\/types\/page"}],"author":[{"embeddable":true,"href":"https:\/\/www.tab.si\/de\/wp-json\/wp\/v2\/users\/1"}],"replies":[{"embeddable":true,"href":"https:\/\/www.tab.si\/de\/wp-json\/wp\/v2\/comments?post=7602"}],"version-history":[{"count":6,"href":"https:\/\/www.tab.si\/de\/wp-json\/wp\/v2\/pages\/7602\/revisions"}],"predecessor-version":[{"id":9976,"href":"https:\/\/www.tab.si\/de\/wp-json\/wp\/v2\/pages\/7602\/revisions\/9976"}],"wp:featuredmedia":[{"embeddable":true,"href":"https:\/\/www.tab.si\/de\/wp-json\/wp\/v2\/media\/2735"}],"wp:attachment":[{"href":"https:\/\/www.tab.si\/de\/wp-json\/wp\/v2\/media?parent=7602"}],"curies":[{"name":"wp","href":"https:\/\/api.w.org\/{rel}","templated":true}]}}