{"id":4497,"date":"2020-12-03T18:23:59","date_gmt":"2020-12-03T18:23:59","guid":{"rendered":"http:\/\/new.tab.si\/basic-info\/"},"modified":"2023-11-24T10:21:06","modified_gmt":"2023-11-24T10:21:06","slug":"basic-info","status":"publish","type":"page","link":"https:\/\/www.tab.si\/de\/basic-info\/","title":{"rendered":"GRUNDINFORMATION"},"content":{"rendered":"<p>[vc_row][vc_column][block_title style=&#8221;column_title&#8221; inner_style=&#8221;inline_border&#8221; title=&#8221;\u00dcBER UNS&#8221;][\/block_title][vc_column_text]<\/p>\n<div style=\"text-align: justify;\">\n<p>TAB produziert ein breites Sortiment von Blei-S\u00e4ure-, VRLA- AGM und Gel &#8211; Batterien und Li-ion Batterien in vier modernen computergesteuerten Fertigungsst\u00e4tten. TAB besch\u00e4ftigt zurzeit 1.600 Mitarbeiter in vier Produktionsbereichen:<\/p>\n<ul>\n<li>\u010crna na Koro\u0161kem, Slowenien: Produktion von Starterbatterien TAB, Topla, Vesna und VolThor (Jahreskapazit\u00e4t: 3,3 Mio. Stk),<\/li>\n<li>\u017derjav, Slowenien: Produktion von Industriebatterien, Markenname TAB (Jahreskapazit\u00e4t: ca. 1,8 Mio Stk. mittelgro\u00dfe Traktionszellen, bzw. Station\u00e4rzellen),<\/li>\n<li>Prevalje, Slowenien: Produktion von Li-ion Batterien,<\/li>\n<li>Probishtip, <span class=\"st\">Republik Nordmazedonien<\/span>: Produktion von Starterbatterien Vesna\u00a0 (Jahreskapazit\u00e4t: 3 Mio. Stk).<\/li>\n<\/ul>\n<\/div>\n<p>[\/vc_column_text][\/vc_column][\/vc_row][vc_row][vc_column][vc_raw_html]JTNDc3R5bGUlM0UlMEElMEFoNSU3QiUwQSUyMCUyMGZvbnQtc2l6ZSUzQTIwcHglM0IlMEElMjAlMjB0ZXh0LWFsaWduJTNBY2VudGVyJTNCJTBBJTdEJTBBaDQlN0IlMEFjb2xvciUzQXdoaXRlJTNCJTBBJTdEJTBBLnRpbWVsaW5lJTdCJTBBJTIwJTIwcG9zaXRpb24lM0FyZWxhdGl2ZSUzQiUwQSUyMCUyMG1hcmdpbiUzQTUwcHglMjBhdXRvJTNCJTBBJTIwJTIwcGFkZGluZyUzQTQwcHglMjAwJTNCJTBBJTIwJTIwd2lkdGglM0ExMDAwcHglM0IlMEElMjAlMjBib3gtc2l6aW5nJTNBYm9yZGVyLWJveCUzQiUwQSU3RCUwQS50aW1lbGluZSUzQWJlZm9yZSU3QiUwQSUyMCUyMGNvbnRlbnQlM0ElMjclMjclM0IlMEElMjAlMjBwb3NpdGlvbiUzQWFic29sdXRlJTNCJTBBJTIwJTIwbGVmdCUzQTUwJTI1JTNCJTBBJTIwJTIwd2lkdGglM0EycHglM0IlMEElMjAlMjBoZWlnaHQlM0ExMDAlMjUlM0IlMEElMjAlMjBiYWNrZ3JvdW5kJTNBJTIzNTA1MDUwJTNCJTBBJTdEJTBBLnRpbWVsaW5lJTIwdWwlN0IlMEElMjAlMjBwYWRkaW5nJTNBMCUzQiUwQSUyMCUyMG1hcmdpbiUzQTAlM0IlMEElN0QlMEEudGltZWxpbmUlMjB1bCUyMGxpJTdCJTBBJTIwJTIwbGlzdC1zdHlsZSUzQW5vbmUlM0IlMEElMjAlMjBwb3NpdGlvbiUzQXJlbGF0aXZlJTNCJTBBJTIwJTIwd2lkdGglM0E1MCUyNSUzQiUwQSUyMCUyMHBhZGRpbmclM0EyMHB4JTIwNDBweCUzQiUwQSUyMCUyMGJveC1zaXppbmclM0Fib3JkZXItYm94JTNCJTBBJTdEJTBBLnRpbWVsaW5lJTIwdWwlMjBsaSUzQW50aC1jaGlsZCUyOG9kZCUyOSU3QiUwQSUyMCUyMGZsb2F0JTNBbGVmdCUzQiUwQSUyMCUyMHRleHQtYWxpZ24lM0FyaWdodCUzQiUwQSUyMCUyMGNsZWFyJTNBYm90aCUzQiUwQSU3RCUwQS50aW1lbGluZSUyMHVsJTIwbGklM0FudGgtY2hpbGQlMjhldmVuJTI5JTdCJTBBJTIwJTIwZmxvYXQlM0FyaWdodCUzQiUwQSUyMCUyMHRleHQtYWxpZ24lM0FsZWZ0JTNCJTBBJTIwJTIwY2xlYXIlM0Fib3RoJTNCJTBBJTdEJTBBLmNvbnRlbnQlN0IlMEElMjAlMjBwYWRkaW5nLWJvdHRvbSUzQTIwcHglM0IlMEElN0QlMEEudGltZWxpbmUlMjB1bCUyMGxpJTNBbnRoLWNoaWxkJTI4b2RkJTI5JTNBYmVmb3JlJTBBJTdCJTBBJTIwJTIwY29udGVudCUzQSUyNyUyNyUzQiUwQSUyMCUyMHBvc2l0aW9uJTNBYWJzb2x1dGUlM0IlMEElMjAlMjB3aWR0aCUzQTEwcHglM0IlMEElMjAlMjBoZWlnaHQlM0ExMHB4JTNCJTBBJTIwJTIwdG9wJTNBMjRweCUzQiUwQSUyMCUyMHJpZ2h0JTNBLTZweCUzQiUwQSUyMCUyMGJhY2tncm91bmQlM0FyZ2JhJTI4ODAlMkM4MCUyQzgwJTJDMSUyOSUzQiUwQSUyMCUyMGJvcmRlci1yYWRpdXMlM0E1MCUyNSUzQiUwQSUyMCUyMGJveC1zaGFkb3clM0EwJTIwMCUyMDAlMjAzcHglMjByZ2JhJTI4ODAlMkM4MCUyQzgwJTJDMC4yJTI5JTNCJTBBJTdEJTBBLnRpbWVsaW5lJTIwdWwlMjBsaSUzQW50aC1jaGlsZCUyOGV2ZW4lMjklM0FiZWZvcmUlMEElN0IlMEElMjAlMjBjb250ZW50JTNBJTI3JTI3JTNCJTBBJTIwJTIwcG9zaXRpb24lM0FhYnNvbHV0ZSUzQiUwQSUyMCUyMHdpZHRoJTNBMTBweCUzQiUwQSUyMCUyMGhlaWdodCUzQTEwcHglM0IlMEElMjAlMjB0b3AlM0EyNHB4JTNCJTBBJTIwJTIwbGVmdCUzQS00cHglM0IlMEElMjAlMjBiYWNrZ3JvdW5kJTNBcmdiYSUyODgwJTJDODAlMkM4MCUyQzElMjklM0IlMEElMjAlMjBib3JkZXItcmFkaXVzJTNBNTAlMjUlM0IlMEElMjAlMjBib3gtc2hhZG93JTNBMCUyMDAlMjAwJTIwM3B4JTIwcmdiYSUyODgwJTJDODAlMkM4MCUyQzAuMiUyOSUzQiUwQSU3RCUwQS50aW1lbGluZSUyMHVsJTIwbGklMjBoMyU3QiUwQSUyMCUyMHBhZGRpbmclM0EwJTNCJTBBJTIwJTIwbWFyZ2luJTNBMCUzQiUwQSUyMCUyMGNvbG9yJTNBcmdiYSUyODgwJTJDODAlMkM4MCUyQzElMjklM0IlMEElMjAlMjBmb250LXdlaWdodCUzQTYwMCUzQiUwQSU3RCUwQS50aW1lbGluZSUyMHVsJTIwbGklMjBwJTdCJTBBJTIwJTIwbWFyZ2luJTNBMTBweCUyMDAlMjAwJTNCJTBBJTIwJTIwcGFkZGluZyUzQTAlM0IlMEElN0QlMEEudGltZWxpbmUlMjB1bCUyMGxpJTIwLnRpbWUlMjBoNCU3QiUwQSUyMCUyMG1hcmdpbiUzQTAlM0IlMEElMjAlMjBwYWRkaW5nJTNBMCUzQiUwQSUyMCUyMGZvbnQtc2l6ZSUzQTE0cHglM0IlMEElN0QlMEEudGltZWxpbmUlMjB1bCUyMGxpJTNBbnRoLWNoaWxkJTI4b2RkJTI5JTIwLnRpbWUlMEElN0IlMEElMjAlMjBwb3NpdGlvbiUzQWFic29sdXRlJTNCJTBBJTIwJTIwdG9wJTNBMTJweCUzQiUwQSUyMCUyMHJpZ2h0JTNBLTE2NXB4JTNCJTBBJTIwJTIwbWFyZ2luJTNBMCUzQiUwQSUyMCUyMHBhZGRpbmclM0E4cHglMjAxNnB4JTNCJTBBJTIwJTIwYmFja2dyb3VuZCUzQXJnYmElMjg4MCUyQzgwJTJDODAlMkMxJTI5JTNCJTBBJTIwJTIwY29sb3IlM0ElMjNmZmYlM0IlMEElMjAlMjBib3JkZXItcmFkaXVzJTNBMThweCUzQiUwQSUyMCUyMGJveC1zaGFkb3clM0EwJTIwMCUyMDAlMjAzcHglMjByZ2JhJTI4ODAlMkM4MCUyQzgwJTJDMC4zJTI5JTNCJTBBJTdEJTBBLnRpbWVsaW5lJTIwdWwlMjBsaSUzQW50aC1jaGlsZCUyOGV2ZW4lMjklMjAudGltZSUwQSU3QiUwQSUyMCUyMHBvc2l0aW9uJTNBYWJzb2x1dGUlM0IlMEElMjAlMjB0b3AlM0ExMnB4JTNCJTBBJTIwJTIwbGVmdCUzQS0xNjVweCUzQiUwQSUyMCUyMG1hcmdpbiUzQTAlM0IlMEElMjAlMjBwYWRkaW5nJTNBOHB4JTIwMTZweCUzQiUwQSUyMCUyMGJhY2tncm91bmQlM0FyZ2JhJTI4ODAlMkM4MCUyQzgwJTJDMSUyOSUzQiUwQSUyMCUyMGNvbG9yJTNBJTIzZmZmJTNCJTBBJTIwJTIwYm9yZGVyLXJhZGl1cyUzQTE4cHglM0IlMEElMjAlMjBib3gtc2hhZG93JTNBMCUyMDAlMjAwJTIwM3B4JTIwcmdiYSUyODgwJTJDODAlMkM4MCUyQzAuMyUyOSUzQiUwQSU3RCUwQSU0MG1lZGlhJTI4bWF4LXdpZHRoJTNBMTAwMHB4JTI5JTBBJTdCJTBBJTIwJTIwLnRpbWVsaW5lJTdCJTBBJTIwJTIwJTIwJTIwd2lkdGglM0ExMDAlMjUlM0IlMEElMjAlMjAlN0QlMEElN0QlMEElNDBtZWRpYSUyOG1heC13aWR0aCUzQTc2N3B4JTI5JTdCJTBBJTIwJTIwLnRpbWVsaW5lJTdCJTBBJTIwJTIwJTIwJTIwd2lkdGglM0ExMDAlMjUlM0IlMEElMjAlMjAlMjAlMjBwYWRkaW5nLWJvdHRvbSUzQTAlM0IlMEElMjAlMjAlN0QlMEElMjAlMjBoMSU3QiUwQSUyMCUyMCUyMCUyMGZvbnQtc2l6ZSUzQTQwcHglM0IlMEElMjAlMjAlMjAlMjB0ZXh0LWFsaWduJTNBY2VudGVyJTNCJTBBJTIwJTIwJTdEJTBBJTIwJTIwLnRpbWVsaW5lJTNBYmVmb3JlJTdCJTBBJTIwJTIwJTIwJTIwbGVmdCUzQTIwcHglM0IlMEElMjAlMjAlMjAlMjBoZWlnaHQlM0ExMDAlMjUlM0IlMEElMjAlMjAlN0QlMEElMjAlMjAudGltZWxpbmUlMjB1bCUyMGxpJTNBbnRoLWNoaWxkJTI4b2RkJTI5JTJDJTBBJTIwJTIwLnRpbWVsaW5lJTIwdWwlMjBsaSUzQW50aC1jaGlsZCUyOGV2ZW4lMjklMEElMjAlMjAlN0IlMEElMjAlMjAlMjAlMjB3aWR0aCUzQTEwMCUyNSUzQiUwQSUyMCUyMCUyMCUyMHRleHQtYWxpZ24lM0FsZWZ0JTNCJTBBJTIwJTIwJTIwJTIwcGFkZGluZy1sZWZ0JTNBNTBweCUzQiUwQSUyMCUyMCUyMCUyMHBhZGRpbmctYm90dG9tJTNBNTBweCUzQiUwQSUyMCUyMCU3RCUwQSUyMCUyMC50aW1lbGluZSUyMHVsJTIwbGklM0FudGgtY2hpbGQlMjhvZGQlMjklM0FiZWZvcmUlMkMlMEElMjAlMjAudGltZWxpbmUlMjB1bCUyMGxpJTNBbnRoLWNoaWxkJTI4ZXZlbiUyOSUzQWJlZm9yZSUwQSUyMCUyMCU3QiUwQSUyMCUyMCUyMCUyMHRvcCUzQS0xOHB4JTNCJTBBJTIwJTIwJTIwJTIwbGVmdCUzQTE2cHglM0IlMEElMjAlMjAlN0QlMEElMjAlMjAudGltZWxpbmUlMjB1bCUyMGxpJTNBbnRoLWNoaWxkJTI4b2RkJTI5JTIwLnRpbWUlMkMlMEElMjAlMjAudGltZWxpbmUlMjB1bCUyMGxpJTNBbnRoLWNoaWxkJTI4ZXZlbiUyOSUyMC50aW1lJTdCJTBBJTIwJTIwJTIwJTIwdG9wJTNBLTMwcHglM0IlMEElMjAlMjAlMjAlMjBsZWZ0JTNBNTBweCUzQiUwQSUyMCUyMCUyMCUyMHJpZ2h0JTNBaW5oZXJpdCUzQiUwQSUyMCUyMCU3RCUwQSU3RCUwQSUzQyUyRnN0eWxlJTNFJTBBJTIwJTIwJTNDaDUlM0VHZXNjaGljaHRlJTIwZGVzJTIwVW50ZXJuZWhtZW5zJTNDJTJGaDUlM0UlMEElMjAlMjAlM0NkaXYlMjBjbGFzcyUzRCUyMnRpbWVsaW5lJTIyJTNFJTBBJTIwJTIwJTIwJTIwJTNDdWwlM0UlMEElMjAlMjAlMjAlMjAlMjAlMjAlM0NsaSUzRSUwQSUyMCUyMCUyMCUyMCUyMCUyMCUyMCUyMCUzQ2RpdiUyMGNsYXNzJTNEJTIyY29udGVudCUyMiUzRSUwQSUyMCUyMCUyMCUyMCUyMCUyMCUyMCUyMCUyMCUyMCUzQ2gzJTNFJTI4ZGllJTIwTVBJJTIwLSUyMFJFQ0lLTEElQzUlQkRBJTIwZG8uby4lMjBpc3QlMjBlaW4lMjBFcmdlYm5pcyUyMGRpZXNlciUyMHRyYWRpdGlvbmVsbGVuJTIwQWt0aXZpdCVDMyVBNHQlMjklM0MlMkZoMyUzRSUwQSUyMCUyMCUyMCUyMCUyMCUyMCUyMCUyMCUyMCUyMCUzQ3AlM0UlM0MlMkZwJTNFJTBBJTIwJTIwJTIwJTIwJTIwJTIwJTIwJTIwJTNDJTJGZGl2JTNFJTBBJTIwJTIwJTIwJTIwJTIwJTIwJTIwJTIwJTNDZGl2JTIwY2xhc3MlM0QlMjJ0aW1lJTIyJTNFJTBBJTIwJTIwJTIwJTIwJTIwJTIwJTIwJTIwJTIwJTIwJTNDaDQlMjBzdHlsZSUzRCUyMmNvbG9yJTNBd2hpdGUlM0IlMjIlM0UxNjY1JTNDJTJGaDQlM0UlMEElMjAlMjAlMjAlMjAlMjAlMjAlMjAlMjAlM0MlMkZkaXYlM0UlMEElMjAlMjAlMjAlMjAlMjAlMjAlM0MlMkZsaSUzRSUwQSUyMCUyMCUyMCUyMCUyMCUyMCUwQSUyMCUyMCUyMCUyMCUyMCUyMCUzQ2xpJTNFJTBBJTIwJTIwJTIwJTIwJTIwJTIwJTIwJTIwJTNDZGl2JTIwY2xhc3MlM0QlMjJjb250ZW50JTIyJTNFJTBBJTIwJTIwJTIwJTIwJTIwJTIwJTIwJTIwJTIwJTIwJTNDaDMlM0VFcnJpY2h0dW5nJTIwZWluZXIlMjBTY2htZWx6aCVDMyVCQ3R0ZSUyMGluJTIwJUM1JUJEZXJqYXYuJTNDJTJGaDMlM0UlMEElMjAlMjAlMjAlMjAlMjAlMjAlMjAlMjAlMjAlMjAlM0NwJTNFJTNDJTJGcCUzRSUwQSUyMCUyMCUyMCUyMCUyMCUyMCUyMCUyMCUzQyUyRmRpdiUzRSUwQSUyMCUyMCUyMCUyMCUyMCUyMCUyMCUyMCUzQ2RpdiUyMGNsYXNzJTNEJTIydGltZSUyMiUzRSUwQSUyMCUyMCUyMCUyMCUyMCUyMCUyMCUyMCUyMCUyMCUzQ2g0JTNFMTkwNiUzQyUyRmg0JTNFJTBBJTIwJTIwJTIwJTIwJTIwJTIwJTIwJTIwJTNDJTJGZGl2JTNFJTBBJTIwJTIwJTIwJTIwJTIwJTIwJTNDJTJGbGklM0UlMEElMjAlMjAlMjAlMjAlMjAlMjAlMEElMjAlMjAlMjAlMjAlMjAlMjAlM0NsaSUzRSUwQSUyMCUyMCUyMCUyMCUyMCUyMCUyMCUyMCUzQ2RpdiUyMGNsYXNzJTNEJTIyY29udGVudCUyMiUzRSUwQSUyMCUyMCUyMCUyMCUyMCUyMCUyMCUyMCUyMCUyMCUzQ2gzJTNFR3IlQzMlQkNuZHVuZyUyMGRlciUyMEZpcm1hJTIwVEFCJTNDJTJGaDMlM0UlMEElMjAlMjAlMjAlMjAlMjAlMjAlMjAlMjAlMjAlMjAlM0NwJTNFR3IlQzMlQkNuZHVuZyUyMGRlciUyMEZpcm1hJTIwVEFCJTIwaW5uZXJoYWxiJTIwZGVyJTIwQmxlaW1pbmUlMjBNZSVDNSVCRWljYSUyMEhvbGRpbmcuTGl6ZW56dmVydHJhZyUyMG1pdCUyMFR1ZG9yJTJDJTIwU2Nod2VkZW4lMEElM0MlMkZwJTNFJTBBJTIwJTIwJTIwJTIwJTIwJTIwJTIwJTIwJTNDJTJGZGl2JTNFJTBBJTIwJTIwJTIwJTIwJTIwJTIwJTIwJTIwJTNDZGl2JTIwY2xhc3MlM0QlMjJ0aW1lJTIyJTNFJTBBJTIwJTIwJTIwJTIwJTIwJTIwJTIwJTIwJTIwJTIwJTNDaDQlM0UxOTY1JTNDJTJGaDQlM0UlMEElMjAlMjAlMjAlMjAlMjAlMjAlMjAlMjAlM0MlMkZkaXYlM0UlMEElMjAlMjAlMjAlMjAlMjAlMjAlM0MlMkZsaSUzRSUwQSUyMCUyMCUyMCUyMCUyMCUyMCUwQSUyMCUyMCUyMCUyMCUyMCUyMCUzQ2xpJTNFJTBBJTIwJTIwJTIwJTIwJTIwJTIwJTIwJTIwJTNDZGl2JTIwY2xhc3MlM0QlMjJjb250ZW50JTIyJTNFJTBBJTIwJTIwJTIwJTIwJTIwJTIwJTIwJTIwJTIwJTIwJTNDaDMlM0VCZWdpbm4lMjBkZXIlMjBMaWVmZXJ1bmclMjB2b24lMjBTdGFydGVyYmF0dGVyaWVuJTNDJTJGaDMlM0UlMEElMjAlMjAlMjAlMjAlMjAlMjAlMjAlMjAlMjAlMjAlM0NwJTNFQmVnaW5uJTIwZGVyJTIwTGllZmVydW5nJTIwdm9uJTIwU3RhcnRlcmJhdHRlcmllbiUyMHp1JTIwRmlhdCUyQyUyMFNpbWNhJTJDJTIwQ2l0cm9lbiUyQyUyMFBldWdlb3QlMjB1bmQlMjBSZW5hdWx0JTNDJTJGcCUzRSUwQSUyMCUyMCUyMCUyMCUyMCUyMCUyMCUyMCUzQyUyRmRpdiUzRSUwQSUyMCUyMCUyMCUyMCUyMCUyMCUyMCUyMCUzQ2RpdiUyMGNsYXNzJTNEJTIydGltZSUyMiUzRSUwQSUyMCUyMCUyMCUyMCUyMCUyMCUyMCUyMCUyMCUyMCUzQ2g0JTNFMTk3MiUzQyUyRmg0JTNFJTBBJTIwJTIwJTIwJTIwJTIwJTIwJTIwJTIwJTNDJTJGZGl2JTNFJTBBJTIwJTIwJTIwJTIwJTIwJTIwJTNDJTJGbGklM0UlMEElMEElMjAlMjAlMjAlMjAlMjAlMjAlM0NsaSUzRSUwQSUyMCUyMCUyMCUyMCUyMCUyMCUyMCUyMCUzQ2RpdiUyMGNsYXNzJTNEJTIyY29udGVudCUyMiUzRSUwQSUyMCUyMCUyMCUyMCUyMCUyMCUyMCUyMCUyMCUyMCUzQ2gzJTNFR3IlQzMlQkNuZHVuZyUyMGRlcyUyME1QSS1SZWNpa2xhJUM1JUJFYSUyMGQuby5vLiUzQyUyRmgzJTNFJTBBJTIwJTIwJTIwJTIwJTIwJTIwJTIwJTIwJTIwJTIwJTNDcCUzRSUzQyUyRnAlM0UlMEElMjAlMjAlMjAlMjAlMjAlMjAlMjAlMjAlM0MlMkZkaXYlM0UlMEElMjAlMjAlMjAlMjAlMjAlMjAlMjAlMjAlM0NkaXYlMjBjbGFzcyUzRCUyMnRpbWUlMjIlM0UlMEElMjAlMjAlMjAlMjAlMjAlMjAlMjAlMjAlMjAlMjAlM0NoNCUzRTE5OTAlM0MlMkZoNCUzRSUwQSUyMCUyMCUyMCUyMCUyMCUyMCUyMCUyMCUzQyUyRmRpdiUzRSUwQSUyMCUyMCUyMCUyMCUyMCUyMCUzQyUyRmxpJTNFJTBBJTIwJTIwJTIwJTIwJTIwJTIwJTBBJTIwJTIwJTIwJTIwJTIwJTIwJTNDbGklM0UlMEElMjAlMjAlMjAlMjAlMjAlMjAlMjAlMjAlM0NkaXYlMjBjbGFzcyUzRCUyMmNvbnRlbnQlMjIlM0UlMEElMjAlMjAlMjAlMjAlMjAlMjAlMjAlMjAlMjAlMjAlM0NoMyUzRUJlZW5kaWd1bmclMjBkZXIlMjBwcmltJUMzJUE0cmVuJTIwUHJvZHVrdGlvbiUzQyUyRmgzJTNFJTBBJTIwJTIwJTIwJTIwJTIwJTIwJTIwJTIwJTIwJTIwJTNDcCUzRUJlZW5kaWd1bmclMjBkZXIlMjBwcmltJUMzJUE0cmVuJTIwUHJvZHVrdGlvbiUyMHVuZCUyMCVDMyU5Q2JlcmdhbmclMjB6dW0lMjBSZWN5Y2xpbmclMjB2b24lMjBBbHRiYXR0ZXJpZW4lMjB1bmQlMjBhbmRlcmVuJTIwYmxlaWhhbHRpZ2VuJTIwQWJmJUMzJUE0bGxlbiUwQSUzQyUyRnAlM0UlMEElMjAlMjAlMjAlMjAlMjAlMjAlMjAlMjAlM0MlMkZkaXYlM0UlMEElMjAlMjAlMjAlMjAlMjAlMjAlMjAlMjAlM0NkaXYlMjBjbGFzcyUzRCUyMnRpbWUlMjIlM0UlMEElMjAlMjAlMjAlMjAlMjAlMjAlMjAlMjAlMjAlMjAlM0NoNCUzRTE5OTElM0MlMkZoNCUzRSUwQSUyMCUyMCUyMCUyMCUyMCUyMCUyMCUyMCUzQyUyRmRpdiUzRSUwQSUyMCUyMCUyMCUyMCUyMCUyMCUzQyUyRmxpJTNFJTBBJTIwJTIwJTIwJTIwJTIwJTIwJTBBJTBBJTIwJTIwJTIwJTIwJTIwJTIwJTBBJTIwJTIwJTIwJTIwJTIwJTIwJTNDbGklM0UlMEElMjAlMjAlMjAlMjAlMjAlMjAlMjAlMjAlM0NkaXYlMjBjbGFzcyUzRCUyMmNvbnRlbnQlMjIlM0UlMEElMjAlMjAlMjAlMjAlMjAlMjAlMjAlMjAlMjAlMjAlM0NoMyUzRVVtc2V0enVuZyUyMGRlciUyMElTTyUyMDkwMDElMkMlMjB6ZXJ0aWZpemllcnQlMjB2b24lMjBCdXJlYXUlMjBWZXJpdGFzJTIwQ2VydGlmaWNhdGlvbi4lM0MlMkZoMyUzRSUwQSUyMCUyMCUyMCUyMCUyMCUyMCUyMCUyMCUyMCUyMCUzQ3AlM0UlM0MlMkZwJTNFJTBBJTIwJTIwJTIwJTIwJTIwJTIwJTIwJTIwJTNDJTJGZGl2JTNFJTBBJTIwJTIwJTIwJTIwJTIwJTIwJTIwJTIwJTNDZGl2JTIwY2xhc3MlM0QlMjJ0aW1lJTIyJTNFJTBBJTIwJTIwJTIwJTIwJTIwJTIwJTIwJTIwJTIwJTIwJTNDaDQlM0UxOTk1JTNDJTJGaDQlM0UlMEElMjAlMjAlMjAlMjAlMjAlMjAlMjAlMjAlM0MlMkZkaXYlM0UlMEElMjAlMjAlMjAlMjAlMjAlMjAlM0MlMkZsaSUzRSUwQSUyMCUyMCUyMCUyMCUyMCUyMCUwQSUyMCUyMCUyMCUyMCUyMCUyMCUzQ2xpJTNFJTBBJTIwJTIwJTIwJTIwJTIwJTIwJTIwJTIwJTNDZGl2JTIwY2xhc3MlM0QlMjJjb250ZW50JTIyJTNFJTBBJTIwJTIwJTIwJTIwJTIwJTIwJTIwJTIwJTIwJTIwJTNDaDMlM0VVbXNldHp1bmclMjBkZXIlMjBJU08lMjAxNDAwMSUyQyUyMHplcnRpZml6aWVydCUyMGR1cmNoJTIwQnVyZWF1JTIwVmVyaXRhcyUyMENlcnRpZmljYXRpb24uJTNDJTJGaDMlM0UlMEElMjAlMjAlMjAlMjAlMjAlMjAlMjAlMjAlM0MlMkZkaXYlM0UlMEElMjAlMjAlMjAlMjAlMjAlMjAlMjAlMjAlM0NkaXYlMjBjbGFzcyUzRCUyMnRpbWUlMjIlM0UlMEElMjAlMjAlMjAlMjAlMjAlMjAlMjAlMjAlMjAlMjAlM0NoNCUzRTE5OTglM0MlMkZoNCUzRSUwQSUyMCUyMCUyMCUyMCUyMCUyMCUyMCUyMCUzQyUyRmRpdiUzRSUwQSUyMCUyMCUyMCUyMCUyMCUyMCUzQyUyRmxpJTNFJTBBJTIwJTIwJTIwJTIwJTIwJTIwJTBBJTIwJTIwJTIwJTIwJTIwJTIwJTNDbGklM0UlMEElMjAlMjAlMjAlMjAlMjAlMjAlMjAlMjAlM0NkaXYlMjBjbGFzcyUzRCUyMmNvbnRlbnQlMjIlM0UlMEElMjAlMjAlMjAlMjAlMjAlMjAlMjAlMjAlMjAlMjAlM0NoMyUzRVByb2R1a3Rpb24lMjB2b24lMjBTdGFydGVyYmF0dGVyaWVuJTIwbWl0JTIwQ2ElMjAlMkYlMjBDYS1TdHJlY2ttZXRhbGwtVGVjaG5vbG9naWUlM0MlMkZoMyUzRSUwQSUyMCUyMCUyMCUyMCUyMCUyMCUyMCUyMCUyMCUyMCUwQSUyMCUyMCUyMCUyMCUyMCUyMCUyMCUyMCUzQyUyRmRpdiUzRSUwQSUyMCUyMCUyMCUyMCUyMCUyMCUyMCUyMCUzQ2RpdiUyMGNsYXNzJTNEJTIydGltZSUyMiUzRSUwQSUyMCUyMCUyMCUyMCUyMCUyMCUyMCUyMCUyMCUyMCUzQ2g0JTNFMjAwMCUzQyUyRmg0JTNFJTBBJTIwJTIwJTIwJTIwJTIwJTIwJTIwJTIwJTNDJTJGZGl2JTNFJTBBJTIwJTIwJTIwJTIwJTIwJTIwJTNDJTJGbGklM0UlMEElMjAlMjAlMjAlMjAlMjAlMjAlMEElMjAlMjAlMjAlMjAlMjAlMjAlM0NsaSUzRSUwQSUyMCUyMCUyMCUyMCUyMCUyMCUyMCUyMCUzQ2RpdiUyMGNsYXNzJTNEJTIyY29udGVudCUyMiUzRSUwQSUyMCUyMCUyMCUyMCUyMCUyMCUyMCUyMCUyMCUyMCUzQ2gzJTNFR3IlQzMlQkNuZHVuZyUyMGRlciUyMFRBQiUyMFBvbGVuLiUzQyUyRmgzJTNFJTBBJTIwJTIwJTIwJTIwJTIwJTIwJTIwJTIwJTNDJTJGZGl2JTNFJTBBJTIwJTIwJTIwJTIwJTIwJTIwJTIwJTIwJTNDZGl2JTIwY2xhc3MlM0QlMjJ0aW1lJTIyJTNFJTBBJTIwJTIwJTIwJTIwJTIwJTIwJTIwJTIwJTIwJTIwJTNDaDQlM0UyMDAxJTNDJTJGaDQlM0UlMEElMjAlMjAlMjAlMjAlMjAlMjAlMjAlMjAlM0MlMkZkaXYlM0UlMEElMjAlMjAlMjAlMjAlMjAlMjAlM0MlMkZsaSUzRSUwQSUyMCUyMCUyMCUyMCUyMCUyMCUwQSUyMCUyMCUyMCUyMCUyMCUyMCUzQ2xpJTNFJTBBJTIwJTIwJTIwJTIwJTIwJTIwJTIwJTIwJTNDZGl2JTIwY2xhc3MlM0QlMjJjb250ZW50JTIyJTNFJTBBJTIwJTIwJTIwJTIwJTIwJTIwJTIwJTIwJTIwJTIwJTNDaDMlM0VHciVDMyVCQ25kdW5nJTIwdm9uJTIwVEFCJTIwU3BhbmllbiUyMHVuZCUyMFRBQiUyMEtyb2F0aWVuLiUzQyUyRmgzJTNFJTBBJTIwJTIwJTIwJTIwJTIwJTIwJTIwJTIwJTNDJTJGZGl2JTNFJTBBJTIwJTIwJTIwJTIwJTIwJTIwJTIwJTIwJTNDZGl2JTIwY2xhc3MlM0QlMjJ0aW1lJTIyJTNFJTBBJTIwJTIwJTIwJTIwJTIwJTIwJTIwJTIwJTIwJTIwJTNDaDQlM0UyMDA1JTNDJTJGaDQlM0UlMEElMjAlMjAlMjAlMjAlMjAlMjAlMjAlMjAlM0MlMkZkaXYlM0UlMEElMjAlMjAlMjAlMjAlMjAlMjAlM0MlMkZsaSUzRSUwQSUyMCUyMCUyMCUyMCUyMCUyMCUwQSUyMCUyMCUyMCUyMCUyMCUyMCUzQ2xpJTNFJTBBJTIwJTIwJTIwJTIwJTIwJTIwJTIwJTIwJTNDZGl2JTIwY2xhc3MlM0QlMjJjb250ZW50JTIyJTNFJTBBJTIwJTIwJTIwJTIwJTIwJTIwJTIwJTIwJTIwJTIwJTNDaDMlM0VVbXNldHp1bmclMjBkZXIlMjBJU08lMjAlMkYlMjBUUyUyMDE2OTQ5JTJDJTIwemVydGlmaXppZXJ0JTIwZHVyY2glMjBCdXJlYXUlMjBWZXJpdGFzJTIwQ2VydGlmaWNhdGlvbi4lM0MlMkZoMyUzRSUwQSUyMCUyMCUyMCUyMCUyMCUyMCUyMCUyMCUzQyUyRmRpdiUzRSUwQSUyMCUyMCUyMCUyMCUyMCUyMCUyMCUyMCUzQ2RpdiUyMGNsYXNzJTNEJTIydGltZSUyMiUzRSUwQSUyMCUyMCUyMCUyMCUyMCUyMCUyMCUyMCUyMCUyMCUzQ2g0JTNFMjAwNyUzQyUyRmg0JTNFJTBBJTIwJTIwJTIwJTIwJTIwJTIwJTIwJTIwJTNDJTJGZGl2JTNFJTBBJTIwJTIwJTIwJTIwJTIwJTIwJTNDJTJGbGklM0UlMEElMEElMjAlMjAlMjAlMjAlMjAlMjAlM0NsaSUzRSUwQSUyMCUyMCUyMCUyMCUyMCUyMCUyMCUyMCUzQ2RpdiUyMGNsYXNzJTNEJTIyY29udGVudCUyMiUzRSUwQSUyMCUyMCUyMCUyMCUyMCUyMCUyMCUyMCUyMCUyMCUzQ2gzJTNFUHJvZHVrdGlvbiUyMHZvbiUyMEluZHVzdHJpZS1CYXR0ZXJpZW4lMjBtaXQlMjBHZWwtVGVjaG5vbG9naWUlMjBWUkxBJTNDJTJGaDMlM0UlMEElMjAlMjAlMjAlMjAlMjAlMjAlMjAlMjAlM0MlMkZkaXYlM0UlMEElMjAlMjAlMjAlMjAlMjAlMjAlMjAlMjAlM0NkaXYlMjBjbGFzcyUzRCUyMnRpbWUlMjIlM0UlMEElMjAlMjAlMjAlMjAlMjAlMjAlMjAlMjAlMjAlMjAlM0NoNCUzRTIwMDklM0MlMkZoNCUzRSUwQSUyMCUyMCUyMCUyMCUyMCUyMCUyMCUyMCUzQyUyRmRpdiUzRSUwQSUyMCUyMCUyMCUyMCUyMCUyMCUzQyUyRmxpJTNFJTBBJTBBJTIwJTIwJTIwJTIwJTIwJTIwJTNDbGklM0UlMEElMjAlMjAlMjAlMjAlMjAlMjAlMjAlMjAlM0NkaXYlMjBjbGFzcyUzRCUyMmNvbnRlbnQlMjIlM0UlMEElMjAlMjAlMjAlMjAlMjAlMjAlMjAlMjAlMjAlMjAlM0NoMyUzRUdyJUMzJUJDbmR1bmclMjB2b24lMjBUQUIlMjBJdGFsaWVuJTIwdW5kJTIwVEFCJTIwU2VyYmllbi4lM0MlMkZoMyUzRSUwQSUyMCUyMCUyMCUyMCUyMCUyMCUyMCUyMCUzQyUyRmRpdiUzRSUwQSUyMCUyMCUyMCUyMCUyMCUyMCUyMCUyMCUzQ2RpdiUyMGNsYXNzJTNEJTIydGltZSUyMiUzRSUwQSUyMCUyMCUyMCUyMCUyMCUyMCUyMCUyMCUyMCUyMCUzQ2g0JTNFMjAxMCUzQyUyRmg0JTNFJTBBJTIwJTIwJTIwJTIwJTIwJTIwJTIwJTIwJTNDJTJGZGl2JTNFJTBBJTIwJTIwJTIwJTIwJTIwJTIwJTNDJTJGbGklM0UlMEElMEElMjAlMjAlMjAlMjAlMjAlMjAlMjAlMjAlMjAlMjAlMjAlMjAlM0NsaSUzRSUwQSUyMCUyMCUyMCUyMCUyMCUyMCUyMCUyMCUzQ2RpdiUyMGNsYXNzJTNEJTIyY29udGVudCUyMiUzRSUwQSUyMCUyMCUyMCUyMCUyMCUyMCUyMCUyMCUyMCUyMCUzQ2gzJTNFQVRFWC1aZXJ0aWZpa2F0LiUzQyUyRmgzJTNFJTBBJTIwJTIwJTIwJTIwJTIwJTIwJTIwJTIwJTNDJTJGZGl2JTNFJTBBJTIwJTIwJTIwJTIwJTIwJTIwJTIwJTIwJTNDZGl2JTIwY2xhc3MlM0QlMjJ0aW1lJTIyJTNFJTBBJTIwJTIwJTIwJTIwJTIwJTIwJTIwJTIwJTIwJTIwJTNDaDQlM0UyMDExJTNDJTJGaDQlM0UlMEElMjAlMjAlMjAlMjAlMjAlMjAlMjAlMjAlM0MlMkZkaXYlM0UlMEElMjAlMjAlMjAlMjAlMjAlMjAlM0MlMkZsaSUzRSUwQSUwQSUyMCUyMCUyMCUyMCUyMCUyMCUyMCUyMCUyMCUyMCUyMCUyMCUzQ2xpJTNFJTBBJTIwJTIwJTIwJTIwJTIwJTIwJTIwJTIwJTNDZGl2JTIwY2xhc3MlM0QlMjJjb250ZW50JTIyJTNFJTBBJTIwJTIwJTIwJTIwJTIwJTIwJTIwJTIwJTIwJTIwJTNDaDMlM0VFcndlcmIlMjB2b24lMjBWRVNOQSUyMFNBUCUyMGluJTIwTWF6ZWRvbmllbi4lM0MlMkZoMyUzRSUwQSUyMCUyMCUyMCUyMCUyMCUyMCUyMCUyMCUzQyUyRmRpdiUzRSUwQSUyMCUyMCUyMCUyMCUyMCUyMCUyMCUyMCUzQ2RpdiUyMGNsYXNzJTNEJTIydGltZSUyMiUzRSUwQSUyMCUyMCUyMCUyMCUyMCUyMCUyMCUyMCUyMCUyMCUzQ2g0JTNFMjAxMiUzQyUyRmg0JTNFJTBBJTIwJTIwJTIwJTIwJTIwJTIwJTIwJTIwJTNDJTJGZGl2JTNFJTBBJTIwJTIwJTIwJTIwJTIwJTIwJTNDJTJGbGklM0UlMEElMEElMjAlMjAlMjAlMjAlMjAlMjAlMjAlMjAlMjAlMjAlMjAlMjAlM0NsaSUzRSUwQSUyMCUyMCUyMCUyMCUyMCUyMCUyMCUyMCUzQ2RpdiUyMGNsYXNzJTNEJTIyY29udGVudCUyMiUzRSUwQSUyMCUyMCUyMCUyMCUyMCUyMCUyMCUyMCUyMCUyMCUzQ2gzJTNFRWlud2VpaHVuZyUyMGRlcyUyMG5ldWVuJTIwSGF1cHRzaXR6ZXMlMjB2b24lMjBUQUIlMjBJdGFsaWVuLiUzQyUyRmgzJTNFJTBBJTIwJTIwJTIwJTIwJTIwJTIwJTIwJTIwJTNDJTJGZGl2JTNFJTBBJTIwJTIwJTIwJTIwJTIwJTIwJTIwJTIwJTNDZGl2JTIwY2xhc3MlM0QlMjJ0aW1lJTIyJTNFJTBBJTIwJTIwJTIwJTIwJTIwJTIwJTIwJTIwJTIwJTIwJTNDaDQlM0UyMDE2JTNDJTJGaDQlM0UlMEElMjAlMjAlMjAlMjAlMjAlMjAlMjAlMjAlM0MlMkZkaXYlM0UlMEElMjAlMjAlMjAlMjAlMjAlMjAlM0MlMkZsaSUzRSUwQSUwQSUyMCUyMCUyMCUyMCUyMCUyMCUyMCUyMCUyMCUyMCUyMCUyMCUzQ2xpJTNFJTBBJTIwJTIwJTIwJTIwJTIwJTIwJTIwJTIwJTNDZGl2JTIwY2xhc3MlM0QlMjJjb250ZW50JTIyJTNFJTBBJTIwJTIwJTIwJTIwJTIwJTIwJTIwJTIwJTIwJTIwJTNDaDMlM0VFaW53ZWlodW5nJTIwZGVzJTIwbmV1ZW4lMjBIYXVwdHNpdHplcyUyMHZvbiUyMFRBQiUyMFNwYW5pZW4uJTNDJTJGaDMlM0UlMEElMjAlMjAlMjAlMjAlMjAlMjAlMjAlMjAlM0MlMkZkaXYlM0UlMEElMjAlMjAlMjAlMjAlMjAlMjAlMjAlMjAlM0NkaXYlMjBjbGFzcyUzRCUyMnRpbWUlMjIlM0UlMEElMjAlMjAlMjAlMjAlMjAlMjAlMjAlMjAlMjAlMjAlM0NoNCUzRTIwMTclM0MlMkZoNCUzRSUwQSUyMCUyMCUyMCUyMCUyMCUyMCUyMCUyMCUzQyUyRmRpdiUzRSUwQSUyMCUyMCUyMCUyMCUyMCUyMCUzQyUyRmxpJTNFJTBBJTBBJTIwJTIwJTIwJTIwJTIwJTIwJTIwJTIwJTIwJTIwJTIwJTIwJTNDbGklM0UlMEElMjAlMjAlMjAlMjAlMjAlMjAlMjAlMjAlM0NkaXYlMjBjbGFzcyUzRCUyMmNvbnRlbnQlMjIlM0UlMEElMjAlMjAlMjAlMjAlMjAlMjAlMjAlMjAlMjAlMjAlM0NoMyUzRUVpbmYlQzMlQkNocnVuZyUyMHZvbiUyMEJhdHRlcmllbiUyMGYlQzMlQkNyJTIwTnV0emZhaHJ6ZXVnZSUyMG1pdCUyMEVsZWt0cm9seXRtaXNjaHN5c3RlbSUyMCUyOEVNUyUyOS4lM0MlMkZoMyUzRSUwQSUyMCUyMCUyMCUyMCUyMCUyMCUyMCUyMCUzQyUyRmRpdiUzRSUwQSUyMCUyMCUyMCUyMCUyMCUyMCUyMCUyMCUzQ2RpdiUyMGNsYXNzJTNEJTIydGltZSUyMiUzRSUwQSUyMCUyMCUyMCUyMCUyMCUyMCUyMCUyMCUyMCUyMCUzQ2g0JTNFMjAxOCUzQyUyRmg0JTNFJTBBJTIwJTIwJTIwJTIwJTIwJTIwJTIwJTIwJTNDJTJGZGl2JTNFJTBBJTIwJTIwJTIwJTIwJTIwJTIwJTNDJTJGbGklM0UlMEElMEElMjAlMjAlMjAlMjAlMjAlMjAlMjAlMjAlMjAlMjAlMjAlMjAlM0NsaSUzRSUwQSUyMCUyMCUyMCUyMCUyMCUyMCUyMCUyMCUzQ2RpdiUyMGNsYXNzJTNEJTIyY29udGVudCUyMiUzRSUwQSUyMCUyMCUyMCUyMCUyMCUyMCUyMCUyMCUyMCUyMCUzQ2gzJTNFT2ZmaXppZWxsZXIlMjBPRU0tQXV0b2JhdHRlcmllbGllZmVyYW50JTIwZiVDMyVCQ3IlMjBkZW4lMjBWb2xrc3dhZ2VuJTIwS29uemVybi4lMjAlM0MlMkZoMyUzRSUwQSUyMCUyMCUyMCUyMCUyMCUyMCUyMCUyMCUyMCUyMCUzQ3AlM0VQcm9kdWt0aW9uc3N0YXJ0JTIwdm9uJTIwTGktSW9uLUFudHJpZWJzYmF0dGVyaWVuLiUyMEVpbndlaWh1bmclMjBkZXIlMjBuZXVlbiUyMEIlQzMlQkNyb3MlMjB2b24lMjBUQUIlMjBDcm9hdGlhJTIwdW5kJTIwVEFCJTIwUG9sYW5kLiUzQyUyRnAlM0UlMEElMjAlMjAlMjAlMjAlMjAlMjAlMjAlMjAlM0MlMkZkaXYlM0UlMEElMjAlMjAlMjAlMjAlMjAlMjAlMjAlMjAlM0NkaXYlMjBjbGFzcyUzRCUyMnRpbWUlMjIlM0UlMEElMjAlMjAlMjAlMjAlMjAlMjAlMjAlMjAlMjAlMjAlM0NoNCUzRTIwMTklM0MlMkZoNCUzRSUwQSUyMCUyMCUyMCUyMCUyMCUyMCUyMCUyMCUzQyUyRmRpdiUzRSUwQSUyMCUyMCUyMCUyMCUyMCUyMCUzQyUyRmxpJTNFJTBBJTBBJTIwJTIwJTIwJTIwJTIwJTIwJTIwJTIwJTIwJTIwJTIwJTIwJTNDbGklM0UlMEElMjAlMjAlMjAlMjAlMjAlMjAlMjAlMjAlM0NkaXYlMjBjbGFzcyUzRCUyMmNvbnRlbnQlMjIlM0UlMEElMjAlMjAlMjAlMjAlMjAlMjAlMjAlMjAlMjAlMjAlM0NoMyUzRVByb2R1a3Rpb25zc3RhcnQlMjBkZXIlMjBUQUIlMjBQT1dFUiUyMFNRVUFSRS1CYXR0ZXJpZW4uJTNDJTJGaDMlM0UlMEElMjAlMjAlMjAlMjAlMjAlMjAlMjAlMjAlM0MlMkZkaXYlM0UlMEElMjAlMjAlMjAlMjAlMjAlMjAlMjAlMjAlM0NkaXYlMjBjbGFzcyUzRCUyMnRpbWUlMjIlM0UlMEElMjAlMjAlMjAlMjAlMjAlMjAlMjAlMjAlMjAlMjAlM0NoNCUzRTIwMjAlM0MlMkZoNCUzRSUwQSUyMCUyMCUyMCUyMCUyMCUyMCUyMCUyMCUzQyUyRmRpdiUzRSUwQSUyMCUyMCUyMCUyMCUyMCUyMCUzQyUyRmxpJTNFJTBBJTIwJTIwJTIwJTIwJTIwJTIwJTIwJTIwJTIwJTIwJTIwJTIwJTIwJTIwJTIwJTNDbGklM0UlMEElMjAlMjAlMjAlMjAlMjAlMjAlMjAlMjAlM0NkaXYlMjBjbGFzcyUzRCUyMmNvbnRlbnQlMjIlM0UlMEElMjAlMjAlMjAlMjAlMjAlMjAlMjAlMjAlMjAlMjAlM0NoMyUzRUdyJUMzJUJDbmR1bmclMjBkZXMlMjBKb2ludCUyMFZlbnR1cmUtVW50ZXJuZWhtZW5zJTIwVEFCLUhhaWRpJTIwZC5vLm8uJTIwJTNDJTJGcCUzRSUwQSUyMCUyMCUyMCUyMCUyMCUyMCUyMCUyMCUzQyUyRmRpdiUzRSUwQSUyMCUyMCUyMCUyMCUyMCUyMCUyMCUyMCUzQ2RpdiUyMGNsYXNzJTNEJTIydGltZSUyMiUzRSUwQSUyMCUyMCUyMCUyMCUyMCUyMCUyMCUyMCUyMCUyMCUzQ2g0JTNFMjAyMSUzQyUyRmg0JTNFJTBBJTIwJTIwJTIwJTIwJTIwJTIwJTIwJTIwJTNDJTJGZGl2JTNFJTBBJTIwJTIwJTIwJTIwJTIwJTIwJTNDJTJGbGklM0UlMEElMEElMEElMjAlMjAlMjAlMjAlMjAlMjAlM0NkaXYlMjBzdHlsZSUzRCUyMmNsZWFyJTNBYm90aCUzQiUyMiUzRSUzQyUyRmRpdiUzRSUwQSUyMCUyMCUyMCUyMCUzQyUyRnVsJTNFJTBBJTIwJTIwJTNDJTJGZGl2JTNFJTBB[\/vc_raw_html][\/vc_column][\/vc_row]<\/p>\n","protected":false},"excerpt":{"rendered":"<p>[vc_row][vc_column][block_title style=&#8221;column_title&#8221; inner_style=&#8221;inline_border&#8221; title=&#8221;\u00dcBER UNS&#8221;][\/block_title][vc_column_text] TAB produziert ein breites Sortiment von Blei-S\u00e4ure-, VRLA- AGM und Gel &#8211; Batterien und Li-ion Batterien in vier modernen computergesteuerten Fertigungsst\u00e4tten. TAB besch\u00e4ftigt zurzeit 1.600 Mitarbeiter in vier Produktionsbereichen: \u010crna na Koro\u0161kem, Slowenien: Produktion von Starterbatterien TAB, Topla, Vesna und VolThor (Jahreskapazit\u00e4t: 3,3 Mio. Stk), \u017derjav, Slowenien: Produktion von Industriebatterien, [&hellip;]<\/p>\n","protected":false},"author":1,"featured_media":2735,"parent":0,"menu_order":0,"comment_status":"closed","ping_status":"closed","template":"","meta":{"footnotes":""},"_links":{"self":[{"href":"https:\/\/www.tab.si\/de\/wp-json\/wp\/v2\/pages\/4497"}],"collection":[{"href":"https:\/\/www.tab.si\/de\/wp-json\/wp\/v2\/pages"}],"about":[{"href":"https:\/\/www.tab.si\/de\/wp-json\/wp\/v2\/types\/page"}],"author":[{"embeddable":true,"href":"https:\/\/www.tab.si\/de\/wp-json\/wp\/v2\/users\/1"}],"replies":[{"embeddable":true,"href":"https:\/\/www.tab.si\/de\/wp-json\/wp\/v2\/comments?post=4497"}],"version-history":[{"count":12,"href":"https:\/\/www.tab.si\/de\/wp-json\/wp\/v2\/pages\/4497\/revisions"}],"predecessor-version":[{"id":14673,"href":"https:\/\/www.tab.si\/de\/wp-json\/wp\/v2\/pages\/4497\/revisions\/14673"}],"wp:featuredmedia":[{"embeddable":true,"href":"https:\/\/www.tab.si\/de\/wp-json\/wp\/v2\/media\/2735"}],"wp:attachment":[{"href":"https:\/\/www.tab.si\/de\/wp-json\/wp\/v2\/media?parent=4497"}],"curies":[{"name":"wp","href":"https:\/\/api.w.org\/{rel}","templated":true}]}}