{"id":4491,"date":"2020-12-14T09:01:22","date_gmt":"2020-12-14T09:01:22","guid":{"rendered":"http:\/\/new.tab.si\/vision-and-mission-of-the-company\/"},"modified":"2021-03-24T12:31:47","modified_gmt":"2021-03-24T12:31:47","slug":"vision-and-mission-of-the-company","status":"publish","type":"page","link":"https:\/\/www.tab.si\/de\/vision-and-mission-of-the-company\/","title":{"rendered":"SOZIALE VERANTWORTUNG, QUALIT\u00c4T UND UMWELTPOLITIK"},"content":{"rendered":"<p>[vc_row][vc_column css=&#8221;.vc_custom_1614959665104{margin-top: 0px !important;}&#8221;][block_title style=&#8221;column_title&#8221; inner_style=&#8221;inline_border&#8221; title=&#8221;AUFGABE DES UNTERNEHMENS&#8221;][\/block_title][vc_column_text]Neben der Sorge um unsere Wettbewerbsf\u00e4higkeit und die Einzigartigkeit bei der Herstellung und Vermarktung von Blei-S\u00e4ure und anderen Batterietypen stellen wir sicher, dass der Energie- und Bewegungsfluss in der breiteren Gemeinschaft in Bewegung bleibt.[\/vc_column_text][block_title style=&#8221;column_title&#8221; inner_style=&#8221;inline_border&#8221; title=&#8221;VISION&#8221;][\/block_title][vc_column_text]Wir sind ein Unternehmen mit hoher Wettbewerbsf\u00e4higkeit im Bereich Produktion, Vertrieb und Serviceleistungen verschiedener Energiespeicherl\u00f6sungen. Wir schaffen neue M\u00e4rkte und werden den vielf\u00e4ltigen Anforderungen unserer Teilhaber gerecht.[\/vc_column_text][block_title style=&#8221;column_title&#8221; inner_style=&#8221;inline_border&#8221; title=&#8221;WERTE&#8221;][\/block_title][vc_column_text]<\/p>\n<div style=\"text-align: justify;\">\n<p>Unsere Werte sind Wettbewerbsf\u00e4higkeit und Einzigartigkeit, Innovation, Flexibilit\u00e4t, Zuverl\u00e4ssigkeit und nachhaltige Entwicklung. Neben dem Interesse an der Entwicklung, Produktion und dem Verkauf hochwertiger Produkte sind f\u00fcr das Unternehmen auch Partnerschaften mit unseren Teilhabern, die am Gesch\u00e4ft beteiligt sind, wichtig: mit Kunden, Mitarbeitern, Lieferanten, Aktion\u00e4ren, dem Staat, der lokalen Gemeinschaft und der breiteren \u00d6ffentlichkeit.<\/p>\n<p>Die Unternehmensf\u00fchrung wird alle Voraussetzungen schaffen, die notwendig sind, um die gesetzten Ziele zu erreichen und die Effizienz des Qualit\u00e4tsmanagementsystems und des Umweltmanagements kontinuierlich zu verbessern. Die Unternehmensf\u00fchrung verpflichtet sich, Bedingungen zu schaffen f\u00fcr die Entwicklung und Herstellung von Produkten, konform mit nationalen und internationalen gesetzlichen Vorschriften und Standards. Wir werden alle Anforderungen erf\u00fcllen, denen das Unternehmen zugestimmt hat, und die Anforderungen und Erwartungen der Kunden erf\u00fcllen, um deren Zufriedenheit zu steigern.<\/p>\n<p>Bei unserer T\u00e4tigkeit werden wir sicherstellen, dass unsere Auswirkungen auf die Umwelt minimal und im Rahmen der vorgeschriebenen slowenischen und internationalen Gesetze bleiben. Wir werden uns auch um die Sicherheit und Gesundheit unserer Mitarbeiter am Arbeitsplatz k\u00fcmmern und uns um ihre Motivation bem\u00fchen. Wir werden ihnen erm\u00f6glichen, notwendiges Wissen zu erlangen und so f\u00fcr die entsprechende Bef\u00e4higung der Mitarbeiter sorgen.<\/p>\n<\/div>\n<p>[\/vc_column_text][vc_custom_heading text=&#8221;ZIELE, DIE WIR UNS GESTELLT HABEN, SIND:&#8221;][vc_column_text]<\/p>\n<ul style=\"text-align: left;\">\n<li>j\u00e4hrlich 3.300.000 Starterbatterien und 1.800.000 Industrieelementen zu produzieren,<\/li>\n<li>er Entwicklung f\u00fchrender globaler Gesellschaften zu folgen, neue nachhaltige Technologien und Produkte im Bereich Blei-S\u00e4ure und andere Batterien einzuf\u00fchren,<\/li>\n<li>den Energiebedarf und die Abfallmenge pro Produkteinheit zu reduzieren<\/li>\n<li>den Energiebedarf und die Abfallmenge pro Produkteinheit zu reduzieren<\/li>\n<li>Verletzungen und gesundheitliche Sch\u00e4den am Arbeitsplatz durch Risikobewertung und st\u00e4ndige Erkennung von Gefahren zu verhindern,<\/li>\n<li>die Arbeitsschutzanforderungen f\u00fcr den maximal zul\u00e4ssigen Grenzwert des Pb-Gehalts im Blut der Mitarbeiter zu erf\u00fcllen: 200 \u03bcg Pb\/l Blut f\u00fcr Frauen und 300 \u03bcg PB\/l Blut f\u00fcr M\u00e4nner<\/li>\n<li>einen ausreichenden Gewinn f\u00fcr eine langfristige erfolgreichen T\u00e4tigkeit des Unternehmens zu erzielen.<\/li>\n<\/ul>\n<p>[\/vc_column_text][vc_column_text]Wir werden unsere Ziele nur mit vereinten Kr\u00e4ften aller Mitarbeiter und in Zusammenarbeit mit unseren Gesch\u00e4ftspartnern und anderen interessierten Parteien, die in unsere Gesch\u00e4ftst\u00e4tigkeit eingebunden sind, erreichen.[\/vc_column_text][\/vc_column][\/vc_row][vc_row][vc_column width=&#8221;2\/3&#8243;][vc_column_text]Direktor TAB d. d.<\/p>\n<p>mag.\u00a0<strong>BOGOMIR AUPRIH<\/strong><br \/>\n<img decoding=\"async\" src=\"http:\/\/new.tab.si\/wp-content\/uploads\/2021\/03\/podpis_Auprih.jpg\" width=\"100px\" \/><\/p>\n<p>&nbsp;<\/p>\n<p>Me\u017eica, Januar 2020[\/vc_column_text][\/vc_column][vc_column width=&#8221;1\/3&#8243;][media alignment=&#8221;right&#8221; animation=&#8221;none&#8221; image=&#8221;2405&#8243;][\/vc_column][\/vc_row][vc_row][vc_column][button title=&#8221;AUSSICHT&#8221; link=&#8221;http:\/\/www.tab.si\/pdf\/razno\/SOZIALE_VERANTWORTUNG_QUALITaT _2021.pdf&#8221; new_tab=&#8221;yes&#8221; icon=&#8221;moon-file-5&#8243;][\/vc_column][\/vc_row]<\/p>\n","protected":false},"excerpt":{"rendered":"<p>[vc_row][vc_column css=&#8221;.vc_custom_1614959665104{margin-top: 0px !important;}&#8221;][block_title style=&#8221;column_title&#8221; inner_style=&#8221;inline_border&#8221; title=&#8221;AUFGABE DES UNTERNEHMENS&#8221;][\/block_title][vc_column_text]Neben der Sorge um unsere Wettbewerbsf\u00e4higkeit und die Einzigartigkeit bei der Herstellung und Vermarktung von Blei-S\u00e4ure und anderen Batterietypen stellen wir sicher, dass der Energie- und Bewegungsfluss in der breiteren Gemeinschaft in Bewegung bleibt.[\/vc_column_text][block_title style=&#8221;column_title&#8221; inner_style=&#8221;inline_border&#8221; title=&#8221;VISION&#8221;][\/block_title][vc_column_text]Wir sind ein Unternehmen mit hoher Wettbewerbsf\u00e4higkeit im Bereich Produktion, Vertrieb [&hellip;]<\/p>\n","protected":false},"author":1,"featured_media":2735,"parent":0,"menu_order":0,"comment_status":"closed","ping_status":"closed","template":"","meta":{"footnotes":""},"_links":{"self":[{"href":"https:\/\/www.tab.si\/de\/wp-json\/wp\/v2\/pages\/4491"}],"collection":[{"href":"https:\/\/www.tab.si\/de\/wp-json\/wp\/v2\/pages"}],"about":[{"href":"https:\/\/www.tab.si\/de\/wp-json\/wp\/v2\/types\/page"}],"author":[{"embeddable":true,"href":"https:\/\/www.tab.si\/de\/wp-json\/wp\/v2\/users\/1"}],"replies":[{"embeddable":true,"href":"https:\/\/www.tab.si\/de\/wp-json\/wp\/v2\/comments?post=4491"}],"version-history":[{"count":7,"href":"https:\/\/www.tab.si\/de\/wp-json\/wp\/v2\/pages\/4491\/revisions"}],"predecessor-version":[{"id":10464,"href":"https:\/\/www.tab.si\/de\/wp-json\/wp\/v2\/pages\/4491\/revisions\/10464"}],"wp:featuredmedia":[{"embeddable":true,"href":"https:\/\/www.tab.si\/de\/wp-json\/wp\/v2\/media\/2735"}],"wp:attachment":[{"href":"https:\/\/www.tab.si\/de\/wp-json\/wp\/v2\/media?parent=4491"}],"curies":[{"name":"wp","href":"https:\/\/api.w.org\/{rel}","templated":true}]}}