{"id":4483,"date":"2020-12-14T09:01:55","date_gmt":"2020-12-14T09:01:55","guid":{"rendered":"http:\/\/new.tab.si\/id-card\/"},"modified":"2023-10-22T09:11:14","modified_gmt":"2023-10-22T09:11:14","slug":"id-card","status":"publish","type":"page","link":"https:\/\/www.tab.si\/de\/id-card\/","title":{"rendered":"AUSWEIS"},"content":{"rendered":"<p>[vc_row][vc_column css=&#8221;.vc_custom_1608715753259{margin-top: 30px !important;}&#8221;][block_title style=&#8221;column_title&#8221; inner_style=&#8221;inline_border&#8221; title=&#8221;AUSWEIS&#8221;][\/block_title][vc_column_text]<\/p>\n<style>\ntable {<br \/>  border-collapse: separate;<br \/>  border-spacing: 0;<br \/>  width: 100%;<br \/>}<br \/>th,<br \/>td {<br \/>  padding: 6px 15px;<br \/>}<br \/>th {<br \/>background-color: none!important;<br \/>color: white;<br \/>  text-align: left;<br \/>}<br \/>tr:first-child th:first-child {<br \/>  border-top-left-radius: 6px;<br \/>}<br \/>tr:first-child th:last-child {<br \/>  border-top-right-radius: 6px;<br \/>}<br \/>td {<br \/>  border-right: 1px solid #c6c9cc;<br \/>  border-bottom: 1px solid #c6c9cc;<br \/>}<br \/>td:first-child {<br \/>  border-left: 1px solid #c6c9cc;<br \/>}<br \/>tr:nth-child(even) td {<br \/>  background-color: white!important;<br \/>  color:white;<br \/>}<br \/>tr:last-child td:first-child {<br \/>  border-bottom-left-radius: 6px;<br \/>}<br \/>tr:last-child td:last-child {<br \/>  border-bottom-right-radius: 6px;<br \/>}<\/p>\n<\/style>\n<table style=\"border: none!important;\">\n<tbody>\n<tr>\n<td width=\"30%\"><b>Unternehmen:<\/b><\/td>\n<td>Akkumulatorenfabrik TAB d.d.<\/td>\n<\/tr>\n<tr>\n<td style=\"border: 0px!important; background-color: none!important;\" width=\"30%\"><b>Kurzform des Unternehmens::<\/b><\/td>\n<td>TAB d.d.<\/td>\n<\/tr>\n<tr>\n<td width=\"30%\"><b>Sitz:<\/b><\/td>\n<td>Polena 6, SI &#8211; 2392 Me\u017eica, Slovenija<\/td>\n<\/tr>\n<tr>\n<td width=\"30%\"><b>Rechtsform:<\/b><\/td>\n<td>Aktiengesellschaft AG<\/td>\n<\/tr>\n<tr>\n<td width=\"30%\"><b>Telefon:<\/b><\/td>\n<td>+386 2 87 02 300<\/td>\n<\/tr>\n<tr>\n<td width=\"30%\"><b>Telefax:<\/b><\/td>\n<td>+386 2 87 02 305<\/td>\n<\/tr>\n<tr>\n<td width=\"30%\"><b>E-mail:<\/b><\/td>\n<td>info@tab.si<\/td>\n<\/tr>\n<tr>\n<td width=\"30%\"><b>URL:<\/b><\/td>\n<td>www.tab.si<\/td>\n<\/tr>\n<tr>\n<td width=\"30%\"><b>Registrierung:<\/b><\/td>\n<td>Eintrag in das Register des Kreisgerichts Slovenj Gradec, Nr. des Eintrags: 10324700.<\/td>\n<\/tr>\n<tr>\n<td width=\"30%\"><b>Grundkapital<\/b><\/td>\n<td>1.081.655,82 \u20ac<\/td>\n<\/tr>\n<tr>\n<td width=\"30%\"><b>Klassifizierung der Gesellschaft:<\/b><\/td>\n<td>Wirtschaftsgesellschaften (Zakon o Gospodarskih dru\u017ebah) ist TAB ein Gro\u00dfunternehmen.<\/td>\n<\/tr>\n<tr>\n<td width=\"30%\"><b>Handelsregisternummer:<\/b><\/td>\n<td>5103363<\/td>\n<\/tr>\n<tr>\n<td width=\"30%\"><b>Steuernummer:<\/b><\/td>\n<td>SI 85852589<\/td>\n<\/tr>\n<tr>\n<td valign=\"top\" width=\"30%\"><b>Handelskonten:<\/b><\/td>\n<td>\n<ul class=\"ordinary\">\n<li>\n<div><strong>Nova Ljubljanska banka d.d. Ljubljana<\/strong>, Trg republike 2, SI &#8211; 1000 Ljubljana SWIFT: LJBASI2X<br \/>\n<strong>IBAN: SI56 02470 00119 41212<\/strong><\/div>\n<\/li>\n<li>\n<div><strong>BKS Bank AG<\/strong>, Ban\u010dna podru\u017enica, Verov\u0161kova ulica 55a, SI &#8211; 1102 Ljubljana SWIFT: BFKKSI22<br \/>\n<strong>IBAN: SI56 3500 1000 0783090<\/strong><\/div>\n<\/li>\n<li>\n<div><strong>UniCredit Banka Slovenija d.d<\/strong>., Ameri\u0161ka ulica 2, SI &#8211; 1000 Ljubljana SWIFT: BACXSI22<br \/>\n<strong>IBAN: SI56 29000 00552 79769<\/strong><\/div>\n<\/li>\n<\/ul>\n<\/td>\n<\/tr>\n<tr>\n<td width=\"30%\"><b>Chiffre der T\u00e4tigkeit:<\/b><\/td>\n<td>27.200<\/td>\n<\/tr>\n<tr>\n<td width=\"30%\"><b>Prim\u00e4re T\u00e4tigkeit:<\/b><\/td>\n<td>Produktion von Akkumulatoren, prim\u00e4ren Gliedern und Batterien. Verkaufsstelle Ljubljana, Ulica Jo\u017eeta Jame 14, Ljubljana. Verkaufsstelle Maribor, Koro\u0161ka cesta 49, Maribor<\/td>\n<\/tr>\n<tr>\n<td width=\"30%\"><b>Zahl der Besch\u00e4ftigten an 31.12.2022:<\/b><\/td>\n<td>645<\/td>\n<\/tr>\n<tr>\n<td width=\"30%\"><b>CEO:<\/b><\/td>\n<td>Roman Burja<\/td>\n<\/tr>\n<tr>\n<td width=\"30%\"><b>Revisionshaus:<\/b><\/td>\n<td>AUDIT &amp; CO d.o.o., Lendavska ulica 18, 9000 Murska Sobota.<\/td>\n<\/tr>\n<\/tbody>\n<\/table>\n<p>[\/vc_column_text][\/vc_column][\/vc_row]<\/p>\n","protected":false},"excerpt":{"rendered":"<p>[vc_row][vc_column css=&#8221;.vc_custom_1608715753259{margin-top: 30px !important;}&#8221;][block_title style=&#8221;column_title&#8221; inner_style=&#8221;inline_border&#8221; title=&#8221;AUSWEIS&#8221;][\/block_title][vc_column_text] Unternehmen: Akkumulatorenfabrik TAB d.d. Kurzform des Unternehmens:: TAB d.d. Sitz: Polena 6, SI &#8211; 2392 Me\u017eica, Slovenija Rechtsform: Aktiengesellschaft AG Telefon: +386 2 87 02 300 Telefax: +386 2 87 02 305 E-mail: info@tab.si URL: www.tab.si Registrierung: Eintrag in das Register des Kreisgerichts Slovenj Gradec, Nr. des Eintrags: [&hellip;]<\/p>\n","protected":false},"author":1,"featured_media":2735,"parent":0,"menu_order":0,"comment_status":"closed","ping_status":"closed","template":"","meta":{"footnotes":""},"_links":{"self":[{"href":"https:\/\/www.tab.si\/de\/wp-json\/wp\/v2\/pages\/4483"}],"collection":[{"href":"https:\/\/www.tab.si\/de\/wp-json\/wp\/v2\/pages"}],"about":[{"href":"https:\/\/www.tab.si\/de\/wp-json\/wp\/v2\/types\/page"}],"author":[{"embeddable":true,"href":"https:\/\/www.tab.si\/de\/wp-json\/wp\/v2\/users\/1"}],"replies":[{"embeddable":true,"href":"https:\/\/www.tab.si\/de\/wp-json\/wp\/v2\/comments?post=4483"}],"version-history":[{"count":8,"href":"https:\/\/www.tab.si\/de\/wp-json\/wp\/v2\/pages\/4483\/revisions"}],"predecessor-version":[{"id":14522,"href":"https:\/\/www.tab.si\/de\/wp-json\/wp\/v2\/pages\/4483\/revisions\/14522"}],"wp:featuredmedia":[{"embeddable":true,"href":"https:\/\/www.tab.si\/de\/wp-json\/wp\/v2\/media\/2735"}],"wp:attachment":[{"href":"https:\/\/www.tab.si\/de\/wp-json\/wp\/v2\/media?parent=4483"}],"curies":[{"name":"wp","href":"https:\/\/api.w.org\/{rel}","templated":true}]}}