{"id":4478,"date":"2020-12-14T09:02:38","date_gmt":"2020-12-14T09:02:38","guid":{"rendered":"http:\/\/new.tab.si\/agents\/"},"modified":"2026-02-02T18:20:09","modified_gmt":"2026-02-02T18:20:09","slug":"agents","status":"publish","type":"page","link":"https:\/\/www.tab.si\/de\/agents\/","title":{"rendered":"AGENTEN"},"content":{"rendered":"<p><b>Ninco (Joseph Ninos), Greece<\/b><br \/>T: +30 694 575 95 07<br \/>F: +30 210 269 05 89<\/p>\n<p><b>Vercas (Julian Revington), UK<\/b><br \/>T: +44 783 67 81 476<br \/>F: +44 161 48 74 352<\/p>\n<p><b>Repr\u00e4sentanten f\u00fcr die arabische L\u00e4nder:<\/b><\/p>\n<p><b>Ali J. Odeh,<\/b><br \/>JAMIL ODEH &amp; SONS CO,<br \/>AMMAN &#8211; JORDAN<br \/>T: +962-6-4160410 \/ 4160409<\/p>\n\n\n<p><strong>Repr\u00e4sentanten f\u00fcr GCC &amp; IRAQ:<\/strong><\/p>\n\n\n\n<p><strong>Vinod J Rawtani,<\/strong><\/p>\n\n\n\n<p>SIMCHA INTERNATIONAL LLC FZ&nbsp;<br>DUBAI, UAE<br>T: +971502402991<\/p>\n","protected":false},"excerpt":{"rendered":"<p>Ninco (Joseph Ninos), GreeceT: +30 694 575 95 07F: +30 210 269 05 89 Vercas (Julian Revington), UKT: +44 783 67 81 476F: +44 161 48 74 352 Repr\u00e4sentanten f\u00fcr die arabische L\u00e4nder: Ali J. Odeh,JAMIL ODEH &amp; SONS CO,AMMAN &#8211; JORDANT: +962-6-4160410 \/ 4160409 Repr\u00e4sentanten f\u00fcr GCC &amp; IRAQ: Vinod J Rawtani, SIMCHA INTERNATIONAL [&hellip;]<\/p>\n","protected":false},"author":1,"featured_media":3053,"parent":0,"menu_order":0,"comment_status":"closed","ping_status":"closed","template":"","meta":{"footnotes":""},"_links":{"self":[{"href":"https:\/\/www.tab.si\/de\/wp-json\/wp\/v2\/pages\/4478"}],"collection":[{"href":"https:\/\/www.tab.si\/de\/wp-json\/wp\/v2\/pages"}],"about":[{"href":"https:\/\/www.tab.si\/de\/wp-json\/wp\/v2\/types\/page"}],"author":[{"embeddable":true,"href":"https:\/\/www.tab.si\/de\/wp-json\/wp\/v2\/users\/1"}],"replies":[{"embeddable":true,"href":"https:\/\/www.tab.si\/de\/wp-json\/wp\/v2\/comments?post=4478"}],"version-history":[{"count":8,"href":"https:\/\/www.tab.si\/de\/wp-json\/wp\/v2\/pages\/4478\/revisions"}],"predecessor-version":[{"id":16901,"href":"https:\/\/www.tab.si\/de\/wp-json\/wp\/v2\/pages\/4478\/revisions\/16901"}],"wp:featuredmedia":[{"embeddable":true,"href":"https:\/\/www.tab.si\/de\/wp-json\/wp\/v2\/media\/3053"}],"wp:attachment":[{"href":"https:\/\/www.tab.si\/de\/wp-json\/wp\/v2\/media?parent=4478"}],"curies":[{"name":"wp","href":"https:\/\/api.w.org\/{rel}","templated":true}]}}